{"id":1531,"date":"2025-03-13T12:34:33","date_gmt":"2025-03-13T18:34:33","guid":{"rendered":"https:\/\/sanmiguelelalto.gob.mx\/difsma\/?page_id=1531"},"modified":"2025-03-14T09:15:56","modified_gmt":"2025-03-14T15:15:56","slug":"elementor-pagina-1531","status":"publish","type":"page","link":"https:\/\/sanmiguelelalto.gob.mx\/difsma\/elementor-pagina-1531\/","title":{"rendered":"El nombre del encargado y de los integrantes, tel\u00e9fono, fax, y correo electr\u00f3nico de Comit\u00e9 de Transparencia."},"content":{"rendered":"\t\t<div data-elementor-type=\"wp-page\" data-elementor-id=\"1531\" class=\"elementor elementor-1531\">\n\t\t\t\t<div class=\"elementor-element elementor-element-9d2b9fc e-flex e-con-boxed wpr-particle-no wpr-jarallax-no wpr-parallax-no wpr-sticky-section-no e-con e-parent\" data-id=\"9d2b9fc\" data-element_type=\"container\">\n\t\t\t\t\t<div class=\"e-con-inner\">\n\t\t\t\t<div class=\"elementor-element elementor-element-8c55166 elementor-widget elementor-widget-heading\" data-id=\"8c55166\" data-element_type=\"widget\" data-widget_type=\"heading.default\">\n\t\t\t\t<div class=\"elementor-widget-container\">\n\t\t\t\t\t<h2 class=\"elementor-heading-title elementor-size-default\">El nombre del encargado y de los integrantes, tel\u00e9fono, fax, y correo electr\u00f3nico de Comit\u00e9 de Transparencia.<span style=\"color: var( --e-global-color-primary );font-family: var( --e-global-typography-primary-font-family ), Sans-serif;font-size: 2rem;font-weight: var( --e-global-typography-primary-font-weight );text-align: var(--text-align)\"><\/span><\/h2>\t\t\t\t<\/div>\n\t\t\t\t<\/div>\n\t\t\t\t<div class=\"elementor-element elementor-element-1659760 elementor-widget-divider--view-line elementor-widget elementor-widget-divider\" data-id=\"1659760\" data-element_type=\"widget\" data-widget_type=\"divider.default\">\n\t\t\t\t<div class=\"elementor-widget-container\">\n\t\t\t\t\t\t\t<div class=\"elementor-divider\">\n\t\t\t<span class=\"elementor-divider-separator\">\n\t\t\t\t\t\t<\/span>\n\t\t<\/div>\n\t\t\t\t\t\t<\/div>\n\t\t\t\t<\/div>\n\t\t\t\t\t<\/div>\n\t\t\t\t<\/div>\n\t\t<div class=\"elementor-element elementor-element-6b6436c e-flex e-con-boxed wpr-particle-no wpr-jarallax-no wpr-parallax-no wpr-sticky-section-no e-con e-parent\" data-id=\"6b6436c\" data-element_type=\"container\">\n\t\t\t\t\t<div class=\"e-con-inner\">\n\t\t<div class=\"elementor-element elementor-element-4b8e1c2 e-con-full e-flex wpr-particle-no wpr-jarallax-no wpr-parallax-no wpr-sticky-section-no e-con e-child\" data-id=\"4b8e1c2\" data-element_type=\"container\">\n\t\t\t\t<div class=\"elementor-element elementor-element-5150ed9 elementor-widget elementor-widget-image\" data-id=\"5150ed9\" data-element_type=\"widget\" data-widget_type=\"image.default\">\n\t\t\t\t<div class=\"elementor-widget-container\">\n\t\t\t\t\t\t\t\t\t\t\t\t\t\t\t<img fetchpriority=\"high\" decoding=\"async\" width=\"218\" height=\"300\" src=\"https:\/\/sanmiguelelalto.gob.mx\/difsma\/wp-content\/uploads\/2025\/03\/foto_78-Directora_1909-218x300.jpg\" class=\"attachment-medium size-medium wp-image-1412\" alt=\"\" srcset=\"https:\/\/sanmiguelelalto.gob.mx\/difsma\/wp-content\/uploads\/2025\/03\/foto_78-Directora_1909-218x300.jpg 218w, https:\/\/sanmiguelelalto.gob.mx\/difsma\/wp-content\/uploads\/2025\/03\/foto_78-Directora_1909.jpg 731w\" sizes=\"(max-width: 218px) 100vw, 218px\" \/>\t\t\t\t\t\t\t\t\t\t\t\t\t\t\t<\/div>\n\t\t\t\t<\/div>\n\t\t\t\t<div class=\"elementor-element elementor-element-b02be85 elementor-widget elementor-widget-heading\" data-id=\"b02be85\" data-element_type=\"widget\" data-widget_type=\"heading.default\">\n\t\t\t\t<div class=\"elementor-widget-container\">\n\t\t\t\t\t<h2 class=\"elementor-heading-title elementor-size-default\"><a href=\"tel:+523477884648\">Tel\u00e9fono: 3477884648<\/a><\/h2>\t\t\t\t<\/div>\n\t\t\t\t<\/div>\n\t\t\t\t<\/div>\n\t\t<div class=\"elementor-element elementor-element-d177c6e e-con-full e-flex wpr-particle-no wpr-jarallax-no wpr-parallax-no wpr-sticky-section-no e-con e-child\" data-id=\"d177c6e\" data-element_type=\"container\">\n\t\t<div class=\"elementor-element elementor-element-ede9905 e-con-full e-flex wpr-particle-no wpr-jarallax-no wpr-parallax-no wpr-sticky-section-no e-con e-child\" data-id=\"ede9905\" data-element_type=\"container\">\n\t\t\t\t<div class=\"elementor-element elementor-element-b136be0 elementor-widget elementor-widget-heading\" data-id=\"b136be0\" data-element_type=\"widget\" data-widget_type=\"heading.default\">\n\t\t\t\t<div class=\"elementor-widget-container\">\n\t\t\t\t\t<h2 class=\"elementor-heading-title elementor-size-default\">Presidenta del comit\u00e9 de transparencia<\/h2>\t\t\t\t<\/div>\n\t\t\t\t<\/div>\n\t\t\t\t<\/div>\n\t\t<div class=\"elementor-element elementor-element-a3dfeb3 e-con-full e-flex wpr-particle-no wpr-jarallax-no wpr-parallax-no wpr-sticky-section-no e-con e-child\" data-id=\"a3dfeb3\" data-element_type=\"container\">\n\t\t\t\t<div class=\"elementor-element elementor-element-7e849ca elementor-widget elementor-widget-text-editor\" data-id=\"7e849ca\" data-element_type=\"widget\" data-widget_type=\"text-editor.default\">\n\t\t\t\t<div class=\"elementor-widget-container\">\n\t\t\t\t\t\t\t\t\t<h3>L.T.S. Cecilia del Socorro L\u00f3pez Rocha\u00a0<\/h3><h3>Correo: <a href=\"mailto:sanmiguelelalto@difjalisco.gob.mx\">sanmiguelelalto@difjalisco.gob.mx<\/a><\/h3><h3>Domicilio: <a href=\"https:\/\/www.google.com\/maps\/search\/?api=1&amp;query=Arroyo+de+minas+64,+San+Miguel+el+Alto,+Jalisco\" target=\"_blank\" rel=\"noopener\">Arroyo de minas #64<\/a><\/h3>\t\t\t\t\t\t\t\t<\/div>\n\t\t\t\t<\/div>\n\t\t\t\t<\/div>\n\t\t\t\t<\/div>\n\t\t\t\t\t<\/div>\n\t\t\t\t<\/div>\n\t\t<div class=\"elementor-element elementor-element-888f00d e-flex e-con-boxed wpr-particle-no wpr-jarallax-no wpr-parallax-no wpr-sticky-section-no e-con e-parent\" data-id=\"888f00d\" data-element_type=\"container\">\n\t\t\t\t\t<div class=\"e-con-inner\">\n\t\t\t\t\t<\/div>\n\t\t\t\t<\/div>\n\t\t<div class=\"elementor-element elementor-element-3f910ee e-flex e-con-boxed wpr-particle-no wpr-jarallax-no wpr-parallax-no wpr-sticky-section-no e-con e-parent\" data-id=\"3f910ee\" data-element_type=\"container\">\n\t\t\t\t\t<div class=\"e-con-inner\">\n\t\t<div class=\"elementor-element elementor-element-f40fd37 e-con-full e-flex wpr-particle-no wpr-jarallax-no wpr-parallax-no wpr-sticky-section-no e-con e-child\" data-id=\"f40fd37\" data-element_type=\"container\">\n\t\t\t\t<div class=\"elementor-element elementor-element-a0ebe05 elementor-widget elementor-widget-image\" data-id=\"a0ebe05\" data-element_type=\"widget\" data-widget_type=\"image.default\">\n\t\t\t\t<div class=\"elementor-widget-container\">\n\t\t\t\t\t\t\t\t\t\t\t\t\t\t\t<img decoding=\"async\" width=\"225\" height=\"300\" src=\"https:\/\/sanmiguelelalto.gob.mx\/difsma\/wp-content\/uploads\/2025\/03\/Cesar-225x300.jpg\" class=\"attachment-medium size-medium wp-image-1586\" alt=\"\" srcset=\"https:\/\/sanmiguelelalto.gob.mx\/difsma\/wp-content\/uploads\/2025\/03\/Cesar-225x300.jpg 225w, https:\/\/sanmiguelelalto.gob.mx\/difsma\/wp-content\/uploads\/2025\/03\/Cesar-768x1024.jpg 768w, https:\/\/sanmiguelelalto.gob.mx\/difsma\/wp-content\/uploads\/2025\/03\/Cesar.jpg 960w\" sizes=\"(max-width: 225px) 100vw, 225px\" \/>\t\t\t\t\t\t\t\t\t\t\t\t\t\t\t<\/div>\n\t\t\t\t<\/div>\n\t\t\t\t<div class=\"elementor-element elementor-element-6151014 elementor-widget elementor-widget-heading\" data-id=\"6151014\" data-element_type=\"widget\" data-widget_type=\"heading.default\">\n\t\t\t\t<div class=\"elementor-widget-container\">\n\t\t\t\t\t<h2 class=\"elementor-heading-title elementor-size-default\"><a href=\"tel:+523477884648\">Tel\u00e9fono: 3477884648<\/a><\/h2>\t\t\t\t<\/div>\n\t\t\t\t<\/div>\n\t\t\t\t<\/div>\n\t\t<div class=\"elementor-element elementor-element-c6c2836 e-con-full e-flex wpr-particle-no wpr-jarallax-no wpr-parallax-no wpr-sticky-section-no e-con e-child\" data-id=\"c6c2836\" data-element_type=\"container\">\n\t\t<div class=\"elementor-element elementor-element-c99b89b e-con-full e-flex wpr-particle-no wpr-jarallax-no wpr-parallax-no wpr-sticky-section-no e-con e-child\" data-id=\"c99b89b\" data-element_type=\"container\">\n\t\t<div class=\"elementor-element elementor-element-490c516 e-con-full e-flex wpr-particle-no wpr-jarallax-no wpr-parallax-no wpr-sticky-section-no e-con e-child\" data-id=\"490c516\" data-element_type=\"container\">\n\t\t\t\t<div class=\"elementor-element elementor-element-b8c48de elementor-widget elementor-widget-heading\" data-id=\"b8c48de\" data-element_type=\"widget\" data-widget_type=\"heading.default\">\n\t\t\t\t<div class=\"elementor-widget-container\">\n\t\t\t\t\t<h2 class=\"elementor-heading-title elementor-size-default\">Secretario del comit\u00e9 de transparencia<\/h2>\t\t\t\t<\/div>\n\t\t\t\t<\/div>\n\t\t\t\t<\/div>\n\t\t\t\t<\/div>\n\t\t<div class=\"elementor-element elementor-element-560f1f1 e-con-full e-flex wpr-particle-no wpr-jarallax-no wpr-parallax-no wpr-sticky-section-no e-con e-child\" data-id=\"560f1f1\" data-element_type=\"container\">\n\t\t<div class=\"elementor-element elementor-element-b99456a e-con-full e-flex wpr-particle-no wpr-jarallax-no wpr-parallax-no wpr-sticky-section-no e-con e-child\" data-id=\"b99456a\" data-element_type=\"container\">\n\t\t\t\t<div class=\"elementor-element elementor-element-5b58bd6 elementor-widget elementor-widget-text-editor\" data-id=\"5b58bd6\" data-element_type=\"widget\" data-widget_type=\"text-editor.default\">\n\t\t\t\t<div class=\"elementor-widget-container\">\n\t\t\t\t\t\t\t\t\t<h3>L.C.P. C\u00e9sar Alejandro S\u00e1nchez Mart\u00edn\u00a0\u00a0<\/h3><h3>Correo: <a href=\"mailto:transparenciadif@sanmiguelelalto.gob.mx\">transparenciadif@sanmiguelelalto.gob.mx<\/a><\/h3><h3>Domicilio: <a href=\"https:\/\/www.google.com\/maps\/search\/?api=1&amp;query=Arroyo+de+minas+64,+San+Miguel+el+Alto,+Jalisco\" target=\"_blank\" rel=\"noopener\">Arroyo de minas #64<\/a><\/h3>\t\t\t\t\t\t\t\t<\/div>\n\t\t\t\t<\/div>\n\t\t\t\t<\/div>\n\t\t\t\t<\/div>\n\t\t\t\t<\/div>\n\t\t\t\t\t<\/div>\n\t\t\t\t<\/div>\n\t\t<div class=\"elementor-element elementor-element-e2bc1d3 e-flex e-con-boxed wpr-particle-no wpr-jarallax-no wpr-parallax-no wpr-sticky-section-no e-con e-parent\" data-id=\"e2bc1d3\" data-element_type=\"container\">\n\t\t\t\t\t<div class=\"e-con-inner\">\n\t\t\t\t\t<\/div>\n\t\t\t\t<\/div>\n\t\t<div class=\"elementor-element elementor-element-be8f10b e-flex e-con-boxed wpr-particle-no wpr-jarallax-no wpr-parallax-no wpr-sticky-section-no e-con e-parent\" data-id=\"be8f10b\" data-element_type=\"container\">\n\t\t\t\t\t<div class=\"e-con-inner\">\n\t\t<div class=\"elementor-element elementor-element-7ec8c82 e-con-full e-flex wpr-particle-no wpr-jarallax-no wpr-parallax-no wpr-sticky-section-no e-con e-child\" data-id=\"7ec8c82\" data-element_type=\"container\">\n\t\t\t\t<div class=\"elementor-element elementor-element-19935cb elementor-widget elementor-widget-image\" data-id=\"19935cb\" data-element_type=\"widget\" data-widget_type=\"image.default\">\n\t\t\t\t<div class=\"elementor-widget-container\">\n\t\t\t\t\t\t\t\t\t\t\t\t\t\t\t<img decoding=\"async\" width=\"225\" height=\"300\" src=\"https:\/\/sanmiguelelalto.gob.mx\/difsma\/wp-content\/uploads\/2025\/03\/Patricia-225x300.jpg\" class=\"attachment-medium size-medium wp-image-1555\" alt=\"\" srcset=\"https:\/\/sanmiguelelalto.gob.mx\/difsma\/wp-content\/uploads\/2025\/03\/Patricia-225x300.jpg 225w, https:\/\/sanmiguelelalto.gob.mx\/difsma\/wp-content\/uploads\/2025\/03\/Patricia-768x1024.jpg 768w, https:\/\/sanmiguelelalto.gob.mx\/difsma\/wp-content\/uploads\/2025\/03\/Patricia-1152x1536.jpg 1152w, https:\/\/sanmiguelelalto.gob.mx\/difsma\/wp-content\/uploads\/2025\/03\/Patricia.jpg 1200w\" sizes=\"(max-width: 225px) 100vw, 225px\" \/>\t\t\t\t\t\t\t\t\t\t\t\t\t\t\t<\/div>\n\t\t\t\t<\/div>\n\t\t\t\t<div class=\"elementor-element elementor-element-5c07a21 elementor-widget elementor-widget-heading\" data-id=\"5c07a21\" data-element_type=\"widget\" data-widget_type=\"heading.default\">\n\t\t\t\t<div class=\"elementor-widget-container\">\n\t\t\t\t\t<h2 class=\"elementor-heading-title elementor-size-default\"><a href=\"tel:+523477884648\">Tel\u00e9fono: 3477884648<\/a><\/h2>\t\t\t\t<\/div>\n\t\t\t\t<\/div>\n\t\t\t\t<\/div>\n\t\t<div class=\"elementor-element elementor-element-502fb24 e-con-full e-flex wpr-particle-no wpr-jarallax-no wpr-parallax-no wpr-sticky-section-no e-con e-child\" data-id=\"502fb24\" data-element_type=\"container\">\n\t\t<div class=\"elementor-element elementor-element-e316840 e-con-full e-flex wpr-particle-no wpr-jarallax-no wpr-parallax-no wpr-sticky-section-no e-con e-child\" data-id=\"e316840\" data-element_type=\"container\">\n\t\t\t\t<div class=\"elementor-element elementor-element-46e8782 elementor-widget elementor-widget-heading\" data-id=\"46e8782\" data-element_type=\"widget\" data-widget_type=\"heading.default\">\n\t\t\t\t<div class=\"elementor-widget-container\">\n\t\t\t\t\t<h2 class=\"elementor-heading-title elementor-size-default\">\u00d3rgano de control interno del comit\u00e9 de transparencia<\/h2>\t\t\t\t<\/div>\n\t\t\t\t<\/div>\n\t\t\t\t<\/div>\n\t\t<div class=\"elementor-element elementor-element-261d672 e-con-full e-flex wpr-particle-no wpr-jarallax-no wpr-parallax-no wpr-sticky-section-no e-con e-child\" data-id=\"261d672\" data-element_type=\"container\">\n\t\t\t\t<div class=\"elementor-element elementor-element-52049be elementor-widget elementor-widget-text-editor\" data-id=\"52049be\" data-element_type=\"widget\" data-widget_type=\"text-editor.default\">\n\t\t\t\t<div class=\"elementor-widget-container\">\n\t\t\t\t\t\t\t\t\t<h3 style=\"font-family: Roboto, sans-serif; color: #7a7a7a;\">Lic. Patricia Noem\u00ed Ram\u00edrez Monta\u00f1o<\/h3><h3 style=\"font-family: Roboto, sans-serif; color: #7a7a7a;\">Correo: <a href=\"mailto:dif@sanmiguelelalto.gob.mx\">dif@sanmiguelelalto.gob.mx<\/a><\/h3><h3 style=\"font-family: Roboto, sans-serif; color: #7a7a7a;\">Domicilio: <a href=\"https:\/\/www.google.com\/maps\/search\/?api=1&amp;query=Arroyo+de+minas+64,+San+Miguel+el+Alto,+Jalisco\" target=\"_blank\" rel=\"noopener\">Arroyo de minas #64<\/a><\/h3>\t\t\t\t\t\t\t\t<\/div>\n\t\t\t\t<\/div>\n\t\t\t\t<\/div>\n\t\t\t\t<\/div>\n\t\t\t\t\t<\/div>\n\t\t\t\t<\/div>\n\t\t<div class=\"elementor-element elementor-element-08c4ce9 e-flex e-con-boxed wpr-particle-no wpr-jarallax-no wpr-parallax-no wpr-sticky-section-no e-con e-parent\" data-id=\"08c4ce9\" data-element_type=\"container\">\n\t\t\t\t\t<div class=\"e-con-inner\">\n\t\t\t\t\t<\/div>\n\t\t\t\t<\/div>\n\t\t\t\t<\/div>\n\t\t","protected":false},"excerpt":{"rendered":"<p>El nombre del encargado y de los integrantes, tel\u00e9fono, fax, y correo electr\u00f3nico de Comit\u00e9 de Transparencia. Tel\u00e9fono: 3477884648 Presidenta del comit\u00e9 de transparencia L.T.S. Cecilia del Socorro L\u00f3pez Rocha\u00a0 Correo: sanmiguelelalto@difjalisco.gob.mx Domicilio: Arroyo de minas #64 Tel\u00e9fono: 3477884648 Secretario del comit\u00e9 de transparencia L.C.P. C\u00e9sar Alejandro S\u00e1nchez Mart\u00edn\u00a0\u00a0 Correo: transparenciadif@sanmiguelelalto.gob.mx Domicilio: Arroyo de minas #64 Tel\u00e9fono: 3477884648 \u00d3rgano de control interno del comit\u00e9 de transparencia Lic. Patricia Noem\u00ed Ram\u00edrez Monta\u00f1o Correo: dif@sanmiguelelalto.gob.mx Domicilio: Arroyo de minas #64<\/p>\n","protected":false},"author":2,"featured_media":0,"parent":0,"menu_order":0,"comment_status":"closed","ping_status":"closed","template":"","meta":{"footnotes":""},"class_list":["post-1531","page","type-page","status-publish","hentry"],"_links":{"self":[{"href":"https:\/\/sanmiguelelalto.gob.mx\/difsma\/wp-json\/wp\/v2\/pages\/1531","targetHints":{"allow":["GET"]}}],"collection":[{"href":"https:\/\/sanmiguelelalto.gob.mx\/difsma\/wp-json\/wp\/v2\/pages"}],"about":[{"href":"https:\/\/sanmiguelelalto.gob.mx\/difsma\/wp-json\/wp\/v2\/types\/page"}],"author":[{"embeddable":true,"href":"https:\/\/sanmiguelelalto.gob.mx\/difsma\/wp-json\/wp\/v2\/users\/2"}],"replies":[{"embeddable":true,"href":"https:\/\/sanmiguelelalto.gob.mx\/difsma\/wp-json\/wp\/v2\/comments?post=1531"}],"version-history":[{"count":79,"href":"https:\/\/sanmiguelelalto.gob.mx\/difsma\/wp-json\/wp\/v2\/pages\/1531\/revisions"}],"predecessor-version":[{"id":1688,"href":"https:\/\/sanmiguelelalto.gob.mx\/difsma\/wp-json\/wp\/v2\/pages\/1531\/revisions\/1688"}],"wp:attachment":[{"href":"https:\/\/sanmiguelelalto.gob.mx\/difsma\/wp-json\/wp\/v2\/media?parent=1531"}],"curies":[{"name":"wp","href":"https:\/\/api.w.org\/{rel}","templated":true}]}}