{"id":1629,"date":"2025-03-13T15:04:29","date_gmt":"2025-03-13T21:04:29","guid":{"rendered":"https:\/\/sanmiguelelalto.gob.mx\/difsma\/?page_id=1629"},"modified":"2025-03-13T15:13:38","modified_gmt":"2025-03-13T21:13:38","slug":"el-manual-y-formato-de-solicitud-de-informacion-publica","status":"publish","type":"page","link":"https:\/\/sanmiguelelalto.gob.mx\/difsma\/el-manual-y-formato-de-solicitud-de-informacion-publica\/","title":{"rendered":"El manual y formato de solicitud de informaci\u00f3n p\u00fablica."},"content":{"rendered":"\t\t<div data-elementor-type=\"wp-page\" data-elementor-id=\"1629\" class=\"elementor elementor-1629\">\n\t\t\t\t<div class=\"elementor-element elementor-element-954445a e-flex e-con-boxed wpr-particle-no wpr-jarallax-no wpr-parallax-no wpr-sticky-section-no e-con e-parent\" data-id=\"954445a\" data-element_type=\"container\">\n\t\t\t\t\t<div class=\"e-con-inner\">\n\t\t\t\t<div class=\"elementor-element elementor-element-b756a27 elementor-widget elementor-widget-heading\" data-id=\"b756a27\" data-element_type=\"widget\" data-widget_type=\"heading.default\">\n\t\t\t\t<div class=\"elementor-widget-container\">\n\t\t\t\t\t<h1 class=\"elementor-heading-title elementor-size-default\">El manual y formato de solicitud de informaci\u00f3n p\u00fablica.<\/h1>\t\t\t\t<\/div>\n\t\t\t\t<\/div>\n\t\t\t\t\t<\/div>\n\t\t\t\t<\/div>\n\t\t<div class=\"elementor-element elementor-element-c685005 e-flex e-con-boxed wpr-particle-no wpr-jarallax-no wpr-parallax-no wpr-sticky-section-no e-con e-parent\" data-id=\"c685005\" data-element_type=\"container\">\n\t\t\t\t\t<div class=\"e-con-inner\">\n\t\t\t\t<div class=\"elementor-element elementor-element-f1e71b1 elementor-widget-divider--view-line elementor-widget elementor-widget-divider\" data-id=\"f1e71b1\" data-element_type=\"widget\" data-widget_type=\"divider.default\">\n\t\t\t\t<div class=\"elementor-widget-container\">\n\t\t\t\t\t\t\t<div class=\"elementor-divider\">\n\t\t\t<span class=\"elementor-divider-separator\">\n\t\t\t\t\t\t<\/span>\n\t\t<\/div>\n\t\t\t\t\t\t<\/div>\n\t\t\t\t<\/div>\n\t\t\t\t\t<\/div>\n\t\t\t\t<\/div>\n\t\t<div class=\"elementor-element elementor-element-78a9784 e-flex e-con-boxed wpr-particle-no wpr-jarallax-no wpr-parallax-no wpr-sticky-section-no e-con e-parent\" data-id=\"78a9784\" data-element_type=\"container\">\n\t\t\t\t\t<div class=\"e-con-inner\">\n\t\t\t\t<div class=\"elementor-element elementor-element-1730ae8 elementor-widget elementor-widget-heading\" data-id=\"1730ae8\" data-element_type=\"widget\" data-widget_type=\"heading.default\">\n\t\t\t\t<div class=\"elementor-widget-container\">\n\t\t\t\t\t<h2 class=\"elementor-heading-title elementor-size-default\">MANUAL<\/h2>\t\t\t\t<\/div>\n\t\t\t\t<\/div>\n\t\t\t\t\t<\/div>\n\t\t\t\t<\/div>\n\t\t<div class=\"elementor-element elementor-element-a53196b e-flex e-con-boxed wpr-particle-no wpr-jarallax-no wpr-parallax-no wpr-sticky-section-no e-con e-parent\" data-id=\"a53196b\" data-element_type=\"container\">\n\t\t\t\t\t<div class=\"e-con-inner\">\n\t\t\t\t<div class=\"elementor-element elementor-element-aa1213a elementor-widget elementor-widget-text-editor\" data-id=\"aa1213a\" data-element_type=\"widget\" data-widget_type=\"text-editor.default\">\n\t\t\t\t<div class=\"elementor-widget-container\">\n\t\t\t\t\t\t\t\t\t<p><strong>Solicitud electr\u00f3nica:<\/strong><\/p>\n<p>Para ingresar una solicitud de informaci\u00f3n electr\u00f3nica, le invitamos a unirse al Sistema INFOMEX, a trav\u00e9s de los siguientes pasos:<\/p>\n<p>1. Ingresar al sistema en<a href=\"http:\/\/www.infomexjalisco.org.mx\"> www.infomexjalisco.org.mx<\/a> y te solicitar\u00e1 registrarte. Nota. \u00abEs importante guardar el usuario y la contrase\u00f1a que se te proporcionar\u00e1\u00bb.<\/p>\n<p>2. El sistema te guiar\u00e1 para presentar la solicitud.<\/p>\n<p>3. Se dar\u00e1 contestaci\u00f3n por el sistema INFOMEX, a partir de 5 d\u00edas h\u00e1biles (contando un d\u00eda despu\u00e9s de que se ingreso la solicitud), y ah\u00ed podr\u00e1 ver la respuesta.<\/p>\n<p>4. Estar revisando peri\u00f3dicamente su cuenta de informe para las resoluciones que se vayan brindando.<\/p>\n<p><br><\/p>\n<p><br><\/p>\t\t\t\t\t\t\t\t<\/div>\n\t\t\t\t<\/div>\n\t\t\t\t\t<\/div>\n\t\t\t\t<\/div>\n\t\t\t\t<\/div>\n\t\t","protected":false},"excerpt":{"rendered":"<p>El manual y formato de solicitud de informaci\u00f3n p\u00fablica. MANUAL Solicitud electr\u00f3nica: Para ingresar una solicitud de informaci\u00f3n electr\u00f3nica, le invitamos a unirse al Sistema INFOMEX, a trav\u00e9s de los siguientes pasos: 1. Ingresar al sistema en www.infomexjalisco.org.mx y te solicitar\u00e1 registrarte. Nota. \u00abEs importante guardar el usuario y la contrase\u00f1a que se te proporcionar\u00e1\u00bb. 2. El sistema te guiar\u00e1 para presentar la solicitud. 3. Se dar\u00e1 contestaci\u00f3n por el sistema INFOMEX, a partir de 5 d\u00edas h\u00e1biles (contando un d\u00eda despu\u00e9s de que se ingreso la solicitud), y ah\u00ed podr\u00e1 ver la respuesta. 4. Estar revisando peri\u00f3dicamente su cuenta de informe para las resoluciones que se vayan brindando.<\/p>\n","protected":false},"author":2,"featured_media":0,"parent":0,"menu_order":0,"comment_status":"closed","ping_status":"closed","template":"","meta":{"footnotes":""},"class_list":["post-1629","page","type-page","status-publish","hentry"],"_links":{"self":[{"href":"https:\/\/sanmiguelelalto.gob.mx\/difsma\/wp-json\/wp\/v2\/pages\/1629","targetHints":{"allow":["GET"]}}],"collection":[{"href":"https:\/\/sanmiguelelalto.gob.mx\/difsma\/wp-json\/wp\/v2\/pages"}],"about":[{"href":"https:\/\/sanmiguelelalto.gob.mx\/difsma\/wp-json\/wp\/v2\/types\/page"}],"author":[{"embeddable":true,"href":"https:\/\/sanmiguelelalto.gob.mx\/difsma\/wp-json\/wp\/v2\/users\/2"}],"replies":[{"embeddable":true,"href":"https:\/\/sanmiguelelalto.gob.mx\/difsma\/wp-json\/wp\/v2\/comments?post=1629"}],"version-history":[{"count":13,"href":"https:\/\/sanmiguelelalto.gob.mx\/difsma\/wp-json\/wp\/v2\/pages\/1629\/revisions"}],"predecessor-version":[{"id":1647,"href":"https:\/\/sanmiguelelalto.gob.mx\/difsma\/wp-json\/wp\/v2\/pages\/1629\/revisions\/1647"}],"wp:attachment":[{"href":"https:\/\/sanmiguelelalto.gob.mx\/difsma\/wp-json\/wp\/v2\/media?parent=1629"}],"curies":[{"name":"wp","href":"https:\/\/api.w.org\/{rel}","templated":true}]}}