{"id":1654,"date":"2025-03-14T08:41:26","date_gmt":"2025-03-14T14:41:26","guid":{"rendered":"https:\/\/sanmiguelelalto.gob.mx\/difsma\/?page_id=1654"},"modified":"2025-03-14T08:43:51","modified_gmt":"2025-03-14T14:43:51","slug":"indice-de-los-expedientes-clasificados-como-reservados-por-area-responsable-de-la-informacion-y-tema","status":"publish","type":"page","link":"https:\/\/sanmiguelelalto.gob.mx\/difsma\/indice-de-los-expedientes-clasificados-como-reservados-por-area-responsable-de-la-informacion-y-tema\/","title":{"rendered":"\u00cdndice de los expedientes clasificados como reservados, por \u00e1rea responsable de la informaci\u00f3n y tema"},"content":{"rendered":"\t\t<div data-elementor-type=\"wp-page\" data-elementor-id=\"1654\" class=\"elementor elementor-1654\">\n\t\t\t\t<div class=\"elementor-element elementor-element-1998a36 e-flex e-con-boxed wpr-particle-no wpr-jarallax-no wpr-parallax-no wpr-sticky-section-no e-con e-parent\" data-id=\"1998a36\" data-element_type=\"container\">\n\t\t\t\t\t<div class=\"e-con-inner\">\n\t\t\t\t<div class=\"elementor-element elementor-element-7fbe36b elementor-widget elementor-widget-heading\" data-id=\"7fbe36b\" data-element_type=\"widget\" data-widget_type=\"heading.default\">\n\t\t\t\t<div class=\"elementor-widget-container\">\n\t\t\t\t\t<h1 class=\"elementor-heading-title elementor-size-default\">\u00cdndice de los expedientes clasificados como reservados, por \u00e1rea responsable de la informaci\u00f3n y tema<\/h1>\t\t\t\t<\/div>\n\t\t\t\t<\/div>\n\t\t\t\t\t<\/div>\n\t\t\t\t<\/div>\n\t\t<div class=\"elementor-element elementor-element-bb125a5 e-flex e-con-boxed wpr-particle-no wpr-jarallax-no wpr-parallax-no wpr-sticky-section-no e-con e-parent\" data-id=\"bb125a5\" data-element_type=\"container\">\n\t\t\t\t\t<div class=\"e-con-inner\">\n\t\t\t\t<div class=\"elementor-element elementor-element-ba82c1a elementor-widget elementor-widget-heading\" data-id=\"ba82c1a\" data-element_type=\"widget\" data-widget_type=\"heading.default\">\n\t\t\t\t<div class=\"elementor-widget-container\">\n\t\t\t\t\t<h3 class=\"elementor-heading-title elementor-size-default\">NO SE HAN CLASIFICADO DOCUMENTOS CON INFORMACION RESERVADA DE OCTUBRE 2018 A MARZO 2022<\/h3>\t\t\t\t<\/div>\n\t\t\t\t<\/div>\n\t\t\t\t\t<\/div>\n\t\t\t\t<\/div>\n\t\t\t\t<\/div>\n\t\t","protected":false},"excerpt":{"rendered":"<p>\u00cdndice de los expedientes clasificados como reservados, por \u00e1rea responsable de la informaci\u00f3n y tema NO SE HAN CLASIFICADO DOCUMENTOS CON INFORMACION RESERVADA DE OCTUBRE 2018 A MARZO 2022<\/p>\n","protected":false},"author":2,"featured_media":0,"parent":0,"menu_order":0,"comment_status":"closed","ping_status":"closed","template":"","meta":{"footnotes":""},"class_list":["post-1654","page","type-page","status-publish","hentry"],"_links":{"self":[{"href":"https:\/\/sanmiguelelalto.gob.mx\/difsma\/wp-json\/wp\/v2\/pages\/1654","targetHints":{"allow":["GET"]}}],"collection":[{"href":"https:\/\/sanmiguelelalto.gob.mx\/difsma\/wp-json\/wp\/v2\/pages"}],"about":[{"href":"https:\/\/sanmiguelelalto.gob.mx\/difsma\/wp-json\/wp\/v2\/types\/page"}],"author":[{"embeddable":true,"href":"https:\/\/sanmiguelelalto.gob.mx\/difsma\/wp-json\/wp\/v2\/users\/2"}],"replies":[{"embeddable":true,"href":"https:\/\/sanmiguelelalto.gob.mx\/difsma\/wp-json\/wp\/v2\/comments?post=1654"}],"version-history":[{"count":4,"href":"https:\/\/sanmiguelelalto.gob.mx\/difsma\/wp-json\/wp\/v2\/pages\/1654\/revisions"}],"predecessor-version":[{"id":1658,"href":"https:\/\/sanmiguelelalto.gob.mx\/difsma\/wp-json\/wp\/v2\/pages\/1654\/revisions\/1658"}],"wp:attachment":[{"href":"https:\/\/sanmiguelelalto.gob.mx\/difsma\/wp-json\/wp\/v2\/media?parent=1654"}],"curies":[{"name":"wp","href":"https:\/\/api.w.org\/{rel}","templated":true}]}}