{"id":1663,"date":"2025-03-14T08:48:40","date_gmt":"2025-03-14T14:48:40","guid":{"rendered":"https:\/\/sanmiguelelalto.gob.mx\/difsma\/?page_id=1663"},"modified":"2025-03-15T19:19:38","modified_gmt":"2025-03-16T01:19:38","slug":"la-estadistica-de-las-solicitudes-de-informacion-publica-atendidas-precisando-las-procedentes-parcialmente-procedentes-e-improcedentes-asi-como-la-estadistica-de-visitas-a-su-sistema-de-consulta-el","status":"publish","type":"page","link":"https:\/\/sanmiguelelalto.gob.mx\/difsma\/la-estadistica-de-las-solicitudes-de-informacion-publica-atendidas-precisando-las-procedentes-parcialmente-procedentes-e-improcedentes-asi-como-la-estadistica-de-visitas-a-su-sistema-de-consulta-el\/","title":{"rendered":"La estad\u00edstica de las solicitudes de informaci\u00f3n p\u00fablica atendidas, precisando las procedentes, parcialmente procedentes e improcedentes; as\u00ed como la estad\u00edstica de visitas a su sistema de consulta electr\u00f3nica."},"content":{"rendered":"\t\t<div data-elementor-type=\"wp-page\" data-elementor-id=\"1663\" class=\"elementor elementor-1663\">\n\t\t\t\t<div class=\"elementor-element elementor-element-28e3d49 e-flex e-con-boxed wpr-particle-no wpr-jarallax-no wpr-parallax-no wpr-sticky-section-no e-con e-parent\" data-id=\"28e3d49\" data-element_type=\"container\">\n\t\t\t\t\t<div class=\"e-con-inner\">\n\t\t\t\t<div class=\"elementor-element elementor-element-33eb0f3 elementor-widget elementor-widget-heading\" data-id=\"33eb0f3\" data-element_type=\"widget\" data-widget_type=\"heading.default\">\n\t\t\t\t<div class=\"elementor-widget-container\">\n\t\t\t\t\t<h2 class=\"elementor-heading-title elementor-size-default\">La estad\u00edstica de las solicitudes de informaci\u00f3n p\u00fablica atendidas, precisando las procedentes, parcialmente procedentes e improcedentes; as\u00ed como la estad\u00edstica de visitas a su sistema de consulta electr\u00f3nica.<\/h2>\t\t\t\t<\/div>\n\t\t\t\t<\/div>\n\t\t\t\t\t<\/div>\n\t\t\t\t<\/div>\n\t\t<div class=\"elementor-element elementor-element-a59a241 e-flex e-con-boxed wpr-particle-no wpr-jarallax-no wpr-parallax-no wpr-sticky-section-no e-con e-parent\" data-id=\"a59a241\" data-element_type=\"container\">\n\t\t\t\t\t<div class=\"e-con-inner\">\n\t\t\t\t<div class=\"elementor-element elementor-element-e3ddddd elementor-widget elementor-widget-heading\" data-id=\"e3ddddd\" data-element_type=\"widget\" data-widget_type=\"heading.default\">\n\t\t\t\t<div class=\"elementor-widget-container\">\n\t\t\t\t\t<h2 class=\"elementor-heading-title elementor-size-default\">2023<\/h2>\t\t\t\t<\/div>\n\t\t\t\t<\/div>\n\t\t\t\t\t<\/div>\n\t\t\t\t<\/div>\n\t\t<div class=\"elementor-element elementor-element-3aa1f3a e-flex e-con-boxed wpr-particle-no wpr-jarallax-no wpr-parallax-no wpr-sticky-section-no e-con e-parent\" data-id=\"3aa1f3a\" data-element_type=\"container\">\n\t\t\t\t\t<div class=\"e-con-inner\">\n\t\t\t\t<div class=\"elementor-element elementor-element-155c3bb elementor-widget elementor-widget-text-editor\" data-id=\"155c3bb\" data-element_type=\"widget\" data-widget_type=\"text-editor.default\">\n\t\t\t\t<div class=\"elementor-widget-container\">\n\t\t\t\t\t\t\t\t\t<p><a href=\"https:\/\/sanmiguelelalto.gob.mx\/difsma\/wp-content\/uploads\/2025\/03\/REPORTE_DE_ENERO_2023-1.pdf\" target=\"_blank\" rel=\"noopener\">Enero<\/a> | <a href=\"https:\/\/sanmiguelelalto.gob.mx\/difsma\/wp-content\/uploads\/2025\/03\/REPORTE_DE_FEBRERO_2023.pdf\" target=\"_blank\" rel=\"noopener\">Febrero<\/a> | <a href=\"https:\/\/sanmiguelelalto.gob.mx\/difsma\/wp-content\/uploads\/2025\/03\/REPORTE_DE_MARZO_2023.pdf\" target=\"_blank\" rel=\"noopener\">Marzo<\/a> | <a href=\"https:\/\/sanmiguelelalto.gob.mx\/difsma\/wp-content\/uploads\/2025\/03\/REPORTE_DE_ABRIL_2023-2.pdf\" target=\"_blank\" rel=\"noopener\">Abril<\/a> | <a href=\"https:\/\/sanmiguelelalto.gob.mx\/difsma\/wp-content\/uploads\/2025\/03\/REPORTE_DE_MAYO_2023.pdf\" target=\"_blank\" rel=\"noopener\">Mayo<\/a><\/p>\t\t\t\t\t\t\t\t<\/div>\n\t\t\t\t<\/div>\n\t\t\t\t\t<\/div>\n\t\t\t\t<\/div>\n\t\t<div class=\"elementor-element elementor-element-ce13ed1 e-flex e-con-boxed wpr-particle-no wpr-jarallax-no wpr-parallax-no wpr-sticky-section-no e-con e-parent\" data-id=\"ce13ed1\" data-element_type=\"container\">\n\t\t\t\t\t<div class=\"e-con-inner\">\n\t\t\t\t<div class=\"elementor-element elementor-element-8ee7a23 elementor-widget elementor-widget-heading\" data-id=\"8ee7a23\" data-element_type=\"widget\" data-widget_type=\"heading.default\">\n\t\t\t\t<div class=\"elementor-widget-container\">\n\t\t\t\t\t<h2 class=\"elementor-heading-title elementor-size-default\">2022<\/h2>\t\t\t\t<\/div>\n\t\t\t\t<\/div>\n\t\t\t\t<div class=\"elementor-element elementor-element-abe9392 elementor-widget elementor-widget-text-editor\" data-id=\"abe9392\" data-element_type=\"widget\" data-widget_type=\"text-editor.default\">\n\t\t\t\t<div class=\"elementor-widget-container\">\n\t\t\t\t\t\t\t\t\t<p><a href=\"https:\/\/sanmiguelelalto.gob.mx\/difsma\/wp-content\/uploads\/2025\/03\/ENERO_2022.pdf\" target=\"_blank\" rel=\"noopener\">Enero<\/a> | <a href=\"https:\/\/sanmiguelelalto.gob.mx\/difsma\/wp-content\/uploads\/2025\/03\/FEBRERO_2022.pdf\" target=\"_blank\" rel=\"noopener\">Febrero<\/a> | <a href=\"https:\/\/sanmiguelelalto.gob.mx\/difsma\/wp-content\/uploads\/2025\/03\/MARZO_2022.pdf\" target=\"_blank\" rel=\"noopener\">Marzo<\/a> | <a href=\"https:\/\/sanmiguelelalto.gob.mx\/difsma\/wp-content\/uploads\/2025\/03\/ABRIL_2022.pdf\" target=\"_blank\" rel=\"noopener\">Abril<\/a> | <a href=\"https:\/\/sanmiguelelalto.gob.mx\/difsma\/wp-content\/uploads\/2025\/03\/MAYO_2022.pdf\" target=\"_blank\" rel=\"noopener\">Mayo<\/a> | <a href=\"https:\/\/sanmiguelelalto.gob.mx\/difsma\/wp-content\/uploads\/2025\/03\/JUNIO_2022.pdf\" target=\"_blank\" rel=\"noopener\">Junio<\/a> | <a href=\"https:\/\/sanmiguelelalto.gob.mx\/difsma\/wp-content\/uploads\/2025\/03\/JULIO_2022.pdf\" target=\"_blank\" rel=\"noopener\">Julio<\/a> |<a href=\"https:\/\/sanmiguelelalto.gob.mx\/difsma\/wp-content\/uploads\/2025\/03\/AGOSTO_2022.pdf\" target=\"_blank\" rel=\"noopener\"> Agosto<\/a> | <a href=\"https:\/\/sanmiguelelalto.gob.mx\/difsma\/wp-content\/uploads\/2025\/03\/SEPTIEMBRE_2022.pdf\" target=\"_blank\" rel=\"noopener\">Septiembre<\/a> | <a href=\"https:\/\/sanmiguelelalto.gob.mx\/difsma\/wp-content\/uploads\/2025\/03\/OCTUBRE_2022.pdf\" target=\"_blank\" rel=\"noopener\">Octubre<\/a> | <a href=\"https:\/\/sanmiguelelalto.gob.mx\/difsma\/wp-content\/uploads\/2025\/03\/NOVIEMBRE_2022.pdf\" target=\"_blank\" rel=\"noopener\">Noviembre<\/a> | <a href=\"https:\/\/sanmiguelelalto.gob.mx\/difsma\/wp-content\/uploads\/2025\/03\/DICIEMBRE_2022.pdf\" target=\"_blank\" rel=\"noopener\">Diciembre<\/a><\/p>\t\t\t\t\t\t\t\t<\/div>\n\t\t\t\t<\/div>\n\t\t\t\t\t<\/div>\n\t\t\t\t<\/div>\n\t\t<div class=\"elementor-element elementor-element-c2b052d e-flex e-con-boxed wpr-particle-no wpr-jarallax-no wpr-parallax-no wpr-sticky-section-no e-con e-parent\" data-id=\"c2b052d\" data-element_type=\"container\">\n\t\t\t\t\t<div class=\"e-con-inner\">\n\t\t\t\t<div class=\"elementor-element elementor-element-e3d4e7a elementor-widget elementor-widget-heading\" data-id=\"e3d4e7a\" data-element_type=\"widget\" data-widget_type=\"heading.default\">\n\t\t\t\t<div class=\"elementor-widget-container\">\n\t\t\t\t\t<h2 class=\"elementor-heading-title elementor-size-default\">2021<\/h2>\t\t\t\t<\/div>\n\t\t\t\t<\/div>\n\t\t\t\t\t<\/div>\n\t\t\t\t<\/div>\n\t\t<div class=\"elementor-element elementor-element-71d1f67 e-flex e-con-boxed wpr-particle-no wpr-jarallax-no wpr-parallax-no wpr-sticky-section-no e-con e-parent\" data-id=\"71d1f67\" data-element_type=\"container\">\n\t\t\t\t\t<div class=\"e-con-inner\">\n\t\t\t\t<div class=\"elementor-element elementor-element-b7b4fa3 elementor-widget elementor-widget-text-editor\" data-id=\"b7b4fa3\" data-element_type=\"widget\" data-widget_type=\"text-editor.default\">\n\t\t\t\t<div class=\"elementor-widget-container\">\n\t\t\t\t\t\t\t\t\t<p><a href=\"https:\/\/sanmiguelelalto.gob.mx\/difsma\/wp-content\/uploads\/2025\/03\/ENERO_2021.pdf\" target=\"_blank\" rel=\"noopener\">Enero<\/a> | <a href=\"https:\/\/sanmiguelelalto.gob.mx\/difsma\/wp-content\/uploads\/2025\/03\/FEBRERO_2021.pdf\" target=\"_blank\" rel=\"noopener\">Febrero<\/a> | <a href=\"https:\/\/sanmiguelelalto.gob.mx\/difsma\/wp-content\/uploads\/2025\/03\/MARZO_2021.pdf\" target=\"_blank\" rel=\"noopener\">Marzo<\/a> | <a href=\"https:\/\/sanmiguelelalto.gob.mx\/difsma\/wp-content\/uploads\/2025\/03\/ABRIL_2021.pdf\" target=\"_blank\" rel=\"noopener\">Abril<\/a> | <a href=\"https:\/\/sanmiguelelalto.gob.mx\/difsma\/wp-content\/uploads\/2025\/03\/MAYO_2021.pdf\">Mayo<\/a> |<a href=\"https:\/\/sanmiguelelalto.gob.mx\/difsma\/wp-content\/uploads\/2025\/03\/JUNIO_2021.pdf\" target=\"_blank\" rel=\"noopener\"> Junio<\/a> | <a href=\"https:\/\/sanmiguelelalto.gob.mx\/difsma\/wp-content\/uploads\/2025\/03\/JULIO_2021.pdf\" target=\"_blank\" rel=\"noopener\">Julio<\/a> | <a href=\"https:\/\/sanmiguelelalto.gob.mx\/difsma\/wp-content\/uploads\/2025\/03\/AGOSTO_2021.pdf\" target=\"_blank\" rel=\"noopener\">Agosto<\/a> | <a href=\"https:\/\/sanmiguelelalto.gob.mx\/difsma\/wp-content\/uploads\/2025\/03\/SEPTIEMBRE_2021.pdf\" target=\"_blank\" rel=\"noopener\">Septiembre<\/a> | <a href=\"https:\/\/sanmiguelelalto.gob.mx\/difsma\/wp-content\/uploads\/2025\/03\/OCTUBRE_2021.pdf\" target=\"_blank\" rel=\"noopener\">Octubre<\/a> | <a href=\"https:\/\/sanmiguelelalto.gob.mx\/difsma\/wp-content\/uploads\/2025\/03\/NOVIEMBRE_2021.pdf\" target=\"_blank\" rel=\"noopener\">Noviembre<\/a> | <a href=\"https:\/\/sanmiguelelalto.gob.mx\/difsma\/wp-content\/uploads\/2025\/03\/DICIEMBRE_2021.pdf\" target=\"_blank\" rel=\"noopener\">Diciembre<\/a><\/p>\t\t\t\t\t\t\t\t<\/div>\n\t\t\t\t<\/div>\n\t\t\t\t\t<\/div>\n\t\t\t\t<\/div>\n\t\t<div class=\"elementor-element elementor-element-ca1310a e-con-full e-flex wpr-particle-no wpr-jarallax-no wpr-parallax-no wpr-sticky-section-no e-con e-parent\" data-id=\"ca1310a\" data-element_type=\"container\">\n\t\t\t\t<div class=\"elementor-element elementor-element-ed32cae elementor-widget elementor-widget-heading\" data-id=\"ed32cae\" data-element_type=\"widget\" data-widget_type=\"heading.default\">\n\t\t\t\t<div class=\"elementor-widget-container\">\n\t\t\t\t\t<h2 class=\"elementor-heading-title elementor-size-default\">2020<\/h2>\t\t\t\t<\/div>\n\t\t\t\t<\/div>\n\t\t\t\t<\/div>\n\t\t<div class=\"elementor-element elementor-element-a4c12cf e-flex e-con-boxed wpr-particle-no wpr-jarallax-no wpr-parallax-no wpr-sticky-section-no e-con e-parent\" data-id=\"a4c12cf\" data-element_type=\"container\">\n\t\t\t\t\t<div class=\"e-con-inner\">\n\t\t\t\t<div class=\"elementor-element elementor-element-2666ba2 elementor-widget elementor-widget-text-editor\" data-id=\"2666ba2\" data-element_type=\"widget\" data-widget_type=\"text-editor.default\">\n\t\t\t\t<div class=\"elementor-widget-container\">\n\t\t\t\t\t\t\t\t\t<p><a href=\"https:\/\/sanmiguelelalto.gob.mx\/difsma\/wp-content\/uploads\/2025\/03\/ENERO_2020.pdf\" target=\"_blank\" rel=\"noopener\">Enero<\/a> | <a href=\"https:\/\/sanmiguelelalto.gob.mx\/difsma\/wp-content\/uploads\/2025\/03\/FEBRERO_2020.pdf\" target=\"_blank\" rel=\"noopener\">Febrero<\/a> | <a href=\"https:\/\/sanmiguelelalto.gob.mx\/difsma\/wp-content\/uploads\/2025\/03\/MARZO_2020.pdf\" target=\"_blank\" rel=\"noopener\">Marzo<\/a> | <a href=\"https:\/\/sanmiguelelalto.gob.mx\/difsma\/wp-content\/uploads\/2025\/03\/ABRIL_2020.pdf\" target=\"_blank\" rel=\"noopener\">Abril<\/a> | <a href=\"https:\/\/sanmiguelelalto.gob.mx\/difsma\/wp-content\/uploads\/2025\/03\/MAYO_2020.pdf\" target=\"_blank\" rel=\"noopener\">Mayo<\/a> |<a href=\"https:\/\/sanmiguelelalto.gob.mx\/difsma\/wp-content\/uploads\/2025\/03\/JUNIO_2020.pdf\" target=\"_blank\" rel=\"noopener\"> Junio<\/a> | <a href=\"https:\/\/sanmiguelelalto.gob.mx\/difsma\/wp-content\/uploads\/2025\/03\/JULIO_2020.pdf\" target=\"_blank\" rel=\"noopener\">Julio<\/a> | <a href=\"https:\/\/sanmiguelelalto.gob.mx\/difsma\/wp-content\/uploads\/2025\/03\/AGOSTO_2020.pdf\">Agosto<\/a> | <a href=\"https:\/\/sanmiguelelalto.gob.mx\/difsma\/wp-content\/uploads\/2025\/03\/SEPTIEMBRE_2020-1.pdf\" target=\"_blank\" rel=\"noopener\">Septiembre<\/a> | <a href=\"https:\/\/sanmiguelelalto.gob.mx\/difsma\/wp-content\/uploads\/2025\/03\/OCTUBRE_2020.pdf\" target=\"_blank\" rel=\"noopener\">Octubre<\/a> | <a href=\"https:\/\/sanmiguelelalto.gob.mx\/difsma\/wp-content\/uploads\/2025\/03\/NOVIEMBRE_2020.pdf\" target=\"_blank\" rel=\"noopener\">Noviembre<\/a> | <a href=\"https:\/\/sanmiguelelalto.gob.mx\/difsma\/wp-content\/uploads\/2025\/03\/DICIEMBRE_2020.pdf\">Diciembre<\/a><\/p>\t\t\t\t\t\t\t\t<\/div>\n\t\t\t\t<\/div>\n\t\t\t\t\t<\/div>\n\t\t\t\t<\/div>\n\t\t<div class=\"elementor-element elementor-element-f244868 e-con-full e-flex wpr-particle-no wpr-jarallax-no wpr-parallax-no wpr-sticky-section-no e-con e-parent\" data-id=\"f244868\" data-element_type=\"container\">\n\t\t\t\t<div class=\"elementor-element elementor-element-9e41cdb elementor-widget elementor-widget-heading\" data-id=\"9e41cdb\" data-element_type=\"widget\" data-widget_type=\"heading.default\">\n\t\t\t\t<div class=\"elementor-widget-container\">\n\t\t\t\t\t<h2 class=\"elementor-heading-title elementor-size-default\">2019<\/h2>\t\t\t\t<\/div>\n\t\t\t\t<\/div>\n\t\t\t\t<\/div>\n\t\t<div class=\"elementor-element elementor-element-ac481e5 e-flex e-con-boxed wpr-particle-no wpr-jarallax-no wpr-parallax-no wpr-sticky-section-no e-con e-parent\" data-id=\"ac481e5\" data-element_type=\"container\">\n\t\t\t\t\t<div class=\"e-con-inner\">\n\t\t\t\t<div class=\"elementor-element elementor-element-6667dbb elementor-widget elementor-widget-text-editor\" data-id=\"6667dbb\" data-element_type=\"widget\" data-widget_type=\"text-editor.default\">\n\t\t\t\t<div class=\"elementor-widget-container\">\n\t\t\t\t\t\t\t\t\t<p><a href=\"https:\/\/sanmiguelelalto.gob.mx\/difsma\/wp-content\/uploads\/2025\/03\/ENERO_2019.pdf\" target=\"_blank\" rel=\"noopener\">Enero<\/a> | <a href=\"https:\/\/sanmiguelelalto.gob.mx\/difsma\/wp-content\/uploads\/2025\/03\/FEBRERO_2019.pdf\" target=\"_blank\" rel=\"noopener\">Febrero<\/a> | <a href=\"https:\/\/sanmiguelelalto.gob.mx\/difsma\/wp-content\/uploads\/2025\/03\/MARZO_2019.pdf\" target=\"_blank\" rel=\"noopener\">Marzo<\/a> | <a href=\"https:\/\/sanmiguelelalto.gob.mx\/difsma\/wp-content\/uploads\/2025\/03\/ABRIL_2019.pdf\" target=\"_blank\" rel=\"noopener\">Abril<\/a> | <a href=\"https:\/\/sanmiguelelalto.gob.mx\/difsma\/wp-content\/uploads\/2025\/03\/MAYO_2019.pdf\" target=\"_blank\" rel=\"noopener\">Mayo<\/a> | <a href=\"https:\/\/sanmiguelelalto.gob.mx\/difsma\/wp-content\/uploads\/2025\/03\/JUNIO_2019.pdf\" target=\"_blank\" rel=\"noopener\">Junio<\/a> | <a href=\"https:\/\/sanmiguelelalto.gob.mx\/difsma\/wp-content\/uploads\/2025\/03\/JULIO_2019-1.pdf\" target=\"_blank\" rel=\"noopener\">Julio<\/a> | <a href=\"https:\/\/sanmiguelelalto.gob.mx\/difsma\/wp-content\/uploads\/2025\/03\/AGOSTO_2019.pdf\" target=\"_blank\" rel=\"noopener\">Agosto<\/a> | <a href=\"https:\/\/sanmiguelelalto.gob.mx\/difsma\/wp-content\/uploads\/2025\/03\/SEPTIEMBRE_2019.pdf\" target=\"_blank\" rel=\"noopener\">Septiembre<\/a> | <a href=\"https:\/\/sanmiguelelalto.gob.mx\/difsma\/wp-content\/uploads\/2025\/03\/OCTUBRE_2019.pdf\" target=\"_blank\" rel=\"noopener\">Octubre<\/a> | <a href=\"https:\/\/sanmiguelelalto.gob.mx\/difsma\/wp-content\/uploads\/2025\/03\/NOVIEMBRE_2019.pdf\" target=\"_blank\" rel=\"noopener\">Noviembre<\/a> | <a href=\"https:\/\/sanmiguelelalto.gob.mx\/difsma\/wp-content\/uploads\/2025\/03\/DICIEMBRE_2019.pdf\" target=\"_blank\" rel=\"noopener\">Diciembre<\/a><\/p>\t\t\t\t\t\t\t\t<\/div>\n\t\t\t\t<\/div>\n\t\t\t\t\t<\/div>\n\t\t\t\t<\/div>\n\t\t<div class=\"elementor-element elementor-element-72dac77 e-flex e-con-boxed wpr-particle-no wpr-jarallax-no wpr-parallax-no wpr-sticky-section-no e-con e-parent\" data-id=\"72dac77\" data-element_type=\"container\">\n\t\t\t\t\t<div class=\"e-con-inner\">\n\t\t\t\t<div class=\"elementor-element elementor-element-9daf566 elementor-widget elementor-widget-heading\" data-id=\"9daf566\" data-element_type=\"widget\" data-widget_type=\"heading.default\">\n\t\t\t\t<div class=\"elementor-widget-container\">\n\t\t\t\t\t<h2 class=\"elementor-heading-title elementor-size-default\">2018<\/h2>\t\t\t\t<\/div>\n\t\t\t\t<\/div>\n\t\t\t\t<div class=\"elementor-element elementor-element-7322360 elementor-widget elementor-widget-text-editor\" data-id=\"7322360\" data-element_type=\"widget\" data-widget_type=\"text-editor.default\">\n\t\t\t\t<div class=\"elementor-widget-container\">\n\t\t\t\t\t\t\t\t\t<p><a href=\"https:\/\/sanmiguelelalto.gob.mx\/difsma\/wp-content\/uploads\/2025\/03\/ENERO_2018.pdf\" target=\"_blank\" rel=\"noopener\">Enero<\/a> | <a href=\"https:\/\/sanmiguelelalto.gob.mx\/difsma\/wp-content\/uploads\/2025\/03\/FEBRERO_2018.pdf\" target=\"_blank\" rel=\"noopener\">Febrero<\/a> | <a href=\"https:\/\/sanmiguelelalto.gob.mx\/difsma\/wp-content\/uploads\/2025\/03\/MARZO_2018.pdf\" target=\"_blank\" rel=\"noopener\">Marzo<\/a> | <a href=\"https:\/\/sanmiguelelalto.gob.mx\/difsma\/wp-content\/uploads\/2025\/03\/ABRIL_2018.pdf\">Abril<\/a> | <a href=\"https:\/\/sanmiguelelalto.gob.mx\/difsma\/wp-content\/uploads\/2025\/03\/MAYO_2018.pdf\" target=\"_blank\" rel=\"noopener\">Mayo<\/a> | <a href=\"https:\/\/sanmiguelelalto.gob.mx\/difsma\/wp-content\/uploads\/2025\/03\/JUNIO_2018.pdf\" target=\"_blank\" rel=\"noopener\">Junio<\/a> | <a href=\"https:\/\/sanmiguelelalto.gob.mx\/difsma\/wp-content\/uploads\/2025\/03\/JULIO_2018.pdf\" target=\"_blank\" rel=\"noopener\">Julio<\/a> | <a href=\"https:\/\/sanmiguelelalto.gob.mx\/difsma\/wp-content\/uploads\/2025\/03\/AGOSTO_2018.pdf\" target=\"_blank\" rel=\"noopener\">Agosto<\/a> | <a href=\"https:\/\/sanmiguelelalto.gob.mx\/difsma\/wp-content\/uploads\/2025\/03\/SEPTIEMBRE_2018.pdf\" target=\"_blank\" rel=\"noopener\">Septiembre<\/a> | <a href=\"https:\/\/sanmiguelelalto.gob.mx\/difsma\/wp-content\/uploads\/2025\/03\/OCTUBRE_2018.pdf\" target=\"_blank\" rel=\"noopener\">Octubre<\/a> | <a href=\"https:\/\/sanmiguelelalto.gob.mx\/difsma\/wp-content\/uploads\/2025\/03\/NOVIEMBRE_2018-1.pdf\" target=\"_blank\" rel=\"noopener\">Noviembre<\/a> | <a href=\"https:\/\/sanmiguelelalto.gob.mx\/difsma\/wp-content\/uploads\/2025\/03\/DICIEMBRE_2018.pdf\" target=\"_blank\" rel=\"noopener\">Diciembre<\/a><\/p>\t\t\t\t\t\t\t\t<\/div>\n\t\t\t\t<\/div>\n\t\t\t\t\t<\/div>\n\t\t\t\t<\/div>\n\t\t<div class=\"elementor-element elementor-element-5998c1d e-flex e-con-boxed wpr-particle-no wpr-jarallax-no wpr-parallax-no wpr-sticky-section-no e-con e-parent\" data-id=\"5998c1d\" data-element_type=\"container\">\n\t\t\t\t\t<div class=\"e-con-inner\">\n\t\t\t\t<div class=\"elementor-element elementor-element-4bfca9f elementor-widget elementor-widget-heading\" data-id=\"4bfca9f\" data-element_type=\"widget\" data-widget_type=\"heading.default\">\n\t\t\t\t<div class=\"elementor-widget-container\">\n\t\t\t\t\t<h2 class=\"elementor-heading-title elementor-size-default\">2017<\/h2>\t\t\t\t<\/div>\n\t\t\t\t<\/div>\n\t\t\t\t\t<\/div>\n\t\t\t\t<\/div>\n\t\t<div class=\"elementor-element elementor-element-17e3557 e-flex e-con-boxed wpr-particle-no wpr-jarallax-no wpr-parallax-no wpr-sticky-section-no e-con e-parent\" data-id=\"17e3557\" data-element_type=\"container\">\n\t\t\t\t\t<div class=\"e-con-inner\">\n\t\t\t\t<div class=\"elementor-element elementor-element-a190192 elementor-widget elementor-widget-text-editor\" data-id=\"a190192\" data-element_type=\"widget\" data-widget_type=\"text-editor.default\">\n\t\t\t\t<div class=\"elementor-widget-container\">\n\t\t\t\t\t\t\t\t\t<p><span style=\"font-size: 23px;\"><a href=\"https:\/\/sanmiguelelalto.gob.mx\/difsma\/wp-content\/uploads\/2025\/03\/ENERO_2017.pdf\" target=\"_blank\" rel=\"noopener\">Enero<\/a> | <a href=\"https:\/\/sanmiguelelalto.gob.mx\/difsma\/wp-content\/uploads\/2025\/03\/FEBRERO_20171.pdf\" target=\"_blank\" rel=\"noopener\">Febrero<\/a> | <a href=\"https:\/\/sanmiguelelalto.gob.mx\/difsma\/wp-content\/uploads\/2025\/03\/MARZO_2017.pdf\" target=\"_blank\" rel=\"noopener\">Marzo<\/a> | <a href=\"https:\/\/sanmiguelelalto.gob.mx\/difsma\/wp-content\/uploads\/2025\/03\/ABRIL_2017.pdf\" target=\"_blank\" rel=\"noopener\">Abril<\/a> | <a href=\"https:\/\/sanmiguelelalto.gob.mx\/difsma\/wp-content\/uploads\/2025\/03\/MAYO_2017.pdf\" target=\"_blank\" rel=\"noopener\">Mayo<\/a> | <a href=\"https:\/\/sanmiguelelalto.gob.mx\/difsma\/wp-content\/uploads\/2025\/03\/JUNIO_2017.pdf\" target=\"_blank\" rel=\"noopener\">Junio<\/a> | <a href=\"https:\/\/sanmiguelelalto.gob.mx\/difsma\/wp-content\/uploads\/2025\/03\/JULIO_2017.pdf\" target=\"_blank\" rel=\"noopener\">Julio<\/a> | <a href=\"https:\/\/sanmiguelelalto.gob.mx\/difsma\/wp-content\/uploads\/2025\/03\/AGOSTO_2017.pdf\" target=\"_blank\" rel=\"noopener\">Agosto<\/a> | <a href=\"https:\/\/sanmiguelelalto.gob.mx\/difsma\/wp-content\/uploads\/2025\/03\/SEPTIEMBRE_2017.pdf\" target=\"_blank\" rel=\"noopener\">Septiembre<\/a> |<a href=\"https:\/\/sanmiguelelalto.gob.mx\/difsma\/wp-content\/uploads\/2025\/03\/OCTUBRE_2017.pdf\" target=\"_blank\" rel=\"noopener\"> Octubre<\/a> | <a href=\"https:\/\/sanmiguelelalto.gob.mx\/difsma\/wp-content\/uploads\/2025\/03\/NOVIEMBRE_2017.pdf\" target=\"_blank\" rel=\"noopener\">Noviembre<\/a> | <a href=\"https:\/\/sanmiguelelalto.gob.mx\/difsma\/wp-content\/uploads\/2025\/03\/DICIEMBRE_2017.pdf\" target=\"_blank\" rel=\"noopener\">Diciembre<\/a><\/span><\/p>\t\t\t\t\t\t\t\t<\/div>\n\t\t\t\t<\/div>\n\t\t\t\t\t<\/div>\n\t\t\t\t<\/div>\n\t\t<div class=\"elementor-element elementor-element-7ee0ed9 e-flex e-con-boxed wpr-particle-no wpr-jarallax-no wpr-parallax-no wpr-sticky-section-no e-con e-parent\" data-id=\"7ee0ed9\" data-element_type=\"container\">\n\t\t\t\t\t<div class=\"e-con-inner\">\n\t\t\t\t<div class=\"elementor-element elementor-element-fc0888d elementor-widget elementor-widget-image\" data-id=\"fc0888d\" data-element_type=\"widget\" data-widget_type=\"image.default\">\n\t\t\t\t<div class=\"elementor-widget-container\">\n\t\t\t\t\t\t\t\t\t\t\t\t\t\t\t<img decoding=\"async\" src=\"https:\/\/sanmiguelelalto.gob.mx\/difsma\/wp-content\/uploads\/2025\/03\/DICIEMBRE_2017.pdf\" title=\"\" alt=\"\" loading=\"lazy\" \/>\t\t\t\t\t\t\t\t\t\t\t\t\t\t\t<\/div>\n\t\t\t\t<\/div>\n\t\t\t\t\t<\/div>\n\t\t\t\t<\/div>\n\t\t\t\t<\/div>\n\t\t","protected":false},"excerpt":{"rendered":"<p>La estad\u00edstica de las solicitudes de informaci\u00f3n p\u00fablica atendidas, precisando las procedentes, parcialmente procedentes e improcedentes; as\u00ed como la estad\u00edstica de visitas a su sistema de consulta electr\u00f3nica. 2023 Enero | Febrero | Marzo | Abril | Mayo 2022 Enero | Febrero | Marzo | Abril | Mayo | Junio | Julio | Agosto | Septiembre | Octubre | Noviembre | Diciembre 2021 Enero | Febrero | Marzo | Abril | Mayo | Junio | Julio | Agosto | Septiembre | Octubre | Noviembre | Diciembre 2020 Enero | Febrero | Marzo | Abril | Mayo | Junio | Julio | Agosto | Septiembre | Octubre | Noviembre | Diciembre 2019 Enero | Febrero | Marzo | Abril | Mayo | Junio | Julio | Agosto | Septiembre | Octubre | Noviembre | Diciembre 2018 Enero | Febrero | Marzo | Abril | Mayo | Junio | Julio | Agosto | Septiembre | Octubre | Noviembre | Diciembre 2017 Enero | Febrero | Marzo | Abril | Mayo | Junio | Julio | Agosto | Septiembre | Octubre | Noviembre | Diciembre<\/p>\n","protected":false},"author":2,"featured_media":0,"parent":0,"menu_order":0,"comment_status":"closed","ping_status":"closed","template":"","meta":{"footnotes":""},"class_list":["post-1663","page","type-page","status-publish","hentry"],"_links":{"self":[{"href":"https:\/\/sanmiguelelalto.gob.mx\/difsma\/wp-json\/wp\/v2\/pages\/1663","targetHints":{"allow":["GET"]}}],"collection":[{"href":"https:\/\/sanmiguelelalto.gob.mx\/difsma\/wp-json\/wp\/v2\/pages"}],"about":[{"href":"https:\/\/sanmiguelelalto.gob.mx\/difsma\/wp-json\/wp\/v2\/types\/page"}],"author":[{"embeddable":true,"href":"https:\/\/sanmiguelelalto.gob.mx\/difsma\/wp-json\/wp\/v2\/users\/2"}],"replies":[{"embeddable":true,"href":"https:\/\/sanmiguelelalto.gob.mx\/difsma\/wp-json\/wp\/v2\/comments?post=1663"}],"version-history":[{"count":76,"href":"https:\/\/sanmiguelelalto.gob.mx\/difsma\/wp-json\/wp\/v2\/pages\/1663\/revisions"}],"predecessor-version":[{"id":1839,"href":"https:\/\/sanmiguelelalto.gob.mx\/difsma\/wp-json\/wp\/v2\/pages\/1663\/revisions\/1839"}],"wp:attachment":[{"href":"https:\/\/sanmiguelelalto.gob.mx\/difsma\/wp-json\/wp\/v2\/media?parent=1663"}],"curies":[{"name":"wp","href":"https:\/\/api.w.org\/{rel}","templated":true}]}}