{"id":1856,"date":"2025-03-18T09:14:47","date_gmt":"2025-03-18T15:14:47","guid":{"rendered":"https:\/\/sanmiguelelalto.gob.mx\/difsma\/?page_id=1856"},"modified":"2025-03-18T09:52:11","modified_gmt":"2025-03-18T15:52:11","slug":"los-tratados-y-convenciones-internacionales-suscritas-por-mexico","status":"publish","type":"page","link":"https:\/\/sanmiguelelalto.gob.mx\/difsma\/los-tratados-y-convenciones-internacionales-suscritas-por-mexico\/","title":{"rendered":"Los tratados y convenciones internacionales suscritas por M\u00e9xico"},"content":{"rendered":"\t\t<div data-elementor-type=\"wp-page\" data-elementor-id=\"1856\" class=\"elementor elementor-1856\">\n\t\t\t\t<div class=\"elementor-element elementor-element-6746d1d e-flex e-con-boxed wpr-particle-no wpr-jarallax-no wpr-parallax-no wpr-sticky-section-no e-con e-parent\" data-id=\"6746d1d\" data-element_type=\"container\">\n\t\t\t\t\t<div class=\"e-con-inner\">\n\t\t\t\t<div class=\"elementor-element elementor-element-59c1fb5 elementor-widget elementor-widget-heading\" data-id=\"59c1fb5\" data-element_type=\"widget\" data-widget_type=\"heading.default\">\n\t\t\t\t<div class=\"elementor-widget-container\">\n\t\t\t\t\t<h1 class=\"elementor-heading-title elementor-size-default\">Los tratados y convenciones internacionales suscritas por M\u00e9xico.<\/h1>\t\t\t\t<\/div>\n\t\t\t\t<\/div>\n\t\t\t\t<div class=\"elementor-element elementor-element-79b8d52 elementor-widget elementor-widget-heading\" data-id=\"79b8d52\" data-element_type=\"widget\" data-widget_type=\"heading.default\">\n\t\t\t\t<div class=\"elementor-widget-container\">\n\t\t\t\t\t<h3 class=\"elementor-heading-title elementor-size-default\"><a href=\"https:\/\/sanmiguelelalto.gob.mx\/difsma\/wp-content\/uploads\/2025\/03\/CONVENCION-INTERAMERICANA-SOBRE-OBLIGACIONES-ALIMENTARIAS-1.pdf\" target=\"_blank\">-Convenci\u00f3n interamericana sobre obligaciones alimentarias<\/a><\/h3>\t\t\t\t<\/div>\n\t\t\t\t<\/div>\n\t\t\t\t\t<\/div>\n\t\t\t\t<\/div>\n\t\t<div class=\"elementor-element elementor-element-0681153 e-flex e-con-boxed wpr-particle-no wpr-jarallax-no wpr-parallax-no wpr-sticky-section-no e-con e-parent\" data-id=\"0681153\" data-element_type=\"container\">\n\t\t\t\t\t<div class=\"e-con-inner\">\n\t\t\t\t<div class=\"elementor-element elementor-element-24e1ed3 elementor-widget elementor-widget-heading\" data-id=\"24e1ed3\" data-element_type=\"widget\" data-widget_type=\"heading.default\">\n\t\t\t\t<div class=\"elementor-widget-container\">\n\t\t\t\t\t<h3 class=\"elementor-heading-title elementor-size-default\"><a href=\"https:\/\/sanmiguelelalto.gob.mx\/difsma\/wp-content\/uploads\/2025\/03\/Convencion-sobre-la-Eliminacion-de-todas-las-Formas-de-Discriminacion-contrala-Mujer.pdf\" target=\"_blank\">-Convenci\u00f3n sobre la eliminaci\u00f3n de todas las formas de discriminaci\u00f3n contra la mujer<\/a><\/h3>\t\t\t\t<\/div>\n\t\t\t\t<\/div>\n\t\t\t\t\t<\/div>\n\t\t\t\t<\/div>\n\t\t<div class=\"elementor-element elementor-element-d4643d6 e-flex e-con-boxed wpr-particle-no wpr-jarallax-no wpr-parallax-no wpr-sticky-section-no e-con e-parent\" data-id=\"d4643d6\" data-element_type=\"container\">\n\t\t\t\t\t<div class=\"e-con-inner\">\n\t\t\t\t<div class=\"elementor-element elementor-element-1fbd443 elementor-widget elementor-widget-heading\" data-id=\"1fbd443\" data-element_type=\"widget\" data-widget_type=\"heading.default\">\n\t\t\t\t<div class=\"elementor-widget-container\">\n\t\t\t\t\t<h3 class=\"elementor-heading-title elementor-size-default\"><a href=\"https:\/\/sanmiguelelalto.gob.mx\/difsma\/wp-content\/uploads\/2025\/03\/Carta-de-las-Naciones-Unidas.pdf\" target=\"_blank\">-Carta de las naciones unidas<\/a><\/h3>\t\t\t\t<\/div>\n\t\t\t\t<\/div>\n\t\t\t\t\t<\/div>\n\t\t\t\t<\/div>\n\t\t<div class=\"elementor-element elementor-element-f73e3ba e-flex e-con-boxed wpr-particle-no wpr-jarallax-no wpr-parallax-no wpr-sticky-section-no e-con e-parent\" data-id=\"f73e3ba\" data-element_type=\"container\">\n\t\t\t\t\t<div class=\"e-con-inner\">\n\t\t\t\t<div class=\"elementor-element elementor-element-0a082cb elementor-widget elementor-widget-heading\" data-id=\"0a082cb\" data-element_type=\"widget\" data-widget_type=\"heading.default\">\n\t\t\t\t<div class=\"elementor-widget-container\">\n\t\t\t\t\t<h3 class=\"elementor-heading-title elementor-size-default\"><a href=\"https:\/\/sanmiguelelalto.gob.mx\/difsma\/wp-content\/uploads\/2025\/03\/CONVECIoN-INTERAMERICANA-PARA-PREVENIR-SANCIONAR-Y-ERRADICAR-LA-VIOLENCIA-CONTRA-LAS-MUJERES.pdf\" target=\"_blank\">-Convenci\u00f3n interamericana para prevenir, sancionar y erradicar la violencia contra las mujeres<\/a><\/h3>\t\t\t\t<\/div>\n\t\t\t\t<\/div>\n\t\t\t\t\t<\/div>\n\t\t\t\t<\/div>\n\t\t<div class=\"elementor-element elementor-element-66e1cc0 e-flex e-con-boxed wpr-particle-no wpr-jarallax-no wpr-parallax-no wpr-sticky-section-no e-con e-parent\" data-id=\"66e1cc0\" data-element_type=\"container\">\n\t\t\t\t\t<div class=\"e-con-inner\">\n\t\t\t\t<div class=\"elementor-element elementor-element-04cdfaa elementor-widget elementor-widget-heading\" data-id=\"04cdfaa\" data-element_type=\"widget\" data-widget_type=\"heading.default\">\n\t\t\t\t<div class=\"elementor-widget-container\">\n\t\t\t\t\t<h3 class=\"elementor-heading-title elementor-size-default\"><a href=\"https:\/\/sanmiguelelalto.gob.mx\/difsma\/wp-content\/uploads\/2025\/03\/Convencion-Internacional-sobre-la-eliminacion-de-todas-las-formas-de-Discriminacion-Racial.pdf\" target=\"_blank\">-Convenci\u00f3n Internacional sobre la eliminaci\u00f3n de todas las formas de discriminaci\u00f3n racial<\/a><\/h3>\t\t\t\t<\/div>\n\t\t\t\t<\/div>\n\t\t\t\t\t<\/div>\n\t\t\t\t<\/div>\n\t\t<div class=\"elementor-element elementor-element-22213e9 e-flex e-con-boxed wpr-particle-no wpr-jarallax-no wpr-parallax-no wpr-sticky-section-no e-con e-parent\" data-id=\"22213e9\" data-element_type=\"container\">\n\t\t\t\t\t<div class=\"e-con-inner\">\n\t\t\t\t<div class=\"elementor-element elementor-element-22ad601 elementor-widget elementor-widget-heading\" data-id=\"22ad601\" data-element_type=\"widget\" data-widget_type=\"heading.default\">\n\t\t\t\t<div class=\"elementor-widget-container\">\n\t\t\t\t\t<h3 class=\"elementor-heading-title elementor-size-default\"><a href=\"https:\/\/sanmiguelelalto.gob.mx\/difsma\/wp-content\/uploads\/2025\/03\/CONVENCION-INTERAMERICANA-PARA-LA-ELIMINACION-DE-TODAS-LAS-FORMAS-DE-DISCRIMINACION-CONTRA-LAS-PERSONAS-CON-DISCAPACIDAD.pdf\" target=\"_blank\">-Convenci\u00f3n interamericana para la eliminaci\u00f3n de todas las formas de discriminaci\u00f3n contra las personas con discapacidad<\/a><\/h3>\t\t\t\t<\/div>\n\t\t\t\t<\/div>\n\t\t\t\t\t<\/div>\n\t\t\t\t<\/div>\n\t\t<div class=\"elementor-element elementor-element-b7c0432 e-flex e-con-boxed wpr-particle-no wpr-jarallax-no wpr-parallax-no wpr-sticky-section-no e-con e-parent\" data-id=\"b7c0432\" data-element_type=\"container\">\n\t\t\t\t\t<div class=\"e-con-inner\">\n\t\t\t\t<div class=\"elementor-element elementor-element-6e5ec52 elementor-widget elementor-widget-heading\" data-id=\"6e5ec52\" data-element_type=\"widget\" data-widget_type=\"heading.default\">\n\t\t\t\t<div class=\"elementor-widget-container\">\n\t\t\t\t\t<h3 class=\"elementor-heading-title elementor-size-default\"><a href=\"https:\/\/sanmiguelelalto.gob.mx\/difsma\/wp-content\/uploads\/2025\/03\/Convencion-sobre-los-Derechos-de-las-Personas-con-Discapacidad.pdf\" target=\"_blank\">-Convenci\u00f3n sobre los derechos de las personas con discapacidad<\/a><\/h3>\t\t\t\t<\/div>\n\t\t\t\t<\/div>\n\t\t\t\t\t<\/div>\n\t\t\t\t<\/div>\n\t\t<div class=\"elementor-element elementor-element-9da6fee e-flex e-con-boxed wpr-particle-no wpr-jarallax-no wpr-parallax-no wpr-sticky-section-no e-con e-parent\" data-id=\"9da6fee\" data-element_type=\"container\">\n\t\t\t\t\t<div class=\"e-con-inner\">\n\t\t\t\t<div class=\"elementor-element elementor-element-e0fccdb elementor-widget elementor-widget-heading\" data-id=\"e0fccdb\" data-element_type=\"widget\" data-widget_type=\"heading.default\">\n\t\t\t\t<div class=\"elementor-widget-container\">\n\t\t\t\t\t<h3 class=\"elementor-heading-title elementor-size-default\"><a href=\"https:\/\/sanmiguelelalto.gob.mx\/difsma\/wp-content\/uploads\/2025\/03\/Convencion-Americana-sobre-Derechos-Humanos-Pacto-de-San-Jose-de-Costa-Rica.pdf\" target=\"_blank\">-Convenci\u00f3n americana sobre derechos humanos pacto de san Jos\u00e9 de costa rica<\/a><\/h3>\t\t\t\t<\/div>\n\t\t\t\t<\/div>\n\t\t\t\t\t<\/div>\n\t\t\t\t<\/div>\n\t\t<div class=\"elementor-element elementor-element-95fd12a e-flex e-con-boxed wpr-particle-no wpr-jarallax-no wpr-parallax-no wpr-sticky-section-no e-con e-parent\" data-id=\"95fd12a\" data-element_type=\"container\">\n\t\t\t\t\t<div class=\"e-con-inner\">\n\t\t\t\t<div class=\"elementor-element elementor-element-cecc210 elementor-widget elementor-widget-heading\" data-id=\"cecc210\" data-element_type=\"widget\" data-widget_type=\"heading.default\">\n\t\t\t\t<div class=\"elementor-widget-container\">\n\t\t\t\t\t<h3 class=\"elementor-heading-title elementor-size-default\"><a href=\"https:\/\/sanmiguelelalto.gob.mx\/difsma\/wp-content\/uploads\/2025\/03\/convencion-derechos-nino.pdf\" target=\"_blank\">-Convenci\u00f3n sobre los derechos del ni\u00f1o<\/a><\/h3>\t\t\t\t<\/div>\n\t\t\t\t<\/div>\n\t\t\t\t\t<\/div>\n\t\t\t\t<\/div>\n\t\t\t\t<\/div>\n\t\t","protected":false},"excerpt":{"rendered":"<p>Los tratados y convenciones internacionales suscritas por M\u00e9xico. -Convenci\u00f3n interamericana sobre obligaciones alimentarias -Convenci\u00f3n sobre la eliminaci\u00f3n de todas las formas de discriminaci\u00f3n contra la mujer -Carta de las naciones unidas -Convenci\u00f3n interamericana para prevenir, sancionar y erradicar la violencia contra las mujeres -Convenci\u00f3n Internacional sobre la eliminaci\u00f3n de todas las formas de discriminaci\u00f3n racial -Convenci\u00f3n interamericana para la eliminaci\u00f3n de todas las formas de discriminaci\u00f3n contra las personas con discapacidad -Convenci\u00f3n sobre los derechos de las personas con discapacidad -Convenci\u00f3n americana sobre derechos humanos pacto de san Jos\u00e9 de costa rica -Convenci\u00f3n sobre los derechos del ni\u00f1o<\/p>\n","protected":false},"author":2,"featured_media":0,"parent":0,"menu_order":0,"comment_status":"closed","ping_status":"closed","template":"","meta":{"footnotes":""},"class_list":["post-1856","page","type-page","status-publish","hentry"],"_links":{"self":[{"href":"https:\/\/sanmiguelelalto.gob.mx\/difsma\/wp-json\/wp\/v2\/pages\/1856","targetHints":{"allow":["GET"]}}],"collection":[{"href":"https:\/\/sanmiguelelalto.gob.mx\/difsma\/wp-json\/wp\/v2\/pages"}],"about":[{"href":"https:\/\/sanmiguelelalto.gob.mx\/difsma\/wp-json\/wp\/v2\/types\/page"}],"author":[{"embeddable":true,"href":"https:\/\/sanmiguelelalto.gob.mx\/difsma\/wp-json\/wp\/v2\/users\/2"}],"replies":[{"embeddable":true,"href":"https:\/\/sanmiguelelalto.gob.mx\/difsma\/wp-json\/wp\/v2\/comments?post=1856"}],"version-history":[{"count":31,"href":"https:\/\/sanmiguelelalto.gob.mx\/difsma\/wp-json\/wp\/v2\/pages\/1856\/revisions"}],"predecessor-version":[{"id":1905,"href":"https:\/\/sanmiguelelalto.gob.mx\/difsma\/wp-json\/wp\/v2\/pages\/1856\/revisions\/1905"}],"wp:attachment":[{"href":"https:\/\/sanmiguelelalto.gob.mx\/difsma\/wp-json\/wp\/v2\/media?parent=1856"}],"curies":[{"name":"wp","href":"https:\/\/api.w.org\/{rel}","templated":true}]}}