{"id":2155,"date":"2025-03-20T08:59:39","date_gmt":"2025-03-20T14:59:39","guid":{"rendered":"https:\/\/sanmiguelelalto.gob.mx\/difsma\/?page_id=2155"},"modified":"2025-03-20T09:40:14","modified_gmt":"2025-03-20T15:40:14","slug":"los-reglamentos-federales-estatales-y-municipales","status":"publish","type":"page","link":"https:\/\/sanmiguelelalto.gob.mx\/difsma\/los-reglamentos-federales-estatales-y-municipales\/","title":{"rendered":"LOS REGLAMENTOS FEDERALES, ESTATALES Y MUNICIPALES"},"content":{"rendered":"\t\t<div data-elementor-type=\"wp-page\" data-elementor-id=\"2155\" class=\"elementor elementor-2155\">\n\t\t\t\t<div class=\"elementor-element elementor-element-1fea00b e-flex e-con-boxed wpr-particle-no wpr-jarallax-no wpr-parallax-no wpr-sticky-section-no e-con e-parent\" data-id=\"1fea00b\" data-element_type=\"container\">\n\t\t\t\t\t<div class=\"e-con-inner\">\n\t\t\t\t<div class=\"elementor-element elementor-element-28fad66 elementor-widget elementor-widget-heading\" data-id=\"28fad66\" data-element_type=\"widget\" data-widget_type=\"heading.default\">\n\t\t\t\t<div class=\"elementor-widget-container\">\n\t\t\t\t\t<h1 class=\"elementor-heading-title elementor-size-default\">LOS REGLAMENTOS FEDERALES, ESTATALES Y MUNICIPALES <\/h1>\t\t\t\t<\/div>\n\t\t\t\t<\/div>\n\t\t\t\t\t<\/div>\n\t\t\t\t<\/div>\n\t\t<div class=\"elementor-element elementor-element-6f487e3 e-flex e-con-boxed wpr-particle-no wpr-jarallax-no wpr-parallax-no wpr-sticky-section-no e-con e-parent\" data-id=\"6f487e3\" data-element_type=\"container\">\n\t\t\t\t\t<div class=\"e-con-inner\">\n\t\t\t\t<div class=\"elementor-element elementor-element-f4f1fd4 elementor-widget elementor-widget-heading\" data-id=\"f4f1fd4\" data-element_type=\"widget\" data-widget_type=\"heading.default\">\n\t\t\t\t<div class=\"elementor-widget-container\">\n\t\t\t\t\t<h2 class=\"elementor-heading-title elementor-size-default\">FEDERALES<\/h2>\t\t\t\t<\/div>\n\t\t\t\t<\/div>\n\t\t\t\t\t<\/div>\n\t\t\t\t<\/div>\n\t\t<div class=\"elementor-element elementor-element-835fb85 e-flex e-con-boxed wpr-particle-no wpr-jarallax-no wpr-parallax-no wpr-sticky-section-no e-con e-parent\" data-id=\"835fb85\" data-element_type=\"container\">\n\t\t\t\t\t<div class=\"e-con-inner\">\n\t\t\t\t<div class=\"elementor-element elementor-element-348cfbb elementor-widget elementor-widget-heading\" data-id=\"348cfbb\" data-element_type=\"widget\" data-widget_type=\"heading.default\">\n\t\t\t\t<div class=\"elementor-widget-container\">\n\t\t\t\t\t<h3 class=\"elementor-heading-title elementor-size-default\"><a href=\"https:\/\/sanmiguelelalto.gob.mx\/difsma\/wp-content\/uploads\/2025\/03\/REGLAMENTO-DE-LA-LEY-GENERAL-DE-LOS-DERECHOS-DE-NInAS-NInOS-Y-ADOLECENTES.pdf\" target=\"_blank\">-REGLAMENTO DE LA LEY GENERAL DE LOS DERECHOS DE NI\u00d1AS, NI\u00d1OS Y ADOLESCENTES<\/a><\/h3>\t\t\t\t<\/div>\n\t\t\t\t<\/div>\n\t\t\t\t\t<\/div>\n\t\t\t\t<\/div>\n\t\t<div class=\"elementor-element elementor-element-2c16770 e-flex e-con-boxed wpr-particle-no wpr-jarallax-no wpr-parallax-no wpr-sticky-section-no e-con e-parent\" data-id=\"2c16770\" data-element_type=\"container\">\n\t\t\t\t\t<div class=\"e-con-inner\">\n\t\t\t\t<div class=\"elementor-element elementor-element-f564e8d elementor-widget elementor-widget-heading\" data-id=\"f564e8d\" data-element_type=\"widget\" data-widget_type=\"heading.default\">\n\t\t\t\t<div class=\"elementor-widget-container\">\n\t\t\t\t\t<h3 class=\"elementor-heading-title elementor-size-default\"><a href=\"https:\/\/sanmiguelelalto.gob.mx\/difsma\/wp-content\/uploads\/2025\/03\/REGLAMENTO-DE-LA-LEY-GENERAL-DE-ACCESO-DE-LAS-MUJERES-A-UNA-VIDA-LIBRE-DE-VIOLENCIA.pdf\" target=\"_blank\">-REGLAMENTO DE LA LEY GENERAL DE ACCESO DE LAS MUJERES A UNA VIDA LIBRE DE VIOLENCIA<\/a><\/h3>\t\t\t\t<\/div>\n\t\t\t\t<\/div>\n\t\t\t\t\t<\/div>\n\t\t\t\t<\/div>\n\t\t<div class=\"elementor-element elementor-element-57591f7 e-flex e-con-boxed wpr-particle-no wpr-jarallax-no wpr-parallax-no wpr-sticky-section-no e-con e-parent\" data-id=\"57591f7\" data-element_type=\"container\">\n\t\t\t\t\t<div class=\"e-con-inner\">\n\t\t\t\t<div class=\"elementor-element elementor-element-1ca427a elementor-widget elementor-widget-heading\" data-id=\"1ca427a\" data-element_type=\"widget\" data-widget_type=\"heading.default\">\n\t\t\t\t<div class=\"elementor-widget-container\">\n\t\t\t\t\t<h3 class=\"elementor-heading-title elementor-size-default\"><a href=\"https:\/\/sanmiguelelalto.gob.mx\/difsma\/wp-content\/uploads\/2025\/03\/REGLAMENTO-de-la-Ley-Federal-de-Proteccion-de-Datos-Personales-en-Posesion-de-los-Particulares.pdf\" target=\"_blank\">-REGLAMENTO DE LEY FEDERAL DE PROTECCI\u00d3N DE DATOS PERSONALES EN POSESI\u00d3N DE LOS PARTICULARES<\/a><\/h3>\t\t\t\t<\/div>\n\t\t\t\t<\/div>\n\t\t\t\t\t<\/div>\n\t\t\t\t<\/div>\n\t\t<div class=\"elementor-element elementor-element-376de70 e-flex e-con-boxed wpr-particle-no wpr-jarallax-no wpr-parallax-no wpr-sticky-section-no e-con e-parent\" data-id=\"376de70\" data-element_type=\"container\">\n\t\t\t\t\t<div class=\"e-con-inner\">\n\t\t\t\t<div class=\"elementor-element elementor-element-9fdb42f elementor-widget elementor-widget-heading\" data-id=\"9fdb42f\" data-element_type=\"widget\" data-widget_type=\"heading.default\">\n\t\t\t\t<div class=\"elementor-widget-container\">\n\t\t\t\t\t<h3 class=\"elementor-heading-title elementor-size-default\"><a href=\"https:\/\/sanmiguelelalto.gob.mx\/difsma\/wp-content\/uploads\/2025\/03\/REGLAMENTO-DE-LA-LEY-GENERAL-PARA-LA-INCLUSIoN-DE-LAS-PERSONAS-CON-DISCAPACIDAD.pdf\" target=\"_blank\">-REGLAMENTO DE LA LEY GENERAL PARA LA INCLUSI\u00d3N DE LAS PERSONAS CON DISCAPACIDAD<\/a><\/h3>\t\t\t\t<\/div>\n\t\t\t\t<\/div>\n\t\t\t\t\t<\/div>\n\t\t\t\t<\/div>\n\t\t<div class=\"elementor-element elementor-element-c844c04 e-flex e-con-boxed wpr-particle-no wpr-jarallax-no wpr-parallax-no wpr-sticky-section-no e-con e-parent\" data-id=\"c844c04\" data-element_type=\"container\">\n\t\t\t\t\t<div class=\"e-con-inner\">\n\t\t\t\t<div class=\"elementor-element elementor-element-db08c48 elementor-widget elementor-widget-heading\" data-id=\"db08c48\" data-element_type=\"widget\" data-widget_type=\"heading.default\">\n\t\t\t\t<div class=\"elementor-widget-container\">\n\t\t\t\t\t<h3 class=\"elementor-heading-title elementor-size-default\"><a href=\"https:\/\/sanmiguelelalto.gob.mx\/difsma\/wp-content\/uploads\/2025\/03\/REGLAMENTO-DE-LA-LEY-GENERAL-DE-LOS-DERECHOS-DE-NInAS-NInOS-Y-ADOLECENTES-1.pdf\" target=\"_blank\">-REGLAMENTO DE LA LEY GENERAL DE LOS DERECHOS DE NI\u00d1AS, NI\u00d1OS Y ADOLESCENTES<\/a><\/h3>\t\t\t\t<\/div>\n\t\t\t\t<\/div>\n\t\t\t\t\t<\/div>\n\t\t\t\t<\/div>\n\t\t<div class=\"elementor-element elementor-element-26c498a e-flex e-con-boxed wpr-particle-no wpr-jarallax-no wpr-parallax-no wpr-sticky-section-no e-con e-parent\" data-id=\"26c498a\" data-element_type=\"container\">\n\t\t\t\t\t<div class=\"e-con-inner\">\n\t\t\t\t<div class=\"elementor-element elementor-element-60621cf elementor-widget elementor-widget-heading\" data-id=\"60621cf\" data-element_type=\"widget\" data-widget_type=\"heading.default\">\n\t\t\t\t<div class=\"elementor-widget-container\">\n\t\t\t\t\t<h3 class=\"elementor-heading-title elementor-size-default\"><a href=\"https:\/\/sanmiguelelalto.gob.mx\/difsma\/wp-content\/uploads\/2025\/03\/REGLAMENTO-de-la-Ley-Federal-de-Proteccion-de-Datos-Personales-en-Posesion-de-los-Particulares-1.pdf\" target=\"_blank\">-REGLAMENTO DE LA LEY FEDERAL DE PROTECCI\u00d3N DE DATOS PARTICULARES EN POSESI\u00d3N DE LOS PARTICULARES<\/a><\/h3>\t\t\t\t<\/div>\n\t\t\t\t<\/div>\n\t\t\t\t\t<\/div>\n\t\t\t\t<\/div>\n\t\t<div class=\"elementor-element elementor-element-7af080b e-flex e-con-boxed wpr-particle-no wpr-jarallax-no wpr-parallax-no wpr-sticky-section-no e-con e-parent\" data-id=\"7af080b\" data-element_type=\"container\">\n\t\t\t\t\t<div class=\"e-con-inner\">\n\t\t\t\t<div class=\"elementor-element elementor-element-498eb3f elementor-widget elementor-widget-heading\" data-id=\"498eb3f\" data-element_type=\"widget\" data-widget_type=\"heading.default\">\n\t\t\t\t<div class=\"elementor-widget-container\">\n\t\t\t\t\t<h3 class=\"elementor-heading-title elementor-size-default\"><a href=\"https:\/\/sanmiguelelalto.gob.mx\/difsma\/wp-content\/uploads\/2025\/03\/REGLAMENTO-DE-LA-LEY-GENERAL-DE-ACCESO-DE-LAS-MUJERES-A-UNA-VIDA-LIBRE-DE-VIOLENCIA-1.pdf\" target=\"_blank\">-REGLAMENTO DE LA LEY GENERAL DE ACCESO DE LAS MUJERES A UNA VIDA LIBRE DE VIOLENCIA<\/a><\/h3>\t\t\t\t<\/div>\n\t\t\t\t<\/div>\n\t\t\t\t\t<\/div>\n\t\t\t\t<\/div>\n\t\t<div class=\"elementor-element elementor-element-a131dc5 e-flex e-con-boxed wpr-particle-no wpr-jarallax-no wpr-parallax-no wpr-sticky-section-no e-con e-parent\" data-id=\"a131dc5\" data-element_type=\"container\">\n\t\t\t\t\t<div class=\"e-con-inner\">\n\t\t\t\t<div class=\"elementor-element elementor-element-a5b3220 elementor-widget elementor-widget-heading\" data-id=\"a5b3220\" data-element_type=\"widget\" data-widget_type=\"heading.default\">\n\t\t\t\t<div class=\"elementor-widget-container\">\n\t\t\t\t\t<h3 class=\"elementor-heading-title elementor-size-default\"><a href=\"https:\/\/sanmiguelelalto.gob.mx\/difsma\/wp-content\/uploads\/2025\/03\/REGLAMENTO-DE-LA-LEY-GENERAL-PARA-LA-INCLUSIoN-DE-LAS-PERSONAS-CON-DISCAPACIDAD-1.pdf\" target=\"_blank\">-REGLAMENTO DE LA LEY GENERAL PARA LA INCLUSI\u00d3N DE LAS PERSONAS CON DISCAPACIDAD<\/a><\/h3>\t\t\t\t<\/div>\n\t\t\t\t<\/div>\n\t\t\t\t\t<\/div>\n\t\t\t\t<\/div>\n\t\t<div class=\"elementor-element elementor-element-14fc062 e-flex e-con-boxed wpr-particle-no wpr-jarallax-no wpr-parallax-no wpr-sticky-section-no e-con e-parent\" data-id=\"14fc062\" data-element_type=\"container\">\n\t\t\t\t\t<div class=\"e-con-inner\">\n\t\t\t\t<div class=\"elementor-element elementor-element-3a041ca elementor-widget elementor-widget-heading\" data-id=\"3a041ca\" data-element_type=\"widget\" data-widget_type=\"heading.default\">\n\t\t\t\t<div class=\"elementor-widget-container\">\n\t\t\t\t\t<h2 class=\"elementor-heading-title elementor-size-default\">ESTATALES<\/h2>\t\t\t\t<\/div>\n\t\t\t\t<\/div>\n\t\t\t\t\t<\/div>\n\t\t\t\t<\/div>\n\t\t<div class=\"elementor-element elementor-element-e52ccbf e-flex e-con-boxed wpr-particle-no wpr-jarallax-no wpr-parallax-no wpr-sticky-section-no e-con e-parent\" data-id=\"e52ccbf\" data-element_type=\"container\">\n\t\t\t\t\t<div class=\"e-con-inner\">\n\t\t\t\t<div class=\"elementor-element elementor-element-5e42e02 elementor-widget elementor-widget-heading\" data-id=\"5e42e02\" data-element_type=\"widget\" data-widget_type=\"heading.default\">\n\t\t\t\t<div class=\"elementor-widget-container\">\n\t\t\t\t\t<h3 class=\"elementor-heading-title elementor-size-default\"><a href=\"https:\/\/sanmiguelelalto.gob.mx\/difsma\/wp-content\/uploads\/2025\/03\/REGLAMENTO-DE-LA-LEY-DE-TRANSPARENCIA-Y-ACCESO-A-LA-INFORMACIoN-PUBLICA-DEL-ESTADO-DE-JALISCO-Y-SUSMUNICIPIOS.pdf\" target=\"_blank\">-REGLAMENTO DE LA LEY DE TRANSPARENCIA Y ACCESO A LA INFORMACI\u00d3N PUBLICA DEL ESTADO DE JALISCO Y SUS MUNICIPIOS<\/a><\/h3>\t\t\t\t<\/div>\n\t\t\t\t<\/div>\n\t\t\t\t\t<\/div>\n\t\t\t\t<\/div>\n\t\t<div class=\"elementor-element elementor-element-0e501bf e-flex e-con-boxed wpr-particle-no wpr-jarallax-no wpr-parallax-no wpr-sticky-section-no e-con e-parent\" data-id=\"0e501bf\" data-element_type=\"container\">\n\t\t\t\t\t<div class=\"e-con-inner\">\n\t\t\t\t<div class=\"elementor-element elementor-element-4611ef4 elementor-widget elementor-widget-heading\" data-id=\"4611ef4\" data-element_type=\"widget\" data-widget_type=\"heading.default\">\n\t\t\t\t<div class=\"elementor-widget-container\">\n\t\t\t\t\t<h3 class=\"elementor-heading-title elementor-size-default\"><a href=\"https:\/\/sanmiguelelalto.gob.mx\/difsma\/wp-content\/uploads\/2025\/03\/REGLAMENTO-DE-LA-LEY-DE-LOS-DERECHOS-DE-NInAS-NINOS-Y-ADOLESCENTES-EN-EL-ESTADO-DE-JALISCO.doc\" target=\"_blank\">-REGLAMENTO DE LA LEY DE LOS DERECHOS DE NI\u00d1AS, NI\u00d1OS Y ADOLESCENTES EN EL ESTADO DE JALISCO<\/a><\/h3>\t\t\t\t<\/div>\n\t\t\t\t<\/div>\n\t\t\t\t\t<\/div>\n\t\t\t\t<\/div>\n\t\t<div class=\"elementor-element elementor-element-76b2841 e-flex e-con-boxed wpr-particle-no wpr-jarallax-no wpr-parallax-no wpr-sticky-section-no e-con e-parent\" data-id=\"76b2841\" data-element_type=\"container\">\n\t\t\t\t\t<div class=\"e-con-inner\">\n\t\t\t\t<div class=\"elementor-element elementor-element-ba5200a elementor-widget elementor-widget-heading\" data-id=\"ba5200a\" data-element_type=\"widget\" data-widget_type=\"heading.default\">\n\t\t\t\t<div class=\"elementor-widget-container\">\n\t\t\t\t\t<h3 class=\"elementor-heading-title elementor-size-default\"><a href=\"https:\/\/sanmiguelelalto.gob.mx\/difsma\/wp-content\/uploads\/2025\/03\/Reglamento-de-la-Ley-de-Acceso-de-las-Mujeres-a-una-Vida-Libre-de-Violencia-ultima-reforma-14-octubre-2008.doc\">-REGLAMENTO DE LA LEY DE ACCESO  DE LAS MUJERES A UNA VIDA LIBRE DE VIOLENCIA \u00daLTIMA REFORMA 14 OCTUBRE 2008<\/a><\/h3>\t\t\t\t<\/div>\n\t\t\t\t<\/div>\n\t\t\t\t\t<\/div>\n\t\t\t\t<\/div>\n\t\t<div class=\"elementor-element elementor-element-e73921a e-flex e-con-boxed wpr-particle-no wpr-jarallax-no wpr-parallax-no wpr-sticky-section-no e-con e-parent\" data-id=\"e73921a\" data-element_type=\"container\">\n\t\t\t\t\t<div class=\"e-con-inner\">\n\t\t\t\t<div class=\"elementor-element elementor-element-5c7a0c6 elementor-widget elementor-widget-heading\" data-id=\"5c7a0c6\" data-element_type=\"widget\" data-widget_type=\"heading.default\">\n\t\t\t\t<div class=\"elementor-widget-container\">\n\t\t\t\t\t<h3 class=\"elementor-heading-title elementor-size-default\">-REGLAMENTO DE LA LEY DE ACCESO DE LAS MUJERES A UNA VIDA LIBRE DE VIOLENCIA \u00daLTIMA REFORMA 14 OCTUBRE 2008<\/h3>\t\t\t\t<\/div>\n\t\t\t\t<\/div>\n\t\t\t\t\t<\/div>\n\t\t\t\t<\/div>\n\t\t<div class=\"elementor-element elementor-element-d2a052f e-flex e-con-boxed wpr-particle-no wpr-jarallax-no wpr-parallax-no wpr-sticky-section-no e-con e-parent\" data-id=\"d2a052f\" data-element_type=\"container\">\n\t\t\t\t\t<div class=\"e-con-inner\">\n\t\t\t\t<div class=\"elementor-element elementor-element-d67d74b elementor-widget elementor-widget-heading\" data-id=\"d67d74b\" data-element_type=\"widget\" data-widget_type=\"heading.default\">\n\t\t\t\t<div class=\"elementor-widget-container\">\n\t\t\t\t\t<h2 class=\"elementor-heading-title elementor-size-default\">MUNICIPALES<\/h2>\t\t\t\t<\/div>\n\t\t\t\t<\/div>\n\t\t\t\t\t<\/div>\n\t\t\t\t<\/div>\n\t\t<div class=\"elementor-element elementor-element-269190a e-flex e-con-boxed wpr-particle-no wpr-jarallax-no wpr-parallax-no wpr-sticky-section-no e-con e-parent\" data-id=\"269190a\" data-element_type=\"container\">\n\t\t\t\t\t<div class=\"e-con-inner\">\n\t\t\t\t<div class=\"elementor-element elementor-element-7e4eb75 elementor-widget elementor-widget-heading\" data-id=\"7e4eb75\" data-element_type=\"widget\" data-widget_type=\"heading.default\">\n\t\t\t\t<div class=\"elementor-widget-container\">\n\t\t\t\t\t<h3 class=\"elementor-heading-title elementor-size-default\"><a href=\"https:\/\/sanmiguelelalto.gob.mx\/difsma\/wp-content\/uploads\/2025\/03\/REGLAMENTO_DEL_SISTEMA_DIF_SAN_MIGUEL_EL_ALTO.pdf\" target=\"_blank\">-REGLAMENTO INTERNO DEL DIF MUNICIPAL SAN MIGUEL EL ALTO JALISCO.<\/a><\/h3>\t\t\t\t<\/div>\n\t\t\t\t<\/div>\n\t\t\t\t\t<\/div>\n\t\t\t\t<\/div>\n\t\t<div class=\"elementor-element elementor-element-18201cf e-flex e-con-boxed wpr-particle-no wpr-jarallax-no wpr-parallax-no wpr-sticky-section-no e-con e-parent\" data-id=\"18201cf\" data-element_type=\"container\">\n\t\t\t\t\t<div class=\"e-con-inner\">\n\t\t\t\t\t<\/div>\n\t\t\t\t<\/div>\n\t\t\t\t<\/div>\n\t\t","protected":false},"excerpt":{"rendered":"<p>LOS REGLAMENTOS FEDERALES, ESTATALES Y MUNICIPALES FEDERALES -REGLAMENTO DE LA LEY GENERAL DE LOS DERECHOS DE NI\u00d1AS, NI\u00d1OS Y ADOLESCENTES -REGLAMENTO DE LA LEY GENERAL DE ACCESO DE LAS MUJERES A UNA VIDA LIBRE DE VIOLENCIA -REGLAMENTO DE LEY FEDERAL DE PROTECCI\u00d3N DE DATOS PERSONALES EN POSESI\u00d3N DE LOS PARTICULARES -REGLAMENTO DE LA LEY GENERAL PARA LA INCLUSI\u00d3N DE LAS PERSONAS CON DISCAPACIDAD -REGLAMENTO DE LA LEY GENERAL DE LOS DERECHOS DE NI\u00d1AS, NI\u00d1OS Y ADOLESCENTES -REGLAMENTO DE LA LEY FEDERAL DE PROTECCI\u00d3N DE DATOS PARTICULARES EN POSESI\u00d3N DE LOS PARTICULARES -REGLAMENTO DE LA LEY GENERAL DE ACCESO DE LAS MUJERES A UNA VIDA LIBRE DE VIOLENCIA -REGLAMENTO DE LA LEY GENERAL PARA LA INCLUSI\u00d3N DE LAS PERSONAS CON DISCAPACIDAD ESTATALES -REGLAMENTO DE LA LEY DE TRANSPARENCIA Y ACCESO A LA INFORMACI\u00d3N PUBLICA DEL ESTADO DE JALISCO Y SUS MUNICIPIOS -REGLAMENTO DE LA LEY DE LOS DERECHOS DE NI\u00d1AS, NI\u00d1OS Y ADOLESCENTES EN EL ESTADO DE JALISCO -REGLAMENTO DE LA LEY DE ACCESO DE LAS MUJERES A UNA VIDA LIBRE DE VIOLENCIA \u00daLTIMA REFORMA 14 OCTUBRE 2008 -REGLAMENTO DE LA LEY DE ACCESO DE LAS MUJERES A UNA VIDA LIBRE DE VIOLENCIA \u00daLTIMA REFORMA 14 OCTUBRE 2008 MUNICIPALES -REGLAMENTO INTERNO DEL DIF MUNICIPAL SAN MIGUEL EL ALTO JALISCO.<\/p>\n","protected":false},"author":2,"featured_media":0,"parent":0,"menu_order":0,"comment_status":"closed","ping_status":"closed","template":"","meta":{"footnotes":""},"class_list":["post-2155","page","type-page","status-publish","hentry"],"_links":{"self":[{"href":"https:\/\/sanmiguelelalto.gob.mx\/difsma\/wp-json\/wp\/v2\/pages\/2155","targetHints":{"allow":["GET"]}}],"collection":[{"href":"https:\/\/sanmiguelelalto.gob.mx\/difsma\/wp-json\/wp\/v2\/pages"}],"about":[{"href":"https:\/\/sanmiguelelalto.gob.mx\/difsma\/wp-json\/wp\/v2\/types\/page"}],"author":[{"embeddable":true,"href":"https:\/\/sanmiguelelalto.gob.mx\/difsma\/wp-json\/wp\/v2\/users\/2"}],"replies":[{"embeddable":true,"href":"https:\/\/sanmiguelelalto.gob.mx\/difsma\/wp-json\/wp\/v2\/comments?post=2155"}],"version-history":[{"count":34,"href":"https:\/\/sanmiguelelalto.gob.mx\/difsma\/wp-json\/wp\/v2\/pages\/2155\/revisions"}],"predecessor-version":[{"id":2211,"href":"https:\/\/sanmiguelelalto.gob.mx\/difsma\/wp-json\/wp\/v2\/pages\/2155\/revisions\/2211"}],"wp:attachment":[{"href":"https:\/\/sanmiguelelalto.gob.mx\/difsma\/wp-json\/wp\/v2\/media?parent=2155"}],"curies":[{"name":"wp","href":"https:\/\/api.w.org\/{rel}","templated":true}]}}