{"id":2777,"date":"2025-04-01T08:59:07","date_gmt":"2025-04-01T14:59:07","guid":{"rendered":"https:\/\/sanmiguelelalto.gob.mx\/difsma\/?page_id=2777"},"modified":"2025-04-01T09:56:18","modified_gmt":"2025-04-01T15:56:18","slug":"inventario-de-bienes-muebles","status":"publish","type":"page","link":"https:\/\/sanmiguelelalto.gob.mx\/difsma\/inventario-de-bienes-muebles\/","title":{"rendered":"Inventario de bienes muebles"},"content":{"rendered":"\t\t<div data-elementor-type=\"wp-page\" data-elementor-id=\"2777\" class=\"elementor elementor-2777\">\n\t\t\t\t<div class=\"elementor-element elementor-element-e79f683 e-flex e-con-boxed wpr-particle-no wpr-jarallax-no wpr-parallax-no wpr-sticky-section-no e-con e-parent\" data-id=\"e79f683\" data-element_type=\"container\">\n\t\t\t\t\t<div class=\"e-con-inner\">\n\t\t\t\t<div class=\"elementor-element elementor-element-493f616 elementor-widget elementor-widget-heading\" data-id=\"493f616\" data-element_type=\"widget\" data-widget_type=\"heading.default\">\n\t\t\t\t<div class=\"elementor-widget-container\">\n\t\t\t\t\t<h1 class=\"elementor-heading-title elementor-size-default\">Inventario de bienes muebles<\/h1>\t\t\t\t<\/div>\n\t\t\t\t<\/div>\n\t\t\t\t\t<\/div>\n\t\t\t\t<\/div>\n\t\t<div class=\"elementor-element elementor-element-a797250 e-flex e-con-boxed wpr-particle-no wpr-jarallax-no wpr-parallax-no wpr-sticky-section-no e-con e-parent\" data-id=\"a797250\" data-element_type=\"container\">\n\t\t\t\t\t<div class=\"e-con-inner\">\n\t\t\t\t<div class=\"elementor-element elementor-element-b74a1b5 elementor-widget elementor-widget-heading\" data-id=\"b74a1b5\" data-element_type=\"widget\" data-widget_type=\"heading.default\">\n\t\t\t\t<div class=\"elementor-widget-container\">\n\t\t\t\t\t<h3 class=\"elementor-heading-title elementor-size-default\">\"SE INFORMA QUE NO SE CUENTA CON EL COSTO DEL BIEN Y LA FECHA DE ADQUISICI\u00d3N; YA QUE NO SE CUENTA CON LAS FACTURAS DE LA ADQUISICI\u00d3N DEL BIEN\"<\/h3>\t\t\t\t<\/div>\n\t\t\t\t<\/div>\n\t\t\t\t\t<\/div>\n\t\t\t\t<\/div>\n\t\t<div class=\"elementor-element elementor-element-327e9e4 e-flex e-con-boxed wpr-particle-no wpr-jarallax-no wpr-parallax-no wpr-sticky-section-no e-con e-parent\" data-id=\"327e9e4\" data-element_type=\"container\">\n\t\t\t\t\t<div class=\"e-con-inner\">\n\t\t\t\t<div class=\"elementor-element elementor-element-7f149fb elementor-widget elementor-widget-heading\" data-id=\"7f149fb\" data-element_type=\"widget\" data-widget_type=\"heading.default\">\n\t\t\t\t<div class=\"elementor-widget-container\">\n\t\t\t\t\t<h2 class=\"elementor-heading-title elementor-size-default\"><a href=\"https:\/\/sanmiguelelalto.gob.mx\/difsma\/wp-content\/uploads\/2025\/04\/b0507b56_acta-de-entrega-recepcionpdf.pdf\" target=\"_blank\">Acta de entrega y recepci\u00f3n.<\/a><\/h2>\t\t\t\t<\/div>\n\t\t\t\t<\/div>\n\t\t\t\t\t<\/div>\n\t\t\t\t<\/div>\n\t\t<div class=\"elementor-element elementor-element-98370c1 e-flex e-con-boxed wpr-particle-no wpr-jarallax-no wpr-parallax-no wpr-sticky-section-no e-con e-parent\" data-id=\"98370c1\" data-element_type=\"container\">\n\t\t\t\t\t<div class=\"e-con-inner\">\n\t\t\t\t<div class=\"elementor-element elementor-element-6c78cdc e-n-tabs-mobile elementor-widget elementor-widget-n-tabs\" data-id=\"6c78cdc\" data-element_type=\"widget\" data-settings=\"{&quot;horizontal_scroll&quot;:&quot;disable&quot;}\" data-widget_type=\"nested-tabs.default\">\n\t\t\t\t<div class=\"elementor-widget-container\">\n\t\t\t\t\t\t\t<div class=\"e-n-tabs\" data-widget-number=\"113741020\" aria-label=\"Pesta\u00f1as. Abre elementos con Intro o Espacio, ci\u00e9rralos con Escape y navega con las fechas.\">\n\t\t\t<div class=\"e-n-tabs-heading\" role=\"tablist\">\n\t\t\t\t\t<button id=\"e-n-tab-title-1137410201\" data-tab-title-id=\"e-n-tab-title-1137410201\" class=\"e-n-tab-title\" aria-selected=\"true\" data-tab-index=\"1\" role=\"tab\" tabindex=\"0\" aria-controls=\"e-n-tab-content-1137410201\" style=\"--n-tabs-title-order: 1;\">\n\t\t\t\t\t\t<span class=\"e-n-tab-title-text\">\n\t\t\t\t2018-2021\t\t\t<\/span>\n\t\t<\/button>\n\t\t\t\t<button id=\"e-n-tab-title-1137410202\" data-tab-title-id=\"e-n-tab-title-1137410202\" class=\"e-n-tab-title\" aria-selected=\"false\" data-tab-index=\"2\" role=\"tab\" tabindex=\"-1\" aria-controls=\"e-n-tab-content-1137410202\" style=\"--n-tabs-title-order: 2;\">\n\t\t\t\t\t\t<span class=\"e-n-tab-title-text\">\n\t\t\t\t2017\t\t\t<\/span>\n\t\t<\/button>\n\t\t\t\t<button id=\"e-n-tab-title-1137410203\" data-tab-title-id=\"e-n-tab-title-1137410203\" class=\"e-n-tab-title\" aria-selected=\"false\" data-tab-index=\"3\" role=\"tab\" tabindex=\"-1\" aria-controls=\"e-n-tab-content-1137410203\" style=\"--n-tabs-title-order: 3;\">\n\t\t\t\t\t\t<span class=\"e-n-tab-title-text\">\n\t\t\t\t2016\t\t\t<\/span>\n\t\t<\/button>\n\t\t\t\t<button id=\"e-n-tab-title-1137410204\" data-tab-title-id=\"e-n-tab-title-1137410204\" class=\"e-n-tab-title\" aria-selected=\"false\" data-tab-index=\"4\" role=\"tab\" tabindex=\"-1\" aria-controls=\"e-n-tab-content-1137410204\" style=\"--n-tabs-title-order: 4;\">\n\t\t\t\t\t\t<span class=\"e-n-tab-title-text\">\n\t\t\t\t2015\t\t\t<\/span>\n\t\t<\/button>\n\t\t\t\t\t<\/div>\n\t\t\t<div class=\"e-n-tabs-content\">\n\t\t\t\t<div id=\"e-n-tab-content-1137410201\" role=\"tabpanel\" aria-labelledby=\"e-n-tab-title-1137410201\" data-tab-index=\"1\" style=\"--n-tabs-title-order: 1;\" class=\"e-active elementor-element elementor-element-c453310 e-con-full e-flex wpr-particle-no wpr-jarallax-no wpr-parallax-no wpr-sticky-section-no e-con e-child\" data-id=\"c453310\" data-element_type=\"container\">\n\t\t\t\t<div class=\"elementor-element elementor-element-2475848 elementor-widget elementor-widget-text-editor\" data-id=\"2475848\" data-element_type=\"widget\" data-widget_type=\"text-editor.default\">\n\t\t\t\t<div class=\"elementor-widget-container\">\n\t\t\t\t\t\t\t\t\t<ul><li><a href=\"https:\/\/sanmiguelelalto.gob.mx\/difsma\/wp-content\/uploads\/2025\/04\/e1026a91_inventario-de-comedor-de-piedras-negraspdf.pdf\" target=\"_blank\" rel=\"noopener\">Inventario de comedor de Piedras negras.<\/a><\/li><li><a href=\"https:\/\/sanmiguelelalto.gob.mx\/difsma\/wp-content\/uploads\/2025\/04\/e7a89ce6_inventario-de-comedorpdf.pdf\" target=\"_blank\" rel=\"noopener\">Inventario de comedor.<\/a><\/li><li><a href=\"https:\/\/sanmiguelelalto.gob.mx\/difsma\/wp-content\/uploads\/2025\/04\/c5769f13_inventario-de-bienes-muebles-administrativospdf.pdf\" target=\"_blank\" rel=\"noopener\">Inventario de bienes muebles administrativos.<\/a> (El inventario de veh\u00edculos se encuentra en la p\u00e1gina 12)<\/li><li><a href=\"https:\/\/sanmiguelelalto.gob.mx\/difsma\/wp-content\/uploads\/2025\/04\/6f0b9d34_inventario-de-la-uavipdf.pdf\" target=\"_blank\" rel=\"noopener\">Inventario de la UAVI.<\/a><\/li><li><a href=\"https:\/\/sanmiguelelalto.gob.mx\/difsma\/wp-content\/uploads\/2025\/04\/bd65b9b2_inventario-del-centro-a-proteccion-a-la-infanciapdf.pdf\" target=\"_blank\" rel=\"noopener\">Inventario del Centro de Protecci\u00f3n a la Infancia.<\/a><\/li><li><a href=\"https:\/\/sanmiguelelalto.gob.mx\/difsma\/wp-content\/uploads\/2025\/04\/c6b01d38_inventario-de-la-unidad-basica-de-rehabilitacinpdf-1.pdf\" target=\"_blank\" rel=\"noopener\">Inventario de la Unidad B\u00e1sica de Rehabilitaci\u00f3n.<\/a><\/li><\/ul>\t\t\t\t\t\t\t\t<\/div>\n\t\t\t\t<\/div>\n\t\t\t\t<\/div>\n\t\t<div id=\"e-n-tab-content-1137410202\" role=\"tabpanel\" aria-labelledby=\"e-n-tab-title-1137410202\" data-tab-index=\"2\" style=\"--n-tabs-title-order: 2;\" class=\" elementor-element elementor-element-6275484 e-con-full e-flex wpr-particle-no wpr-jarallax-no wpr-parallax-no wpr-sticky-section-no e-con e-child\" data-id=\"6275484\" data-element_type=\"container\">\n\t\t\t\t<div class=\"elementor-element elementor-element-2c9e9d1 elementor-widget elementor-widget-text-editor\" data-id=\"2c9e9d1\" data-element_type=\"widget\" data-widget_type=\"text-editor.default\">\n\t\t\t\t<div class=\"elementor-widget-container\">\n\t\t\t\t\t\t\t\t\t<ul><li><a href=\"https:\/\/sanmiguelelalto.gob.mx\/difsma\/wp-content\/uploads\/2025\/04\/INVENTARIO-2017-CENTRO-DE-PROTECCION-A-LA-INFANCIA.pdf\" target=\"_blank\" rel=\"noopener\">Centro de Protecci\u00f3n a la Infancia.<\/a><\/li><li><a href=\"https:\/\/sanmiguelelalto.gob.mx\/difsma\/wp-content\/uploads\/2025\/04\/INVENTARIO-DE-UBR-2017.pdf\" target=\"_blank\" rel=\"noopener\">Unidad B\u00e1sica de Rehabilitaci\u00f3n.<\/a><\/li><li><a href=\"https:\/\/sanmiguelelalto.gob.mx\/difsma\/wp-content\/uploads\/2025\/04\/INVENTARIO-DIF-2017.pdf\" target=\"_blank\" rel=\"noopener\">DIF.<\/a> (En la p\u00e1gina 2 se encuentra el inventario de veh\u00edculos)<\/li><li><a href=\"https:\/\/sanmiguelelalto.gob.mx\/difsma\/wp-content\/uploads\/2025\/04\/INVENTARIO-2017-COMEDOR-ASISTENCIAL-MUEBLES.pdf\" target=\"_blank\" rel=\"noopener\">Comedor asistencial.<\/a><\/li><\/ul>\t\t\t\t\t\t\t\t<\/div>\n\t\t\t\t<\/div>\n\t\t\t\t<\/div>\n\t\t<div id=\"e-n-tab-content-1137410203\" role=\"tabpanel\" aria-labelledby=\"e-n-tab-title-1137410203\" data-tab-index=\"3\" style=\"--n-tabs-title-order: 3;\" class=\" elementor-element elementor-element-d937e0d e-flex e-con-boxed wpr-particle-no wpr-jarallax-no wpr-parallax-no wpr-sticky-section-no e-con e-child\" data-id=\"d937e0d\" data-element_type=\"container\">\n\t\t\t\t\t<div class=\"e-con-inner\">\n\t\t\t\t<div class=\"elementor-element elementor-element-60522d2 elementor-widget elementor-widget-text-editor\" data-id=\"60522d2\" data-element_type=\"widget\" data-widget_type=\"text-editor.default\">\n\t\t\t\t<div class=\"elementor-widget-container\">\n\t\t\t\t\t\t\t\t\t<ul><li><a href=\"https:\/\/sanmiguelelalto.gob.mx\/difsma\/wp-content\/uploads\/2025\/04\/InventarioUBR2016.pdf\" target=\"_blank\" rel=\"noopener\">Unidad B\u00e1sica de Rehabilitaci\u00f3n.<\/a><\/li><li><a href=\"https:\/\/sanmiguelelalto.gob.mx\/difsma\/wp-content\/uploads\/2025\/04\/InventarioCPI2016.pdf\" target=\"_blank\" rel=\"noopener\">Centro de Protecci\u00f3n a la infancia.<\/a><\/li><li><a href=\"https:\/\/sanmiguelelalto.gob.mx\/difsma\/wp-content\/uploads\/2025\/04\/InventarioComedor2016.pdf\" target=\"_blank\" rel=\"noopener\">Comedor asistencial.<\/a><\/li><\/ul>\t\t\t\t\t\t\t\t<\/div>\n\t\t\t\t<\/div>\n\t\t\t\t\t<\/div>\n\t\t\t\t<\/div>\n\t\t<div id=\"e-n-tab-content-1137410204\" role=\"tabpanel\" aria-labelledby=\"e-n-tab-title-1137410204\" data-tab-index=\"4\" style=\"--n-tabs-title-order: 4;\" class=\" elementor-element elementor-element-68448a9 e-flex e-con-boxed wpr-particle-no wpr-jarallax-no wpr-parallax-no wpr-sticky-section-no e-con e-child\" data-id=\"68448a9\" data-element_type=\"container\">\n\t\t\t\t\t<div class=\"e-con-inner\">\n\t\t\t\t<div class=\"elementor-element elementor-element-66b27d5 elementor-widget elementor-widget-text-editor\" data-id=\"66b27d5\" data-element_type=\"widget\" data-widget_type=\"text-editor.default\">\n\t\t\t\t<div class=\"elementor-widget-container\">\n\t\t\t\t\t\t\t\t\t<ul><li><a href=\"https:\/\/sanmiguelelalto.gob.mx\/difsma\/wp-content\/uploads\/2025\/04\/InventarioUBR2015.pdf\" target=\"_blank\" rel=\"noopener\">Unidad B\u00e1sica de Rehabilitaci\u00f3n.<\/a><\/li><li><a href=\"https:\/\/sanmiguelelalto.gob.mx\/difsma\/wp-content\/uploads\/2025\/04\/InventarioCPI2015.pdf\" target=\"_blank\" rel=\"noopener\">Centro de Protecci\u00f3n a la Infancia.<\/a><\/li><\/ul>\t\t\t\t\t\t\t\t<\/div>\n\t\t\t\t<\/div>\n\t\t\t\t\t<\/div>\n\t\t\t\t<\/div>\n\t\t\t\t\t<\/div>\n\t\t<\/div>\n\t\t\t\t\t\t<\/div>\n\t\t\t\t<\/div>\n\t\t\t\t\t<\/div>\n\t\t\t\t<\/div>\n\t\t<div class=\"elementor-element elementor-element-ad68b0e e-flex e-con-boxed wpr-particle-no wpr-jarallax-no wpr-parallax-no wpr-sticky-section-no e-con e-parent\" data-id=\"ad68b0e\" data-element_type=\"container\">\n\t\t\t\t\t<div class=\"e-con-inner\">\n\t\t\t\t<div class=\"elementor-element elementor-element-54a2354 elementor-widget elementor-widget-image\" data-id=\"54a2354\" data-element_type=\"widget\" data-widget_type=\"image.default\">\n\t\t\t\t<div class=\"elementor-widget-container\">\n\t\t\t\t\t\t\t\t\t\t\t\t\t\t\t<img decoding=\"async\" src=\"https:\/\/sanmiguelelalto.gob.mx\/difsma\/wp-content\/uploads\/2025\/04\/InventarioCPI2015.pdf\" title=\"\" alt=\"\" loading=\"lazy\" \/>\t\t\t\t\t\t\t\t\t\t\t\t\t\t\t<\/div>\n\t\t\t\t<\/div>\n\t\t\t\t\t<\/div>\n\t\t\t\t<\/div>\n\t\t\t\t<\/div>\n\t\t","protected":false},"excerpt":{"rendered":"<p>Inventario de bienes muebles \u00abSE INFORMA QUE NO SE CUENTA CON EL COSTO DEL BIEN Y LA FECHA DE ADQUISICI\u00d3N; YA QUE NO SE CUENTA CON LAS FACTURAS DE LA ADQUISICI\u00d3N DEL BIEN\u00bb Acta de entrega y recepci\u00f3n. 2018-2021 2017 2016 2015 Inventario de comedor de Piedras negras. Inventario de comedor. Inventario de bienes muebles administrativos. (El inventario de veh\u00edculos se encuentra en la p\u00e1gina 12) Inventario de la UAVI. Inventario del Centro de Protecci\u00f3n a la Infancia. Inventario de la Unidad B\u00e1sica de Rehabilitaci\u00f3n. Centro de Protecci\u00f3n a la Infancia. Unidad B\u00e1sica de Rehabilitaci\u00f3n. DIF. (En la p\u00e1gina 2 se encuentra el inventario de veh\u00edculos) Comedor asistencial. Unidad B\u00e1sica de Rehabilitaci\u00f3n. Centro de Protecci\u00f3n a la infancia. Comedor asistencial. Unidad B\u00e1sica de Rehabilitaci\u00f3n. Centro de Protecci\u00f3n a la Infancia. Inventario de comedor de Piedras negras. Inventario de comedor. Inventario de bienes muebles administrativos. (El inventario de veh\u00edculos se encuentra en la p\u00e1gina 12) Inventario de la UAVI. Inventario del Centro de Protecci\u00f3n a la Infancia. Inventario de la Unidad B\u00e1sica de Rehabilitaci\u00f3n. Centro de Protecci\u00f3n a la Infancia. Unidad B\u00e1sica de Rehabilitaci\u00f3n. DIF. (En la p\u00e1gina 2 se encuentra el inventario de veh\u00edculos) Comedor asistencial. Unidad B\u00e1sica de Rehabilitaci\u00f3n. Centro de Protecci\u00f3n a la infancia. Comedor asistencial. Unidad B\u00e1sica de Rehabilitaci\u00f3n. Centro de Protecci\u00f3n a la Infancia.<\/p>\n","protected":false},"author":2,"featured_media":0,"parent":0,"menu_order":0,"comment_status":"closed","ping_status":"closed","template":"","meta":{"footnotes":""},"class_list":["post-2777","page","type-page","status-publish","hentry"],"_links":{"self":[{"href":"https:\/\/sanmiguelelalto.gob.mx\/difsma\/wp-json\/wp\/v2\/pages\/2777","targetHints":{"allow":["GET"]}}],"collection":[{"href":"https:\/\/sanmiguelelalto.gob.mx\/difsma\/wp-json\/wp\/v2\/pages"}],"about":[{"href":"https:\/\/sanmiguelelalto.gob.mx\/difsma\/wp-json\/wp\/v2\/types\/page"}],"author":[{"embeddable":true,"href":"https:\/\/sanmiguelelalto.gob.mx\/difsma\/wp-json\/wp\/v2\/users\/2"}],"replies":[{"embeddable":true,"href":"https:\/\/sanmiguelelalto.gob.mx\/difsma\/wp-json\/wp\/v2\/comments?post=2777"}],"version-history":[{"count":19,"href":"https:\/\/sanmiguelelalto.gob.mx\/difsma\/wp-json\/wp\/v2\/pages\/2777\/revisions"}],"predecessor-version":[{"id":2817,"href":"https:\/\/sanmiguelelalto.gob.mx\/difsma\/wp-json\/wp\/v2\/pages\/2777\/revisions\/2817"}],"wp:attachment":[{"href":"https:\/\/sanmiguelelalto.gob.mx\/difsma\/wp-json\/wp\/v2\/media?parent=2777"}],"curies":[{"name":"wp","href":"https:\/\/api.w.org\/{rel}","templated":true}]}}