{"id":2821,"date":"2025-04-01T10:16:10","date_gmt":"2025-04-01T16:16:10","guid":{"rendered":"https:\/\/sanmiguelelalto.gob.mx\/difsma\/?page_id=2821"},"modified":"2025-04-01T10:21:48","modified_gmt":"2025-04-01T16:21:48","slug":"inventario-de-inmuebles","status":"publish","type":"page","link":"https:\/\/sanmiguelelalto.gob.mx\/difsma\/inventario-de-inmuebles\/","title":{"rendered":"Inventario de Inmuebles"},"content":{"rendered":"\t\t<div data-elementor-type=\"wp-page\" data-elementor-id=\"2821\" class=\"elementor elementor-2821\">\n\t\t\t\t<div class=\"elementor-element elementor-element-47fbff1 e-flex e-con-boxed wpr-particle-no wpr-jarallax-no wpr-parallax-no wpr-sticky-section-no e-con e-parent\" data-id=\"47fbff1\" data-element_type=\"container\">\n\t\t\t\t\t<div class=\"e-con-inner\">\n\t\t\t\t<div class=\"elementor-element elementor-element-a357750 elementor-widget elementor-widget-heading\" data-id=\"a357750\" data-element_type=\"widget\" data-widget_type=\"heading.default\">\n\t\t\t\t<div class=\"elementor-widget-container\">\n\t\t\t\t\t<h1 class=\"elementor-heading-title elementor-size-default\">Los inventarios de bienes inmuebles\n<\/h1>\t\t\t\t<\/div>\n\t\t\t\t<\/div>\n\t\t\t\t\t<\/div>\n\t\t\t\t<\/div>\n\t\t<div class=\"elementor-element elementor-element-2c4c6e4 e-flex e-con-boxed wpr-particle-no wpr-jarallax-no wpr-parallax-no wpr-sticky-section-no e-con e-parent\" data-id=\"2c4c6e4\" data-element_type=\"container\">\n\t\t\t\t\t<div class=\"e-con-inner\">\n\t\t\t\t<div class=\"elementor-element elementor-element-908d54e elementor-widget elementor-widget-heading\" data-id=\"908d54e\" data-element_type=\"widget\" data-widget_type=\"heading.default\">\n\t\t\t\t<div class=\"elementor-widget-container\">\n\t\t\t\t\t<h3 class=\"elementor-heading-title elementor-size-default\">\"SE INFORMA QUE NO SE CUENTA CON EL COSTO DEL BIEN Y LA FECHA DE ADQUISICI\u00d3N; YA QUE NO SE CUENTA CON LAS FACTURAS DE LA ADQUISICI\u00d3N DEL BIEN\"<\/h3>\t\t\t\t<\/div>\n\t\t\t\t<\/div>\n\t\t\t\t\t<\/div>\n\t\t\t\t<\/div>\n\t\t<div class=\"elementor-element elementor-element-1110c7f e-flex e-con-boxed wpr-particle-no wpr-jarallax-no wpr-parallax-no wpr-sticky-section-no e-con e-parent\" data-id=\"1110c7f\" data-element_type=\"container\">\n\t\t\t\t\t<div class=\"e-con-inner\">\n\t\t\t\t<div class=\"elementor-element elementor-element-1c5cbad elementor-widget elementor-widget-text-editor\" data-id=\"1c5cbad\" data-element_type=\"widget\" data-widget_type=\"text-editor.default\">\n\t\t\t\t<div class=\"elementor-widget-container\">\n\t\t\t\t\t\t\t\t\t<p style=\"text-align: center;\"><em><strong>De 3 a\u00f1os a la fecha solamente se ha adquirido este bien inmueble.<\/strong><\/em><\/p><ul><li><a href=\"https:\/\/sanmiguelelalto.gob.mx\/difsma\/wp-content\/uploads\/2025\/04\/InventarioBienesDIFComedor-Asistdf.pdf\" target=\"_blank\" rel=\"noopener\">DIF comedor asitencial.<\/a><\/li><li><a href=\"https:\/\/sanmiguelelalto.gob.mx\/difsma\/wp-content\/uploads\/2025\/04\/InventarioBienesUBRpdf.pdf\" target=\"_blank\" rel=\"noopener\">Unidad B\u00e1sica de Rehabilitaci\u00f3n.<\/a><\/li><li><a href=\"https:\/\/sanmiguelelalto.gob.mx\/difsma\/wp-content\/uploads\/2025\/04\/InvbienesinmCPIpdf.pdf\" target=\"_blank\" rel=\"noopener\">Centro de Protecci\u00f3n a la infancia.<\/a><\/li><\/ul>\t\t\t\t\t\t\t\t<\/div>\n\t\t\t\t<\/div>\n\t\t\t\t\t<\/div>\n\t\t\t\t<\/div>\n\t\t<div class=\"elementor-element elementor-element-1e14e61 e-flex e-con-boxed wpr-particle-no wpr-jarallax-no wpr-parallax-no wpr-sticky-section-no e-con e-parent\" data-id=\"1e14e61\" data-element_type=\"container\">\n\t\t\t\t\t<div class=\"e-con-inner\">\n\t\t\t\t<div class=\"elementor-element elementor-element-0408522 elementor-widget elementor-widget-image\" data-id=\"0408522\" data-element_type=\"widget\" data-widget_type=\"image.default\">\n\t\t\t\t<div class=\"elementor-widget-container\">\n\t\t\t\t\t\t\t\t\t\t\t\t\t\t\t<img decoding=\"async\" src=\"https:\/\/sanmiguelelalto.gob.mx\/difsma\/wp-content\/uploads\/2025\/04\/InventarioBienesDIFComedor-Asistdf.pdf\" title=\"\" alt=\"\" loading=\"lazy\" \/>\t\t\t\t\t\t\t\t\t\t\t\t\t\t\t<\/div>\n\t\t\t\t<\/div>\n\t\t\t\t\t<\/div>\n\t\t\t\t<\/div>\n\t\t\t\t<\/div>\n\t\t","protected":false},"excerpt":{"rendered":"<p>Los inventarios de bienes inmuebles \u00abSE INFORMA QUE NO SE CUENTA CON EL COSTO DEL BIEN Y LA FECHA DE ADQUISICI\u00d3N; YA QUE NO SE CUENTA CON LAS FACTURAS DE LA ADQUISICI\u00d3N DEL BIEN\u00bb De 3 a\u00f1os a la fecha solamente se ha adquirido este bien inmueble. DIF comedor asitencial. Unidad B\u00e1sica de Rehabilitaci\u00f3n. Centro de Protecci\u00f3n a la infancia.<\/p>\n","protected":false},"author":2,"featured_media":0,"parent":0,"menu_order":0,"comment_status":"closed","ping_status":"closed","template":"","meta":{"footnotes":""},"class_list":["post-2821","page","type-page","status-publish","hentry"],"_links":{"self":[{"href":"https:\/\/sanmiguelelalto.gob.mx\/difsma\/wp-json\/wp\/v2\/pages\/2821","targetHints":{"allow":["GET"]}}],"collection":[{"href":"https:\/\/sanmiguelelalto.gob.mx\/difsma\/wp-json\/wp\/v2\/pages"}],"about":[{"href":"https:\/\/sanmiguelelalto.gob.mx\/difsma\/wp-json\/wp\/v2\/types\/page"}],"author":[{"embeddable":true,"href":"https:\/\/sanmiguelelalto.gob.mx\/difsma\/wp-json\/wp\/v2\/users\/2"}],"replies":[{"embeddable":true,"href":"https:\/\/sanmiguelelalto.gob.mx\/difsma\/wp-json\/wp\/v2\/comments?post=2821"}],"version-history":[{"count":10,"href":"https:\/\/sanmiguelelalto.gob.mx\/difsma\/wp-json\/wp\/v2\/pages\/2821\/revisions"}],"predecessor-version":[{"id":2837,"href":"https:\/\/sanmiguelelalto.gob.mx\/difsma\/wp-json\/wp\/v2\/pages\/2821\/revisions\/2837"}],"wp:attachment":[{"href":"https:\/\/sanmiguelelalto.gob.mx\/difsma\/wp-json\/wp\/v2\/media?parent=2821"}],"curies":[{"name":"wp","href":"https:\/\/api.w.org\/{rel}","templated":true}]}}