{"id":2962,"date":"2025-04-03T12:12:14","date_gmt":"2025-04-03T18:12:14","guid":{"rendered":"https:\/\/sanmiguelelalto.gob.mx\/difsma\/?page_id=2962"},"modified":"2025-04-03T13:57:15","modified_gmt":"2025-04-03T19:57:15","slug":"los-convenios-contratos-y-demas-instrumentos-juridicos-suscritos-por-el-sujeto-obligado-de-cuando-menos-los-ultimos-tres-anos","status":"publish","type":"page","link":"https:\/\/sanmiguelelalto.gob.mx\/difsma\/los-convenios-contratos-y-demas-instrumentos-juridicos-suscritos-por-el-sujeto-obligado-de-cuando-menos-los-ultimos-tres-anos\/","title":{"rendered":"Los convenios, contratos y dem\u00e1s instrumentos jur\u00eddicos suscritos por el sujeto obligado, de cuando menos los \u00faltimos tres a\u00f1os;"},"content":{"rendered":"\t\t<div data-elementor-type=\"wp-page\" data-elementor-id=\"2962\" class=\"elementor elementor-2962\">\n\t\t\t\t<div class=\"elementor-element elementor-element-6f80a0d e-flex e-con-boxed wpr-particle-no wpr-jarallax-no wpr-parallax-no wpr-sticky-section-no e-con e-parent\" data-id=\"6f80a0d\" data-element_type=\"container\">\n\t\t\t\t\t<div class=\"e-con-inner\">\n\t\t\t\t<div class=\"elementor-element elementor-element-a0a6dd2 elementor-widget elementor-widget-heading\" data-id=\"a0a6dd2\" data-element_type=\"widget\" data-widget_type=\"heading.default\">\n\t\t\t\t<div class=\"elementor-widget-container\">\n\t\t\t\t\t<h1 class=\"elementor-heading-title elementor-size-default\">Los convenios, contratos y dem\u00e1s instrumentos jur\u00eddicos suscritos por el sujeto obligado, de cuando menos los \u00faltimos tres a\u00f1os<\/h1>\t\t\t\t<\/div>\n\t\t\t\t<\/div>\n\t\t\t\t\t<\/div>\n\t\t\t\t<\/div>\n\t\t<div class=\"elementor-element elementor-element-d506de3 e-flex e-con-boxed wpr-particle-no wpr-jarallax-no wpr-parallax-no wpr-sticky-section-no e-con e-parent\" data-id=\"d506de3\" data-element_type=\"container\">\n\t\t\t\t\t<div class=\"e-con-inner\">\n\t\t\t\t<div class=\"elementor-element elementor-element-761e3c6 e-n-tabs-mobile elementor-widget elementor-widget-n-tabs\" data-id=\"761e3c6\" data-element_type=\"widget\" data-settings=\"{&quot;horizontal_scroll&quot;:&quot;disable&quot;}\" data-widget_type=\"nested-tabs.default\">\n\t\t\t\t<div class=\"elementor-widget-container\">\n\t\t\t\t\t\t\t<div class=\"e-n-tabs\" data-widget-number=\"123855814\" aria-label=\"Pesta\u00f1as. Abre elementos con Intro o Espacio, ci\u00e9rralos con Escape y navega con las fechas.\">\n\t\t\t<div class=\"e-n-tabs-heading\" role=\"tablist\">\n\t\t\t\t\t<button id=\"e-n-tab-title-1238558141\" data-tab-title-id=\"e-n-tab-title-1238558141\" class=\"e-n-tab-title\" aria-selected=\"true\" data-tab-index=\"1\" role=\"tab\" tabindex=\"0\" aria-controls=\"e-n-tab-content-1238558141\" style=\"--n-tabs-title-order: 1;\">\n\t\t\t\t\t\t<span class=\"e-n-tab-title-text\">\n\t\t\t\t2018\t\t\t<\/span>\n\t\t<\/button>\n\t\t\t\t<button id=\"e-n-tab-title-1238558142\" data-tab-title-id=\"e-n-tab-title-1238558142\" class=\"e-n-tab-title\" aria-selected=\"false\" data-tab-index=\"2\" role=\"tab\" tabindex=\"-1\" aria-controls=\"e-n-tab-content-1238558142\" style=\"--n-tabs-title-order: 2;\">\n\t\t\t\t\t\t<span class=\"e-n-tab-title-text\">\n\t\t\t\t2017\t\t\t<\/span>\n\t\t<\/button>\n\t\t\t\t<button id=\"e-n-tab-title-1238558143\" data-tab-title-id=\"e-n-tab-title-1238558143\" class=\"e-n-tab-title\" aria-selected=\"false\" data-tab-index=\"3\" role=\"tab\" tabindex=\"-1\" aria-controls=\"e-n-tab-content-1238558143\" style=\"--n-tabs-title-order: 3;\">\n\t\t\t\t\t\t<span class=\"e-n-tab-title-text\">\n\t\t\t\t2016\t\t\t<\/span>\n\t\t<\/button>\n\t\t\t\t<button id=\"e-n-tab-title-1238558144\" data-tab-title-id=\"e-n-tab-title-1238558144\" class=\"e-n-tab-title\" aria-selected=\"false\" data-tab-index=\"4\" role=\"tab\" tabindex=\"-1\" aria-controls=\"e-n-tab-content-1238558144\" style=\"--n-tabs-title-order: 4;\">\n\t\t\t\t\t\t<span class=\"e-n-tab-title-text\">\n\t\t\t\t2015\t\t\t<\/span>\n\t\t<\/button>\n\t\t\t\t<button id=\"e-n-tab-title-1238558145\" data-tab-title-id=\"e-n-tab-title-1238558145\" class=\"e-n-tab-title\" aria-selected=\"false\" data-tab-index=\"5\" role=\"tab\" tabindex=\"-1\" aria-controls=\"e-n-tab-content-1238558145\" style=\"--n-tabs-title-order: 5;\">\n\t\t\t\t\t\t<span class=\"e-n-tab-title-text\">\n\t\t\t\t2014\t\t\t<\/span>\n\t\t<\/button>\n\t\t\t\t\t<\/div>\n\t\t\t<div class=\"e-n-tabs-content\">\n\t\t\t\t<div id=\"e-n-tab-content-1238558141\" role=\"tabpanel\" aria-labelledby=\"e-n-tab-title-1238558141\" data-tab-index=\"1\" style=\"--n-tabs-title-order: 1;\" class=\"e-active elementor-element elementor-element-b72a281 e-con-full e-flex wpr-particle-no wpr-jarallax-no wpr-parallax-no wpr-sticky-section-no e-con e-child\" data-id=\"b72a281\" data-element_type=\"container\">\n\t\t\t\t<div class=\"elementor-element elementor-element-3322e48 elementor-widget elementor-widget-text-editor\" data-id=\"3322e48\" data-element_type=\"widget\" data-widget_type=\"text-editor.default\">\n\t\t\t\t<div class=\"elementor-widget-container\">\n\t\t\t\t\t\t\t\t\t<ul><li><a href=\"https:\/\/sanmiguelelalto.gob.mx\/difsma\/wp-content\/uploads\/2025\/04\/169b6d57_convenio-de-colaboracion-2018pdf.pdf\" target=\"_blank\" rel=\"noopener\">Convenio de colaboraci\u00f3n 1<\/a><\/li><li><a href=\"https:\/\/sanmiguelelalto.gob.mx\/difsma\/wp-content\/uploads\/2025\/04\/ef1d277c_convenio-de-colaboracion-2018-2pdf.pdf\" target=\"_blank\" rel=\"noopener\">Convenio de colaboraci\u00f3n 2<\/a><\/li><li><a href=\"https:\/\/sanmiguelelalto.gob.mx\/difsma\/wp-content\/uploads\/2025\/04\/f0488587_convenio-de-coordinacionpdf.pdf\" target=\"_blank\" rel=\"noopener\">Convenio de coordinaci\u00f3n.<\/a><\/li><\/ul>\t\t\t\t\t\t\t\t<\/div>\n\t\t\t\t<\/div>\n\t\t\t\t<\/div>\n\t\t<div id=\"e-n-tab-content-1238558142\" role=\"tabpanel\" aria-labelledby=\"e-n-tab-title-1238558142\" data-tab-index=\"2\" style=\"--n-tabs-title-order: 2;\" class=\" elementor-element elementor-element-8cf5089 e-con-full e-flex wpr-particle-no wpr-jarallax-no wpr-parallax-no wpr-sticky-section-no e-con e-child\" data-id=\"8cf5089\" data-element_type=\"container\">\n\t\t\t\t<div class=\"elementor-element elementor-element-cf43cf2 elementor-widget elementor-widget-text-editor\" data-id=\"cf43cf2\" data-element_type=\"widget\" data-widget_type=\"text-editor.default\">\n\t\t\t\t<div class=\"elementor-widget-container\">\n\t\t\t\t\t\t\t\t\t<ul><li><a href=\"https:\/\/sanmiguelelalto.gob.mx\/difsma\/wp-content\/uploads\/2025\/04\/CONVENIO-DE-COORDINACION-2.pdf\" target=\"_blank\" rel=\"noopener\">Convenios de coordinaci\u00f3n.<\/a><\/li><li><a href=\"https:\/\/sanmiguelelalto.gob.mx\/difsma\/wp-content\/uploads\/2025\/04\/CONVENIO-DE-COLABORACION.pdf\" target=\"_blank\" rel=\"noopener\">Convenios de colaboraci\u00f3n.<\/a><\/li><li><a href=\"https:\/\/sanmiguelelalto.gob.mx\/difsma\/wp-content\/uploads\/2025\/04\/CONVENIO-DE-COORDINACION.pdf\" target=\"_blank\" rel=\"noopener\">Convenios de coordinaci\u00f3n 2.<\/a><\/li><li><a href=\"https:\/\/sanmiguelelalto.gob.mx\/difsma\/wp-content\/uploads\/2025\/04\/CONVENIO-DE-COORDINACION-DJ-ADN-1048-17-2.pdf\" target=\"_blank\" rel=\"noopener\">CONVENIO DE COORDINACION DJ-ADN-1048-17-2<\/a><\/li><li><a href=\"https:\/\/sanmiguelelalto.gob.mx\/difsma\/wp-content\/uploads\/2025\/04\/CONVENIO-DE-COORDINACION-DJ-ADN-614-17-2.pdf\" target=\"_blank\" rel=\"noopener\">CONVENIO DE COORDINACION DJ-ADN-614-17-2<\/a><\/li><\/ul>\t\t\t\t\t\t\t\t<\/div>\n\t\t\t\t<\/div>\n\t\t\t\t<\/div>\n\t\t<div id=\"e-n-tab-content-1238558143\" role=\"tabpanel\" aria-labelledby=\"e-n-tab-title-1238558143\" data-tab-index=\"3\" style=\"--n-tabs-title-order: 3;\" class=\" elementor-element elementor-element-dbdd9bc e-con-full e-flex wpr-particle-no wpr-jarallax-no wpr-parallax-no wpr-sticky-section-no e-con e-child\" data-id=\"dbdd9bc\" data-element_type=\"container\">\n\t\t\t\t<div class=\"elementor-element elementor-element-df7ec20 elementor-widget elementor-widget-text-editor\" data-id=\"df7ec20\" data-element_type=\"widget\" data-widget_type=\"text-editor.default\">\n\t\t\t\t<div class=\"elementor-widget-container\">\n\t\t\t\t\t\t\t\t\t<p><strong>CONVENIO<\/strong><\/p><ul><li><a href=\"https:\/\/sanmiguelelalto.gob.mx\/difsma\/wp-content\/uploads\/2025\/04\/CONVENIO-DE-COLABORACION-1.pdf\" target=\"_blank\" rel=\"noopener\">CONVENIO DE COLABORACI\u00d3N<\/a><\/li><li><a href=\"https:\/\/sanmiguelelalto.gob.mx\/difsma\/wp-content\/uploads\/2025\/04\/99-16-2-2-CONVENIO-DE-COORDINACION.pdf\" target=\"_blank\" rel=\"noopener\">99-16-2-2 CONVENIO DE COORDINACI\u00d3N<\/a><\/li><li><a href=\"https:\/\/sanmiguelelalto.gob.mx\/difsma\/wp-content\/uploads\/2025\/04\/621-16-2-2-CONVENIO-DE-COORDINACION.pdf\" target=\"_blank\" rel=\"noopener\">621-16-2-2 CONVENIO DE COORDINACI\u00d3N<\/a><\/li><li><a href=\"https:\/\/sanmiguelelalto.gob.mx\/difsma\/wp-content\/uploads\/2025\/04\/CONVENIO-DE-PRACTICAS-PROFESIONALES.pdf\" target=\"_blank\" rel=\"noopener\">CONVENIO DE PR\u00c1CTICAS PROFESIONALES<\/a><\/li><li><a href=\"https:\/\/sanmiguelelalto.gob.mx\/difsma\/wp-content\/uploads\/2025\/04\/247-16-2-CONVENIO-DE-COLABORACION-Y-COORDINACION.pdf\" target=\"_blank\" rel=\"noopener\">247-16-2 CONVENIO DE COLABORACI\u00d3N Y COORDINACI\u00d3N<\/a><\/li><li><a href=\"https:\/\/sanmiguelelalto.gob.mx\/difsma\/wp-content\/uploads\/2025\/04\/Adendum-al-convenio-de-colaboracion-y-coordinacion-Comedor-Asistencial.pdf\" target=\"_blank\" rel=\"noopener\">Adendum al Convenio de Colaboraci\u00f3n y Coordinaci\u00f3n Comedor Asistencial<\/a><\/li><li><a href=\"https:\/\/sanmiguelelalto.gob.mx\/difsma\/wp-content\/uploads\/2025\/04\/Adendum-de-Colaboracion-El-Proyecto.pdf\" target=\"_blank\" rel=\"noopener\">Adendum al Convenio de Colaborac\u00edon al Proyecto<\/a><\/li><li><a href=\"https:\/\/sanmiguelelalto.gob.mx\/difsma\/wp-content\/uploads\/2025\/04\/Adendum-al-convenio-de-colaboracion-de-Apoyo-Escolar.pdf\" target=\"_blank\" rel=\"noopener\">Adendum al Convenio de Colaborac\u00edon de Apoyos Escolares<\/a><\/li><\/ul><p><strong>CONTRATO<\/strong><\/p><ul><li><a href=\"https:\/\/sanmiguelelalto.gob.mx\/difsma\/wp-content\/uploads\/2025\/04\/36-16-2-2-CONTRATO-DE-DONACION.pdf\" target=\"_blank\" rel=\"noopener\">36-16-2-2 CONTRATO DE DONACI\u00d3N<\/a><\/li><li><a href=\"https:\/\/sanmiguelelalto.gob.mx\/difsma\/wp-content\/uploads\/2025\/04\/Contrato-de-Donacion-Mobiliario-y-Equipo.pdf\" target=\"_blank\" rel=\"noopener\">Contrato de Donaci\u00f3n de Mobiliario y Equipo<\/a><\/li><\/ul>\t\t\t\t\t\t\t\t<\/div>\n\t\t\t\t<\/div>\n\t\t\t\t<\/div>\n\t\t<div id=\"e-n-tab-content-1238558144\" role=\"tabpanel\" aria-labelledby=\"e-n-tab-title-1238558144\" data-tab-index=\"4\" style=\"--n-tabs-title-order: 4;\" class=\" elementor-element elementor-element-f0703c9 e-flex e-con-boxed wpr-particle-no wpr-jarallax-no wpr-parallax-no wpr-sticky-section-no e-con e-child\" data-id=\"f0703c9\" data-element_type=\"container\">\n\t\t\t\t\t<div class=\"e-con-inner\">\n\t\t\t\t<div class=\"elementor-element elementor-element-44dd235 elementor-widget elementor-widget-text-editor\" data-id=\"44dd235\" data-element_type=\"widget\" data-widget_type=\"text-editor.default\">\n\t\t\t\t<div class=\"elementor-widget-container\">\n\t\t\t\t\t\t\t\t\t<h2><strong>CONVENIOS<\/strong><\/h2><ul><li><a href=\"https:\/\/sanmiguelelalto.gob.mx\/difsma\/wp-content\/uploads\/2025\/04\/CONVENIO-DE-COLABORACION-1-3.pdf\" target=\"_blank\" rel=\"noopener\">471-15-2-2 CONVENIO DE COLABORACI\u00d3N Y COORDINACI\u00d3N.<\/a><\/li><li><a href=\"https:\/\/sanmiguelelalto.gob.mx\/difsma\/wp-content\/uploads\/2025\/04\/CONVENIO-DE-COORDINACION-1.pdf\" target=\"_blank\" rel=\"noopener\">CONVENIO DE COORDINACI\u00d3N.<\/a><\/li><li><a href=\"https:\/\/sanmiguelelalto.gob.mx\/difsma\/wp-content\/uploads\/2025\/04\/1415-15-2-1-CONVENIO-DE-COORDINACION.pdf\" target=\"_blank\" rel=\"noopener\">1415-15-2-1 CONVENIO DE COORDINACI\u00d3N.<\/a><\/li><li><a href=\"https:\/\/sanmiguelelalto.gob.mx\/difsma\/wp-content\/uploads\/2025\/04\/932-15-2-CONVENIO-DE-COORDINACION.pdf\" target=\"_blank\" rel=\"noopener\">932-15-2 CONVENIO DE COORDINACI\u00d3N.<\/a><\/li><li><a href=\"https:\/\/sanmiguelelalto.gob.mx\/difsma\/wp-content\/uploads\/2025\/04\/255-15-2CONVENIO-DE-COLABORACION.pdf\" target=\"_blank\" rel=\"noopener\">255-15-2 CONVENIO DE COLABORACI\u00d3N.<\/a><\/li><li><a href=\"https:\/\/sanmiguelelalto.gob.mx\/difsma\/wp-content\/uploads\/2025\/04\/Adendum-al-Convenio-de-Colaboracion-Comedor-Asistencial.pdf\" target=\"_blank\" rel=\"noopener\">Andendum al Convenio de Colaboraci\u00f3n Comedor Asistencial.<\/a><\/li><li><a href=\"https:\/\/sanmiguelelalto.gob.mx\/difsma\/wp-content\/uploads\/2025\/04\/Adendum-Convenio-de-Coordinacion-Comedor-Asistecial.pdf\" target=\"_blank\" rel=\"noopener\">Andendum al Convenio de Coordinaci\u00f3n Comedor Asistencial.<\/a><\/li><li><a href=\"https:\/\/sanmiguelelalto.gob.mx\/difsma\/wp-content\/uploads\/2025\/04\/Adendum-al-Convenio-de-Coordinacion-Apoyos-Escolares.pdf\" target=\"_blank\" rel=\"noopener\">Andendum al Convenio de Coolaboraci\u00f3n Contigo el DIF por el bienestar de las Familias.<\/a><\/li><li><a href=\"https:\/\/sanmiguelelalto.gob.mx\/difsma\/wp-content\/uploads\/2025\/04\/Adendum-al-Convenio-de-Coordinacion-Apoyos-Escolares-1.pdf\" target=\"_blank\" rel=\"noopener\">Andendum de Convenio de Coordinaci\u00f3n Apoyos Escolares.<\/a><\/li><li><a href=\"https:\/\/sanmiguelelalto.gob.mx\/difsma\/wp-content\/uploads\/2025\/04\/Convenio-de-Coordinacion-en-Asistencia-Social.pdf\" target=\"_blank\" rel=\"noopener\">Convenios de Coordinaci\u00f3n en Asistencia Social.<\/a><\/li><\/ul><h2><strong>CONTRATOS<\/strong><\/h2><ul><li><a href=\"https:\/\/sanmiguelelalto.gob.mx\/difsma\/wp-content\/uploads\/2025\/04\/1083-2015-3-CONTRATO-DE-COMODATO.pdf\" target=\"_blank\" rel=\"noopener\">1083-2015-3 CONTRATO DE COMODATO.<\/a><\/li><li><a href=\"https:\/\/sanmiguelelalto.gob.mx\/difsma\/wp-content\/uploads\/2025\/04\/607-15-2-CONTRATO-DE-DONACION.pdf\" target=\"_blank\" rel=\"noopener\">607-15-2 CONTRATO DE DONACI\u00d3N.<\/a><\/li><li><a href=\"https:\/\/sanmiguelelalto.gob.mx\/difsma\/wp-content\/uploads\/2025\/04\/Contrato-de-Comodato-Vehiculos.pdf\" target=\"_blank\" rel=\"noopener\">Contrato de Comodato Veh\u00edculos.<\/a><\/li><li><a href=\"https:\/\/sanmiguelelalto.gob.mx\/difsma\/wp-content\/uploads\/2025\/04\/Contrato-de-Donacion-Mobiliario.pdf\" target=\"_blank\" rel=\"noopener\">Contrato de Donaci\u00f3n Mobiliario.<\/a><\/li><\/ul>\t\t\t\t\t\t\t\t<\/div>\n\t\t\t\t<\/div>\n\t\t\t\t\t<\/div>\n\t\t\t\t<\/div>\n\t\t<div id=\"e-n-tab-content-1238558145\" role=\"tabpanel\" aria-labelledby=\"e-n-tab-title-1238558145\" data-tab-index=\"5\" style=\"--n-tabs-title-order: 5;\" class=\" elementor-element elementor-element-3f86ff8 e-flex e-con-boxed wpr-particle-no wpr-jarallax-no wpr-parallax-no wpr-sticky-section-no e-con e-child\" data-id=\"3f86ff8\" data-element_type=\"container\">\n\t\t\t\t\t<div class=\"e-con-inner\">\n\t\t\t\t<div class=\"elementor-element elementor-element-2b0af55 elementor-widget elementor-widget-text-editor\" data-id=\"2b0af55\" data-element_type=\"widget\" data-widget_type=\"text-editor.default\">\n\t\t\t\t<div class=\"elementor-widget-container\">\n\t\t\t\t\t\t\t\t\t<h2>En cuesti\u00f3n referente a los Convenios, Contratos y Tratados de la fecha 2014 eran elaborados por el \u00c1rea Jur\u00eddica del Ayuntamiento, por lo tanto, se encuentra en resguardo de dicha dependencia.<\/h2><h2>Y de enero a la fecha no se ha celebrado ning\u00fan Convenio, Contrato y Tratados<\/h2><h2>Con relaci\u00f3n a los tratados no se han tenido a la fecha<\/h2>\t\t\t\t\t\t\t\t<\/div>\n\t\t\t\t<\/div>\n\t\t\t\t\t<\/div>\n\t\t\t\t<\/div>\n\t\t\t\t\t<\/div>\n\t\t<\/div>\n\t\t\t\t\t\t<\/div>\n\t\t\t\t<\/div>\n\t\t\t\t\t<\/div>\n\t\t\t\t<\/div>\n\t\t\t\t<\/div>\n\t\t","protected":false},"excerpt":{"rendered":"<p>Los convenios, contratos y dem\u00e1s instrumentos jur\u00eddicos suscritos por el sujeto obligado, de cuando menos los \u00faltimos tres a\u00f1os 2018 2017 2016 2015 2014 Convenio de colaboraci\u00f3n 1 Convenio de colaboraci\u00f3n 2 Convenio de coordinaci\u00f3n. Convenios de coordinaci\u00f3n. Convenios de colaboraci\u00f3n. Convenios de coordinaci\u00f3n 2. CONVENIO DE COORDINACION DJ-ADN-1048-17-2 CONVENIO DE COORDINACION DJ-ADN-614-17-2 CONVENIO CONVENIO DE COLABORACI\u00d3N 99-16-2-2 CONVENIO DE COORDINACI\u00d3N 621-16-2-2 CONVENIO DE COORDINACI\u00d3N CONVENIO DE PR\u00c1CTICAS PROFESIONALES 247-16-2 CONVENIO DE COLABORACI\u00d3N Y COORDINACI\u00d3N Adendum al Convenio de Colaboraci\u00f3n y Coordinaci\u00f3n Comedor Asistencial Adendum al Convenio de Colaborac\u00edon al Proyecto Adendum al Convenio de Colaborac\u00edon de Apoyos Escolares CONTRATO 36-16-2-2 CONTRATO DE DONACI\u00d3N Contrato de Donaci\u00f3n de Mobiliario y Equipo CONVENIOS 471-15-2-2 CONVENIO DE COLABORACI\u00d3N Y COORDINACI\u00d3N. CONVENIO DE COORDINACI\u00d3N. 1415-15-2-1 CONVENIO DE COORDINACI\u00d3N. 932-15-2 CONVENIO DE COORDINACI\u00d3N. 255-15-2 CONVENIO DE COLABORACI\u00d3N. Andendum al Convenio de Colaboraci\u00f3n Comedor Asistencial. Andendum al Convenio de Coordinaci\u00f3n Comedor Asistencial. Andendum al Convenio de Coolaboraci\u00f3n Contigo el DIF por el bienestar de las Familias. Andendum de Convenio de Coordinaci\u00f3n Apoyos Escolares. Convenios de Coordinaci\u00f3n en Asistencia Social. CONTRATOS 1083-2015-3 CONTRATO DE COMODATO. 607-15-2 CONTRATO DE DONACI\u00d3N. Contrato de Comodato Veh\u00edculos. Contrato de Donaci\u00f3n Mobiliario. En cuesti\u00f3n referente a los Convenios, Contratos y Tratados de la fecha 2014 eran elaborados por el \u00c1rea Jur\u00eddica del Ayuntamiento, por lo tanto, se encuentra en resguardo de dicha dependencia. Y de enero a la fecha no se ha celebrado ning\u00fan Convenio, Contrato y Tratados Con relaci\u00f3n a los tratados no se han tenido a la fecha Convenio de colaboraci\u00f3n 1 Convenio de colaboraci\u00f3n 2 Convenio de coordinaci\u00f3n. Convenios de coordinaci\u00f3n. Convenios de colaboraci\u00f3n. Convenios de coordinaci\u00f3n 2. CONVENIO DE COORDINACION DJ-ADN-1048-17-2 CONVENIO DE COORDINACION DJ-ADN-614-17-2 CONVENIO CONVENIO DE COLABORACI\u00d3N 99-16-2-2 CONVENIO DE COORDINACI\u00d3N 621-16-2-2 CONVENIO DE COORDINACI\u00d3N CONVENIO DE PR\u00c1CTICAS PROFESIONALES 247-16-2 CONVENIO DE COLABORACI\u00d3N Y COORDINACI\u00d3N Adendum al Convenio de Colaboraci\u00f3n y Coordinaci\u00f3n Comedor Asistencial Adendum al Convenio de Colaborac\u00edon al Proyecto Adendum al Convenio de Colaborac\u00edon de Apoyos Escolares CONTRATO 36-16-2-2 CONTRATO DE DONACI\u00d3N Contrato de Donaci\u00f3n de Mobiliario y Equipo CONVENIOS 471-15-2-2 CONVENIO DE COLABORACI\u00d3N Y COORDINACI\u00d3N. CONVENIO DE COORDINACI\u00d3N. 1415-15-2-1 CONVENIO DE COORDINACI\u00d3N. 932-15-2 CONVENIO DE COORDINACI\u00d3N. 255-15-2 CONVENIO DE COLABORACI\u00d3N. Andendum al Convenio de Colaboraci\u00f3n Comedor Asistencial. Andendum al Convenio de Coordinaci\u00f3n Comedor Asistencial. Andendum al Convenio de Coolaboraci\u00f3n Contigo el DIF por el bienestar de las Familias. Andendum de Convenio de Coordinaci\u00f3n Apoyos Escolares. Convenios de Coordinaci\u00f3n en Asistencia Social. CONTRATOS 1083-2015-3 CONTRATO DE COMODATO. 607-15-2 CONTRATO DE DONACI\u00d3N. Contrato de Comodato Veh\u00edculos. Contrato de Donaci\u00f3n Mobiliario. En cuesti\u00f3n referente a los Convenios, Contratos y Tratados de la fecha 2014 eran elaborados por el \u00c1rea Jur\u00eddica del Ayuntamiento, por lo tanto, se encuentra en resguardo de dicha dependencia. Y de enero a la fecha no se ha celebrado ning\u00fan Convenio, Contrato y Tratados Con relaci\u00f3n a los tratados no se han tenido a la fecha<\/p>\n","protected":false},"author":2,"featured_media":0,"parent":0,"menu_order":0,"comment_status":"closed","ping_status":"closed","template":"","meta":{"footnotes":""},"class_list":["post-2962","page","type-page","status-publish","hentry"],"_links":{"self":[{"href":"https:\/\/sanmiguelelalto.gob.mx\/difsma\/wp-json\/wp\/v2\/pages\/2962","targetHints":{"allow":["GET"]}}],"collection":[{"href":"https:\/\/sanmiguelelalto.gob.mx\/difsma\/wp-json\/wp\/v2\/pages"}],"about":[{"href":"https:\/\/sanmiguelelalto.gob.mx\/difsma\/wp-json\/wp\/v2\/types\/page"}],"author":[{"embeddable":true,"href":"https:\/\/sanmiguelelalto.gob.mx\/difsma\/wp-json\/wp\/v2\/users\/2"}],"replies":[{"embeddable":true,"href":"https:\/\/sanmiguelelalto.gob.mx\/difsma\/wp-json\/wp\/v2\/comments?post=2962"}],"version-history":[{"count":31,"href":"https:\/\/sanmiguelelalto.gob.mx\/difsma\/wp-json\/wp\/v2\/pages\/2962\/revisions"}],"predecessor-version":[{"id":3037,"href":"https:\/\/sanmiguelelalto.gob.mx\/difsma\/wp-json\/wp\/v2\/pages\/2962\/revisions\/3037"}],"wp:attachment":[{"href":"https:\/\/sanmiguelelalto.gob.mx\/difsma\/wp-json\/wp\/v2\/media?parent=2962"}],"curies":[{"name":"wp","href":"https:\/\/api.w.org\/{rel}","templated":true}]}}