{"id":3189,"date":"2025-04-08T13:53:55","date_gmt":"2025-04-08T19:53:55","guid":{"rendered":"https:\/\/sanmiguelelalto.gob.mx\/difsma\/?page_id=3189"},"modified":"2025-05-26T15:19:15","modified_gmt":"2025-05-26T21:19:15","slug":"servicios-2","status":"publish","type":"page","link":"https:\/\/sanmiguelelalto.gob.mx\/difsma\/servicios-2\/","title":{"rendered":"SERVICIOS"},"content":{"rendered":"\t\t<div data-elementor-type=\"wp-page\" data-elementor-id=\"3189\" class=\"elementor elementor-3189\">\n\t\t\t\t<div class=\"elementor-element elementor-element-e8e1ffb e-flex e-con-boxed wpr-particle-no wpr-jarallax-no wpr-parallax-no wpr-sticky-section-no e-con e-parent\" data-id=\"e8e1ffb\" data-element_type=\"container\">\n\t\t\t\t\t<div class=\"e-con-inner\">\n\t\t\t\t<div class=\"elementor-element elementor-element-7e45cfc elementor-widget elementor-widget-heading\" data-id=\"7e45cfc\" data-element_type=\"widget\" data-widget_type=\"heading.default\">\n\t\t\t\t<div class=\"elementor-widget-container\">\n\t\t\t\t\t<h1 class=\"elementor-heading-title elementor-size-default\">SERVICIOS<\/h1>\t\t\t\t<\/div>\n\t\t\t\t<\/div>\n\t\t\t\t\t<\/div>\n\t\t\t\t<\/div>\n\t\t<div class=\"elementor-element elementor-element-bcd6e37 e-flex e-con-boxed wpr-particle-no wpr-jarallax-no wpr-parallax-no wpr-sticky-section-no e-con e-parent\" data-id=\"bcd6e37\" data-element_type=\"container\">\n\t\t\t\t\t<div class=\"e-con-inner\">\n\t\t\t\t<div class=\"elementor-element elementor-element-531ebcd elementor-widget elementor-widget-heading\" data-id=\"531ebcd\" data-element_type=\"widget\" data-widget_type=\"heading.default\">\n\t\t\t\t<div class=\"elementor-widget-container\">\n\t\t\t\t\t<h2 class=\"elementor-heading-title elementor-size-default\">Nuestros servicios principales<\/h2>\t\t\t\t<\/div>\n\t\t\t\t<\/div>\n\t\t\t\t\t<\/div>\n\t\t\t\t<\/div>\n\t\t<div class=\"elementor-element elementor-element-Xdt9DNZ e-flex e-con-boxed wpr-particle-no wpr-jarallax-no wpr-parallax-no wpr-sticky-section-no e-con e-parent\" data-id=\"Xdt9DNZ\" data-element_type=\"container\">\n\t\t\t\t\t<div class=\"e-con-inner\">\n\t\t<div class=\"elementor-element elementor-element-pnkwGb3 e-con-full e-flex wpr-particle-no wpr-jarallax-no wpr-parallax-no wpr-sticky-section-no e-con e-child\" data-id=\"pnkwGb3\" data-element_type=\"container\">\n\t\t<div class=\"elementor-element elementor-element-Lpyv38N e-con-full e-flex wpr-particle-no wpr-jarallax-no wpr-parallax-no wpr-sticky-section-no e-con e-child\" data-id=\"Lpyv38N\" data-element_type=\"container\">\n\t\t\t\t<div class=\"elementor-element elementor-element-fa4czaC elementor-widget elementor-widget-heading\" data-id=\"fa4czaC\" data-element_type=\"widget\" data-widget_type=\"heading.default\">\n\t\t\t\t<div class=\"elementor-widget-container\">\n\t\t\t\t\t<h3 class=\"elementor-heading-title elementor-size-default\">Unidad B\u00e1sica de Rehabilitaci\u00f3n<\/h3>\t\t\t\t<\/div>\n\t\t\t\t<\/div>\n\t\t\t\t<div class=\"elementor-element elementor-element-gAko4Zs elementor-widget elementor-widget-text-editor\" data-id=\"gAko4Zs\" data-element_type=\"widget\" data-widget_type=\"text-editor.default\">\n\t\t\t\t<div class=\"elementor-widget-container\">\n\t\t\t\t\t\t\t\t\t<h4><strong>Contamos con las siguientes terapias:<\/strong><\/h4><ul><li style=\"text-align: left;\">HIDROTERAPIA<\/li><li style=\"text-align: left;\">ELECTROTERAPIA<\/li><li style=\"text-align: left;\">MECANOTERAPIA<\/li><li style=\"text-align: left;\">ESTIMULACI\u00d3N TEMPRANA<\/li><\/ul><div>\u00a0<\/div><p style=\"text-align: center;\"><strong>SE CUENTA CON SERVICIO DE PSICOLOG\u00cdA TODOS LOS MARTES<\/strong><\/p><p style=\"text-align: center;\">CONSULTA M\u00c9DICA ESPECIALIZADA CON <strong>CITA PREVIA<\/strong><\/p><p style=\"text-align: center;\"><a href=\"https:\/\/www.google.com\/maps\/search\/?api=1&amp;query=Arcangel+San+Miguel+22,+San+Miguel+el+Alto,+Jalisco\" target=\"_blank\" rel=\"noopener\"><b>Arc\u00e1ngel San Miguel #22<\/b><\/a><\/p>\t\t\t\t\t\t\t\t<\/div>\n\t\t\t\t<\/div>\n\t\t<div class=\"elementor-element elementor-element-rljLYsv e-con-full e-flex wpr-particle-no wpr-jarallax-no wpr-parallax-no wpr-sticky-section-no e-con e-child\" data-id=\"rljLYsv\" data-element_type=\"container\">\n\t\t\t\t<div class=\"elementor-element elementor-element-gJ54ByC elementor-widget__width-inherit elementor-align-center elementor-widget elementor-widget-button\" data-id=\"gJ54ByC\" data-element_type=\"widget\" data-widget_type=\"button.default\">\n\t\t\t\t<div class=\"elementor-widget-container\">\n\t\t\t\t\t\t\t\t\t<div class=\"elementor-button-wrapper\">\n\t\t\t\t\t<a class=\"elementor-button elementor-button-link elementor-size-sm\" href=\"tel:3471134338\">\n\t\t\t\t\t\t<span class=\"elementor-button-content-wrapper\">\n\t\t\t\t\t\t\t\t\t<span class=\"elementor-button-text\">Tel\u00e9fono 3471134338 <\/span>\n\t\t\t\t\t<\/span>\n\t\t\t\t\t<\/a>\n\t\t\t\t<\/div>\n\t\t\t\t\t\t\t\t<\/div>\n\t\t\t\t<\/div>\n\t\t\t\t<\/div>\n\t\t\t\t<\/div>\n\t\t<div class=\"elementor-element elementor-element-2VlgTf0 e-con-full e-flex wpr-particle-no wpr-jarallax-no wpr-parallax-no wpr-sticky-section-no e-con e-child\" data-id=\"2VlgTf0\" data-element_type=\"container\">\n\t\t\t\t<div class=\"elementor-element elementor-element-b4e3110 elementor-widget elementor-widget-image\" data-id=\"b4e3110\" data-element_type=\"widget\" data-widget_type=\"image.default\">\n\t\t\t\t<div class=\"elementor-widget-container\">\n\t\t\t\t\t\t\t\t\t\t\t\t\t\t\t<img fetchpriority=\"high\" decoding=\"async\" width=\"960\" height=\"960\" src=\"https:\/\/sanmiguelelalto.gob.mx\/difsma\/wp-content\/uploads\/2025\/04\/ubr.jpeg\" class=\"attachment-large size-large wp-image-3197\" alt=\"\" srcset=\"https:\/\/sanmiguelelalto.gob.mx\/difsma\/wp-content\/uploads\/2025\/04\/ubr.jpeg 1024w, https:\/\/sanmiguelelalto.gob.mx\/difsma\/wp-content\/uploads\/2025\/04\/ubr-300x300.jpeg 300w, https:\/\/sanmiguelelalto.gob.mx\/difsma\/wp-content\/uploads\/2025\/04\/ubr-150x150.jpeg 150w, https:\/\/sanmiguelelalto.gob.mx\/difsma\/wp-content\/uploads\/2025\/04\/ubr-768x768.jpeg 768w\" sizes=\"(max-width: 960px) 100vw, 960px\" \/>\t\t\t\t\t\t\t\t\t\t\t\t\t\t\t<\/div>\n\t\t\t\t<\/div>\n\t\t\t\t<\/div>\n\t\t\t\t<\/div>\n\t\t\t\t\t<\/div>\n\t\t\t\t<\/div>\n\t\t<div class=\"elementor-element elementor-element-92ee2d6 e-flex e-con-boxed wpr-particle-no wpr-jarallax-no wpr-parallax-no wpr-sticky-section-no e-con e-parent\" data-id=\"92ee2d6\" data-element_type=\"container\">\n\t\t\t\t\t<div class=\"e-con-inner\">\n\t\t<div class=\"elementor-element elementor-element-de13c22 e-con-full e-flex wpr-particle-no wpr-jarallax-no wpr-parallax-no wpr-sticky-section-no e-con e-child\" data-id=\"de13c22\" data-element_type=\"container\">\n\t\t<div class=\"elementor-element elementor-element-086ec88 e-con-full e-flex wpr-particle-no wpr-jarallax-no wpr-parallax-no wpr-sticky-section-no e-con e-child\" data-id=\"086ec88\" data-element_type=\"container\">\n\t\t\t\t<div class=\"elementor-element elementor-element-d094220 elementor-widget elementor-widget-heading\" data-id=\"d094220\" data-element_type=\"widget\" data-widget_type=\"heading.default\">\n\t\t\t\t<div class=\"elementor-widget-container\">\n\t\t\t\t\t<h3 class=\"elementor-heading-title elementor-size-default\">DIF SAN MIGUEL EL ALTO<\/h3>\t\t\t\t<\/div>\n\t\t\t\t<\/div>\n\t\t\t\t<div class=\"elementor-element elementor-element-238873f elementor-widget elementor-widget-text-editor\" data-id=\"238873f\" data-element_type=\"widget\" data-widget_type=\"text-editor.default\">\n\t\t\t\t<div class=\"elementor-widget-container\">\n\t\t\t\t\t\t\t\t\t<p style=\"text-align: center;\"><strong>EL DIF CENTRAL CUENTA CON LOS SIGUIENTES SERVICIOS:<\/strong><\/p><p style=\"text-align: left;\">&#8211;\u00a0ATENCI\u00d3N PSICOL\u00d3GICA DE NI\u00d1OS(AS) Y ADULTOS<\/p><p style=\"text-align: left;\">&#8211; PL\u00c1TICAS PREMATRIMONIALES<\/p><p style=\"text-align: left;\">&#8211; PL\u00c1TICAS DE AVENIENCIA<\/p><p style=\"text-align: left;\">&#8211; CONSULTAS DE HOMEOPAT\u00cdA<\/p><p style=\"text-align: left;\">&#8211; CONSULTAS DE NUTRICI\u00d3N<\/p><p style=\"text-align: left;\">&#8211; CONSULTAS DE AUDIOLOG\u00cdA<\/p><p style=\"text-align: left;\">&#8211; SUBSIDIOS ECON\u00d3MICOS<\/p><p style=\"text-align: left;\">&#8211; ASESOR\u00cdA JUR\u00cdDICA<\/p><p style=\"text-align: left;\">&#8211; PROCURADUR\u00cdA SOCIAL<\/p><p><strong>PARA DARLE UN MEJOR SERVICIO SE ATENDER\u00c1 CON PREVIA CITA<\/strong><\/p><p><a href=\"https:\/\/www.google.com\/maps\/search\/?api=1&amp;query=Arroyo+de+minas+64,+San+Miguel+el+Alto,+Jalisco\" target=\"_blank\" rel=\"noopener\"><strong>Arroyo de minas # 64<\/strong><\/a><\/p>\t\t\t\t\t\t\t\t<\/div>\n\t\t\t\t<\/div>\n\t\t<div class=\"elementor-element elementor-element-1cc30fd e-con-full e-flex wpr-particle-no wpr-jarallax-no wpr-parallax-no wpr-sticky-section-no e-con e-child\" data-id=\"1cc30fd\" data-element_type=\"container\">\n\t\t\t\t<div class=\"elementor-element elementor-element-308db21 elementor-widget__width-inherit elementor-align-center elementor-widget elementor-widget-button\" data-id=\"308db21\" data-element_type=\"widget\" data-widget_type=\"button.default\">\n\t\t\t\t<div class=\"elementor-widget-container\">\n\t\t\t\t\t\t\t\t\t<div class=\"elementor-button-wrapper\">\n\t\t\t\t\t<a class=\"elementor-button elementor-button-link elementor-size-sm\" href=\"tel:3477884648\">\n\t\t\t\t\t\t<span class=\"elementor-button-content-wrapper\">\n\t\t\t\t\t\t\t\t\t<span class=\"elementor-button-text\">Tel\u00e9fono 3477884648<\/span>\n\t\t\t\t\t<\/span>\n\t\t\t\t\t<\/a>\n\t\t\t\t<\/div>\n\t\t\t\t\t\t\t\t<\/div>\n\t\t\t\t<\/div>\n\t\t\t\t<\/div>\n\t\t\t\t<\/div>\n\t\t<div class=\"elementor-element elementor-element-8bae514 e-con-full e-flex wpr-particle-no wpr-jarallax-no wpr-parallax-no wpr-sticky-section-no e-con e-child\" data-id=\"8bae514\" data-element_type=\"container\">\n\t\t\t\t<div class=\"elementor-element elementor-element-291c672 elementor-widget elementor-widget-image\" data-id=\"291c672\" data-element_type=\"widget\" data-widget_type=\"image.default\">\n\t\t\t\t<div class=\"elementor-widget-container\">\n\t\t\t\t\t\t\t\t\t\t\t\t\t\t\t<img decoding=\"async\" width=\"960\" height=\"768\" src=\"https:\/\/sanmiguelelalto.gob.mx\/difsma\/wp-content\/uploads\/2025\/05\/Brown-Simple-Birthday-Photo-Collage-2-1024x819.png\" class=\"attachment-large size-large wp-image-4737\" alt=\"\" srcset=\"https:\/\/sanmiguelelalto.gob.mx\/difsma\/wp-content\/uploads\/2025\/05\/Brown-Simple-Birthday-Photo-Collage-2-1024x819.png 1024w, https:\/\/sanmiguelelalto.gob.mx\/difsma\/wp-content\/uploads\/2025\/05\/Brown-Simple-Birthday-Photo-Collage-2-300x240.png 300w, https:\/\/sanmiguelelalto.gob.mx\/difsma\/wp-content\/uploads\/2025\/05\/Brown-Simple-Birthday-Photo-Collage-2-768x614.png 768w, https:\/\/sanmiguelelalto.gob.mx\/difsma\/wp-content\/uploads\/2025\/05\/Brown-Simple-Birthday-Photo-Collage-2-1536x1229.png 1536w, https:\/\/sanmiguelelalto.gob.mx\/difsma\/wp-content\/uploads\/2025\/05\/Brown-Simple-Birthday-Photo-Collage-2.png 2000w\" sizes=\"(max-width: 960px) 100vw, 960px\" \/>\t\t\t\t\t\t\t\t\t\t\t\t\t\t\t<\/div>\n\t\t\t\t<\/div>\n\t\t\t\t<\/div>\n\t\t\t\t<\/div>\n\t\t\t\t\t<\/div>\n\t\t\t\t<\/div>\n\t\t<div class=\"elementor-element elementor-element-f3cc7e8 e-flex e-con-boxed wpr-particle-no wpr-jarallax-no wpr-parallax-no wpr-sticky-section-no e-con e-parent\" data-id=\"f3cc7e8\" data-element_type=\"container\">\n\t\t\t\t\t<div class=\"e-con-inner\">\n\t\t<div class=\"elementor-element elementor-element-559ce9c e-con-full e-flex wpr-particle-no wpr-jarallax-no wpr-parallax-no wpr-sticky-section-no e-con e-child\" data-id=\"559ce9c\" data-element_type=\"container\">\n\t\t<div class=\"elementor-element elementor-element-7b706fb e-con-full e-flex wpr-particle-no wpr-jarallax-no wpr-parallax-no wpr-sticky-section-no e-con e-child\" data-id=\"7b706fb\" data-element_type=\"container\">\n\t\t\t\t<div class=\"elementor-element elementor-element-ee72e78 elementor-widget elementor-widget-heading\" data-id=\"ee72e78\" data-element_type=\"widget\" data-widget_type=\"heading.default\">\n\t\t\t\t<div class=\"elementor-widget-container\">\n\t\t\t\t\t<h3 class=\"elementor-heading-title elementor-size-default\">CENTRO DE PROTECCI\u00d3N A LA INFANCIA<\/h3>\t\t\t\t<\/div>\n\t\t\t\t<\/div>\n\t\t\t\t<div class=\"elementor-element elementor-element-3749234 elementor-widget elementor-widget-text-editor\" data-id=\"3749234\" data-element_type=\"widget\" data-widget_type=\"text-editor.default\">\n\t\t\t\t<div class=\"elementor-widget-container\">\n\t\t\t\t\t\t\t\t\t<p style=\"text-align: center;\"><strong>EL CPI CENTRAL CUENTA CON LOS SIGUIENTES SERVICIOS:<\/strong><\/p><p style=\"text-align: center;\"><strong>\u00a0<\/strong><\/p><ul><li style=\"text-align: left;\">ATENCI\u00d3N PSICOL\u00d3GICA A NI\u00d1OS Y NI\u00d1AS<\/li><li style=\"text-align: left;\">CLASES DE REGULARIZACI\u00d3N<\/li><li style=\"text-align: left;\">ASESOR\u00cdA JUR\u00cdDICA<\/li><\/ul><p><strong>PARA DARLE UN MEJOR SERVICIO SE ATENDER\u00c1 CON PREVIA CITA<\/strong><\/p><p><a href=\"https:\/\/www.google.com\/maps\/search\/?api=1&amp;query=Calzada+Guadalupe+107,+San+Miguel+el+Alto,+Jalisco\" target=\"_blank\" rel=\"noopener\"><strong>Calz. Guadalupe #107<\/strong><\/a><\/p>\t\t\t\t\t\t\t\t<\/div>\n\t\t\t\t<\/div>\n\t\t<div class=\"elementor-element elementor-element-d93f8e0 e-con-full e-flex wpr-particle-no wpr-jarallax-no wpr-parallax-no wpr-sticky-section-no e-con e-child\" data-id=\"d93f8e0\" data-element_type=\"container\">\n\t\t\t\t<div class=\"elementor-element elementor-element-d558be7 elementor-widget__width-inherit elementor-align-center elementor-widget elementor-widget-button\" data-id=\"d558be7\" data-element_type=\"widget\" data-widget_type=\"button.default\">\n\t\t\t\t<div class=\"elementor-widget-container\">\n\t\t\t\t\t\t\t\t\t<div class=\"elementor-button-wrapper\">\n\t\t\t\t\t<a class=\"elementor-button elementor-button-link elementor-size-sm\" href=\"tel:3477881932\">\n\t\t\t\t\t\t<span class=\"elementor-button-content-wrapper\">\n\t\t\t\t\t\t\t\t\t<span class=\"elementor-button-text\">Tel\u00e9fono 3477881932<\/span>\n\t\t\t\t\t<\/span>\n\t\t\t\t\t<\/a>\n\t\t\t\t<\/div>\n\t\t\t\t\t\t\t\t<\/div>\n\t\t\t\t<\/div>\n\t\t\t\t<\/div>\n\t\t\t\t<\/div>\n\t\t<div class=\"elementor-element elementor-element-f55e3ff e-con-full e-flex wpr-particle-no wpr-jarallax-no wpr-parallax-no wpr-sticky-section-no e-con e-child\" data-id=\"f55e3ff\" data-element_type=\"container\">\n\t\t\t\t<div class=\"elementor-element elementor-element-9a8d557 elementor-widget elementor-widget-image\" data-id=\"9a8d557\" data-element_type=\"widget\" data-widget_type=\"image.default\">\n\t\t\t\t<div class=\"elementor-widget-container\">\n\t\t\t\t\t\t\t\t\t\t\t\t\t\t\t<img decoding=\"async\" width=\"960\" height=\"768\" src=\"https:\/\/sanmiguelelalto.gob.mx\/difsma\/wp-content\/uploads\/2025\/05\/Brown-Simple-Birthday-Photo-Collage-1-1024x819.png\" class=\"attachment-large size-large wp-image-4738\" alt=\"\" srcset=\"https:\/\/sanmiguelelalto.gob.mx\/difsma\/wp-content\/uploads\/2025\/05\/Brown-Simple-Birthday-Photo-Collage-1-1024x819.png 1024w, https:\/\/sanmiguelelalto.gob.mx\/difsma\/wp-content\/uploads\/2025\/05\/Brown-Simple-Birthday-Photo-Collage-1-300x240.png 300w, https:\/\/sanmiguelelalto.gob.mx\/difsma\/wp-content\/uploads\/2025\/05\/Brown-Simple-Birthday-Photo-Collage-1-768x614.png 768w, https:\/\/sanmiguelelalto.gob.mx\/difsma\/wp-content\/uploads\/2025\/05\/Brown-Simple-Birthday-Photo-Collage-1-1536x1229.png 1536w, https:\/\/sanmiguelelalto.gob.mx\/difsma\/wp-content\/uploads\/2025\/05\/Brown-Simple-Birthday-Photo-Collage-1.png 2000w\" sizes=\"(max-width: 960px) 100vw, 960px\" \/>\t\t\t\t\t\t\t\t\t\t\t\t\t\t\t<\/div>\n\t\t\t\t<\/div>\n\t\t\t\t<\/div>\n\t\t\t\t<\/div>\n\t\t\t\t\t<\/div>\n\t\t\t\t<\/div>\n\t\t\t\t<\/div>\n\t\t","protected":false},"excerpt":{"rendered":"<p>SERVICIOS Nuestros servicios principales Unidad B\u00e1sica de Rehabilitaci\u00f3n Contamos con las siguientes terapias: HIDROTERAPIA ELECTROTERAPIA MECANOTERAPIA ESTIMULACI\u00d3N TEMPRANA \u00a0 SE CUENTA CON SERVICIO DE PSICOLOG\u00cdA TODOS LOS MARTES CONSULTA M\u00c9DICA ESPECIALIZADA CON CITA PREVIA Arc\u00e1ngel San Miguel #22 Tel\u00e9fono 3471134338 DIF SAN MIGUEL EL ALTO EL DIF CENTRAL CUENTA CON LOS SIGUIENTES SERVICIOS: &#8211;\u00a0ATENCI\u00d3N PSICOL\u00d3GICA DE NI\u00d1OS(AS) Y ADULTOS &#8211; PL\u00c1TICAS PREMATRIMONIALES &#8211; PL\u00c1TICAS DE AVENIENCIA &#8211; CONSULTAS DE HOMEOPAT\u00cdA &#8211; CONSULTAS DE NUTRICI\u00d3N &#8211; CONSULTAS DE AUDIOLOG\u00cdA &#8211; SUBSIDIOS ECON\u00d3MICOS &#8211; ASESOR\u00cdA JUR\u00cdDICA &#8211; PROCURADUR\u00cdA SOCIAL PARA DARLE UN MEJOR SERVICIO SE ATENDER\u00c1 CON PREVIA CITA Arroyo de minas # 64 Tel\u00e9fono 3477884648 CENTRO DE PROTECCI\u00d3N A LA INFANCIA EL CPI CENTRAL CUENTA CON LOS SIGUIENTES SERVICIOS: \u00a0 ATENCI\u00d3N PSICOL\u00d3GICA A NI\u00d1OS Y NI\u00d1AS CLASES DE REGULARIZACI\u00d3N ASESOR\u00cdA JUR\u00cdDICA PARA DARLE UN MEJOR SERVICIO SE ATENDER\u00c1 CON PREVIA CITA Calz. Guadalupe #107 Tel\u00e9fono 3477881932<\/p>\n","protected":false},"author":2,"featured_media":0,"parent":0,"menu_order":0,"comment_status":"closed","ping_status":"closed","template":"","meta":{"footnotes":""},"class_list":["post-3189","page","type-page","status-publish","hentry"],"_links":{"self":[{"href":"https:\/\/sanmiguelelalto.gob.mx\/difsma\/wp-json\/wp\/v2\/pages\/3189","targetHints":{"allow":["GET"]}}],"collection":[{"href":"https:\/\/sanmiguelelalto.gob.mx\/difsma\/wp-json\/wp\/v2\/pages"}],"about":[{"href":"https:\/\/sanmiguelelalto.gob.mx\/difsma\/wp-json\/wp\/v2\/types\/page"}],"author":[{"embeddable":true,"href":"https:\/\/sanmiguelelalto.gob.mx\/difsma\/wp-json\/wp\/v2\/users\/2"}],"replies":[{"embeddable":true,"href":"https:\/\/sanmiguelelalto.gob.mx\/difsma\/wp-json\/wp\/v2\/comments?post=3189"}],"version-history":[{"count":46,"href":"https:\/\/sanmiguelelalto.gob.mx\/difsma\/wp-json\/wp\/v2\/pages\/3189\/revisions"}],"predecessor-version":[{"id":4750,"href":"https:\/\/sanmiguelelalto.gob.mx\/difsma\/wp-json\/wp\/v2\/pages\/3189\/revisions\/4750"}],"wp:attachment":[{"href":"https:\/\/sanmiguelelalto.gob.mx\/difsma\/wp-json\/wp\/v2\/media?parent=3189"}],"curies":[{"name":"wp","href":"https:\/\/api.w.org\/{rel}","templated":true}]}}