{"id":3892,"date":"2025-04-22T10:54:32","date_gmt":"2025-04-22T16:54:32","guid":{"rendered":"https:\/\/sanmiguelelalto.gob.mx\/difsma\/?page_id=3892"},"modified":"2025-04-22T11:13:41","modified_gmt":"2025-04-22T17:13:41","slug":"ingresos-extraordinarios","status":"publish","type":"page","link":"https:\/\/sanmiguelelalto.gob.mx\/difsma\/ingresos-extraordinarios\/","title":{"rendered":"Ingresos extraordinarios"},"content":{"rendered":"\t\t<div data-elementor-type=\"wp-page\" data-elementor-id=\"3892\" class=\"elementor elementor-3892\">\n\t\t\t\t<div class=\"elementor-element elementor-element-4275c46 e-flex e-con-boxed wpr-particle-no wpr-jarallax-no wpr-parallax-no wpr-sticky-section-no e-con e-parent\" data-id=\"4275c46\" data-element_type=\"container\">\n\t\t\t\t\t<div class=\"e-con-inner\">\n\t\t\t\t<div class=\"elementor-element elementor-element-9e0693b elementor-widget elementor-widget-heading\" data-id=\"9e0693b\" data-element_type=\"widget\" data-widget_type=\"heading.default\">\n\t\t\t\t<div class=\"elementor-widget-container\">\n\t\t\t\t\t<h1 class=\"elementor-heading-title elementor-size-default\">Los ingresos extraordinarios recibidos por cualquier concepto, se\u00f1alando el origen de los recursos, el nombre de los responsables de recibirlos, administrarlos y ejercerlos, as\u00ed como el proyecto o programa donde ser\u00e1n aplicados<\/h1>\t\t\t\t<\/div>\n\t\t\t\t<\/div>\n\t\t\t\t<div class=\"elementor-element elementor-element-1f24fc2 elementor-widget elementor-widget-text-editor\" data-id=\"1f24fc2\" data-element_type=\"widget\" data-widget_type=\"text-editor.default\">\n\t\t\t\t<div class=\"elementor-widget-container\">\n\t\t\t\t\t\t\t\t\t<ul><li><h2><a href=\"https:\/\/sanmiguelelalto.gob.mx\/difsma\/wp-content\/uploads\/2025\/04\/ENERO-A-JUNIO-2021.pdf\" target=\"_blank\" rel=\"noopener\">2021<\/a><\/h2><\/li><li><h2><a href=\"https:\/\/sanmiguelelalto.gob.mx\/difsma\/wp-content\/uploads\/2025\/04\/ENERO-A-DICIEMBRE-2020.pdf\" target=\"_blank\" rel=\"noopener\">2020<\/a><\/h2><\/li><li><h2><a href=\"https:\/\/sanmiguelelalto.gob.mx\/difsma\/wp-content\/uploads\/2025\/04\/ENERO-A-DICIEMBRE-2019.pdf\" target=\"_blank\" rel=\"noopener\">2019<\/a><\/h2><\/li><li><h2><a href=\"https:\/\/sanmiguelelalto.gob.mx\/difsma\/wp-content\/uploads\/2025\/04\/de5f5863_donativos-2018pdf.pdf\" target=\"_blank\" rel=\"noopener\">2018<\/a><\/h2><\/li><li><h2><a href=\"https:\/\/sanmiguelelalto.gob.mx\/difsma\/wp-content\/uploads\/2025\/04\/de5f5863_donativos-2018pdf.pdf\" target=\"_blank\" rel=\"noopener\">2017<\/a><\/h2><\/li><li><h2><a href=\"https:\/\/sanmiguelelalto.gob.mx\/difsma\/wp-content\/uploads\/2025\/04\/6617ad80_relaciondonativos2016pdf.pdf\" target=\"_blank\" rel=\"noopener\">2016<\/a><\/h2><\/li><li><h2><a href=\"https:\/\/sanmiguelelalto.gob.mx\/difsma\/wp-content\/uploads\/2025\/04\/097591e8_relaciondonativos2015pdf.pdf\" target=\"_blank\" rel=\"noopener\">2015<\/a><\/h2><\/li><\/ul>\t\t\t\t\t\t\t\t<\/div>\n\t\t\t\t<\/div>\n\t\t\t\t\t<\/div>\n\t\t\t\t<\/div>\n\t\t<div class=\"elementor-element elementor-element-dbd787b e-flex e-con-boxed wpr-particle-no wpr-jarallax-no wpr-parallax-no wpr-sticky-section-no e-con e-parent\" data-id=\"dbd787b\" data-element_type=\"container\">\n\t\t\t\t\t<div class=\"e-con-inner\">\n\t\t\t\t<div class=\"elementor-element elementor-element-e9715cd elementor-widget elementor-widget-image\" data-id=\"e9715cd\" data-element_type=\"widget\" data-widget_type=\"image.default\">\n\t\t\t\t<div class=\"elementor-widget-container\">\n\t\t\t\t\t\t\t\t\t\t\t\t\t\t\t<img decoding=\"async\" src=\"https:\/\/sanmiguelelalto.gob.mx\/difsma\/wp-content\/uploads\/2025\/04\/097591e8_relaciondonativos2015pdf.pdf\" title=\"\" alt=\"\" loading=\"lazy\" \/>\t\t\t\t\t\t\t\t\t\t\t\t\t\t\t<\/div>\n\t\t\t\t<\/div>\n\t\t\t\t\t<\/div>\n\t\t\t\t<\/div>\n\t\t<div class=\"elementor-element elementor-element-a5557ef e-flex e-con-boxed wpr-particle-no wpr-jarallax-no wpr-parallax-no wpr-sticky-section-no e-con e-parent\" data-id=\"a5557ef\" data-element_type=\"container\">\n\t\t\t\t\t<div class=\"e-con-inner\">\n\t\t\t\t\t<\/div>\n\t\t\t\t<\/div>\n\t\t\t\t<\/div>\n\t\t","protected":false},"excerpt":{"rendered":"<p>Los ingresos extraordinarios recibidos por cualquier concepto, se\u00f1alando el origen de los recursos, el nombre de los responsables de recibirlos, administrarlos y ejercerlos, as\u00ed como el proyecto o programa donde ser\u00e1n aplicados 2021 2020 2019 2018 2017 2016 2015<\/p>\n","protected":false},"author":2,"featured_media":0,"parent":0,"menu_order":0,"comment_status":"closed","ping_status":"closed","template":"","meta":{"footnotes":""},"class_list":["post-3892","page","type-page","status-publish","hentry"],"_links":{"self":[{"href":"https:\/\/sanmiguelelalto.gob.mx\/difsma\/wp-json\/wp\/v2\/pages\/3892","targetHints":{"allow":["GET"]}}],"collection":[{"href":"https:\/\/sanmiguelelalto.gob.mx\/difsma\/wp-json\/wp\/v2\/pages"}],"about":[{"href":"https:\/\/sanmiguelelalto.gob.mx\/difsma\/wp-json\/wp\/v2\/types\/page"}],"author":[{"embeddable":true,"href":"https:\/\/sanmiguelelalto.gob.mx\/difsma\/wp-json\/wp\/v2\/users\/2"}],"replies":[{"embeddable":true,"href":"https:\/\/sanmiguelelalto.gob.mx\/difsma\/wp-json\/wp\/v2\/comments?post=3892"}],"version-history":[{"count":7,"href":"https:\/\/sanmiguelelalto.gob.mx\/difsma\/wp-json\/wp\/v2\/pages\/3892\/revisions"}],"predecessor-version":[{"id":3909,"href":"https:\/\/sanmiguelelalto.gob.mx\/difsma\/wp-json\/wp\/v2\/pages\/3892\/revisions\/3909"}],"wp:attachment":[{"href":"https:\/\/sanmiguelelalto.gob.mx\/difsma\/wp-json\/wp\/v2\/media?parent=3892"}],"curies":[{"name":"wp","href":"https:\/\/api.w.org\/{rel}","templated":true}]}}