{"id":3962,"date":"2025-05-08T09:16:21","date_gmt":"2025-05-08T15:16:21","guid":{"rendered":"https:\/\/sanmiguelelalto.gob.mx\/difsma\/?page_id=3962"},"modified":"2025-05-08T09:43:44","modified_gmt":"2025-05-08T15:43:44","slug":"informacion-focalizada","status":"publish","type":"page","link":"https:\/\/sanmiguelelalto.gob.mx\/difsma\/informacion-focalizada\/","title":{"rendered":"Informaci\u00f3n Focalizada"},"content":{"rendered":"\t\t<div data-elementor-type=\"wp-page\" data-elementor-id=\"3962\" class=\"elementor elementor-3962\">\n\t\t\t\t<div class=\"elementor-element elementor-element-7a766a2 e-flex e-con-boxed wpr-particle-no wpr-jarallax-no wpr-parallax-no wpr-sticky-section-no e-con e-parent\" data-id=\"7a766a2\" data-element_type=\"container\">\n\t\t\t\t\t<div class=\"e-con-inner\">\n\t\t\t\t<div class=\"elementor-element elementor-element-7819dfa e-n-tabs-mobile elementor-widget elementor-widget-n-tabs\" data-id=\"7819dfa\" data-element_type=\"widget\" data-settings=\"{&quot;horizontal_scroll&quot;:&quot;disable&quot;}\" data-widget_type=\"nested-tabs.default\">\n\t\t\t\t<div class=\"elementor-widget-container\">\n\t\t\t\t\t\t\t<div class=\"e-n-tabs\" data-widget-number=\"125935098\" aria-label=\"Pesta\u00f1as. Abre elementos con Intro o Espacio, ci\u00e9rralos con Escape y navega con las fechas.\">\n\t\t\t<div class=\"e-n-tabs-heading\" role=\"tablist\">\n\t\t\t\t\t<button id=\"e-n-tab-title-1259350981\" data-tab-title-id=\"e-n-tab-title-1259350981\" class=\"e-n-tab-title\" aria-selected=\"true\" data-tab-index=\"1\" role=\"tab\" tabindex=\"0\" aria-controls=\"e-n-tab-content-1259350981\" style=\"--n-tabs-title-order: 1;\">\n\t\t\t\t\t\t<span class=\"e-n-tab-title-text\">\n\t\t\t\tInstituci\u00f3n\t\t\t<\/span>\n\t\t<\/button>\n\t\t\t\t<button id=\"e-n-tab-title-1259350982\" data-tab-title-id=\"e-n-tab-title-1259350982\" class=\"e-n-tab-title\" aria-selected=\"false\" data-tab-index=\"2\" role=\"tab\" tabindex=\"-1\" aria-controls=\"e-n-tab-content-1259350982\" style=\"--n-tabs-title-order: 2;\">\n\t\t\t\t\t\t<span class=\"e-n-tab-title-text\">\n\t\t\t\tFuncionarios\t\t\t<\/span>\n\t\t<\/button>\n\t\t\t\t<button id=\"e-n-tab-title-1259350983\" data-tab-title-id=\"e-n-tab-title-1259350983\" class=\"e-n-tab-title\" aria-selected=\"false\" data-tab-index=\"3\" role=\"tab\" tabindex=\"-1\" aria-controls=\"e-n-tab-content-1259350983\" style=\"--n-tabs-title-order: 3;\">\n\t\t\t\t\t\t<span class=\"e-n-tab-title-text\">\n\t\t\t\tRelaci\u00f3n con la sociedad\t\t\t<\/span>\n\t\t<\/button>\n\t\t\t\t\t<\/div>\n\t\t\t<div class=\"e-n-tabs-content\">\n\t\t\t\t<div id=\"e-n-tab-content-1259350981\" role=\"tabpanel\" aria-labelledby=\"e-n-tab-title-1259350981\" data-tab-index=\"1\" style=\"--n-tabs-title-order: 1;\" class=\"e-active elementor-element elementor-element-32c5072 e-con-full e-flex wpr-particle-no wpr-jarallax-no wpr-parallax-no wpr-sticky-section-no e-con e-child\" data-id=\"32c5072\" data-element_type=\"container\">\n\t\t\t\t<div class=\"elementor-element elementor-element-f56a635 elementor-widget elementor-widget-text-editor\" data-id=\"f56a635\" data-element_type=\"widget\" data-widget_type=\"text-editor.default\">\n\t\t\t\t<div class=\"elementor-widget-container\">\n\t\t\t\t\t\t\t\t\t<ul><li><a href=\"https:\/\/sanmiguelelalto.gob.mx\/difsma\/informes-anuales\/\" target=\"_blank\" rel=\"noopener\"><span style=\"font-size: 14px;\">Informes Anuales<\/span><\/a><\/li><li><h2><a href=\"https:\/\/sanmiguelelalto.gob.mx\/difsma\/inventario-de-inmuebles\/\" target=\"_blank\" rel=\"noopener\"><span style=\"font-size: 14px; color: inherit; font-family: inherit; background-color: transparent;\">Inventario de Inmuebles<\/span><\/a><\/h2><\/li><li><h2><a href=\"https:\/\/sanmiguelelalto.gob.mx\/difsma\/inventario-de-bienes-muebles\/\" target=\"_blank\" rel=\"noopener\"><span style=\"font-size: 14px;\">Inventario de Muebles<\/span><\/a><\/h2><\/li><li><h2><a href=\"https:\/\/sanmiguelelalto.gob.mx\/difsma\/files\/5E\/Organigrama%202022.pdf\" target=\"_blank\" rel=\"noopener\"><span style=\"font-size: 14px;\">Estructura Org\u00e1nica<\/span><\/a><\/h2><\/li><\/ul>\t\t\t\t\t\t\t\t<\/div>\n\t\t\t\t<\/div>\n\t\t\t\t<\/div>\n\t\t<div id=\"e-n-tab-content-1259350982\" role=\"tabpanel\" aria-labelledby=\"e-n-tab-title-1259350982\" data-tab-index=\"2\" style=\"--n-tabs-title-order: 2;\" class=\" elementor-element elementor-element-5ae4b82 e-con-full e-flex wpr-particle-no wpr-jarallax-no wpr-parallax-no wpr-sticky-section-no e-con e-child\" data-id=\"5ae4b82\" data-element_type=\"container\">\n\t\t\t\t<div class=\"elementor-element elementor-element-42928a1 elementor-widget elementor-widget-text-editor\" data-id=\"42928a1\" data-element_type=\"widget\" data-widget_type=\"text-editor.default\">\n\t\t\t\t<div class=\"elementor-widget-container\">\n\t\t\t\t\t\t\t\t\t<ul><li>Agenda de Actividades<\/li><li><a href=\"https:\/\/sanmiguelelalto.gob.mx\/servicios\/bloque\/?name=nomina_fuente\" target=\"_blank\" rel=\"noopener\">Sueldos y prestaciones<\/a><\/li><li><a href=\"https:\/\/sanmiguelelalto.gob.mx\/servicios1\/bloque_con\/?name=declaraciones\" target=\"_blank\" rel=\"noopener\">Declaraciones patrimoniales<\/a><\/li><\/ul>\t\t\t\t\t\t\t\t<\/div>\n\t\t\t\t<\/div>\n\t\t\t\t<\/div>\n\t\t<div id=\"e-n-tab-content-1259350983\" role=\"tabpanel\" aria-labelledby=\"e-n-tab-title-1259350983\" data-tab-index=\"3\" style=\"--n-tabs-title-order: 3;\" class=\" elementor-element elementor-element-e93c1f0 e-con-full e-flex wpr-particle-no wpr-jarallax-no wpr-parallax-no wpr-sticky-section-no e-con e-child\" data-id=\"e93c1f0\" data-element_type=\"container\">\n\t\t\t\t<div class=\"elementor-element elementor-element-390880e elementor-widget elementor-widget-text-editor\" data-id=\"390880e\" data-element_type=\"widget\" data-widget_type=\"text-editor.default\">\n\t\t\t\t<div class=\"elementor-widget-container\">\n\t\t\t\t\t\t\t\t\t<ul>\n<li><a href=\"https:\/\/sanmiguelelalto.gob.mx\/difsma\/directorio-dif-municipal\/\" target=\"_blank\" rel=\"noopener\">Contacto<\/a><\/li>\n<li><a href=\"https:\/\/sanmiguelelalto.gob.mx\/difsma\/programas-estatales-dif\/\" target=\"_blank\" rel=\"noopener\">Programas Sociales<\/a><\/li>\n<\/ul>\t\t\t\t\t\t\t\t<\/div>\n\t\t\t\t<\/div>\n\t\t\t\t<\/div>\n\t\t\t\t\t<\/div>\n\t\t<\/div>\n\t\t\t\t\t\t<\/div>\n\t\t\t\t<\/div>\n\t\t\t\t\t<\/div>\n\t\t\t\t<\/div>\n\t\t\t\t<\/div>\n\t\t","protected":false},"excerpt":{"rendered":"<p>Instituci\u00f3n Funcionarios Relaci\u00f3n con la sociedad Informes Anuales Inventario de Inmuebles Inventario de Muebles Estructura Org\u00e1nica Agenda de Actividades Sueldos y prestaciones Declaraciones patrimoniales Contacto Programas Sociales Informes Anuales Inventario de Inmuebles Inventario de Muebles Estructura Org\u00e1nica Agenda de Actividades Sueldos y prestaciones Declaraciones patrimoniales Contacto Programas Sociales<\/p>\n","protected":false},"author":2,"featured_media":0,"parent":0,"menu_order":0,"comment_status":"closed","ping_status":"closed","template":"","meta":{"footnotes":""},"class_list":["post-3962","page","type-page","status-publish","hentry"],"_links":{"self":[{"href":"https:\/\/sanmiguelelalto.gob.mx\/difsma\/wp-json\/wp\/v2\/pages\/3962","targetHints":{"allow":["GET"]}}],"collection":[{"href":"https:\/\/sanmiguelelalto.gob.mx\/difsma\/wp-json\/wp\/v2\/pages"}],"about":[{"href":"https:\/\/sanmiguelelalto.gob.mx\/difsma\/wp-json\/wp\/v2\/types\/page"}],"author":[{"embeddable":true,"href":"https:\/\/sanmiguelelalto.gob.mx\/difsma\/wp-json\/wp\/v2\/users\/2"}],"replies":[{"embeddable":true,"href":"https:\/\/sanmiguelelalto.gob.mx\/difsma\/wp-json\/wp\/v2\/comments?post=3962"}],"version-history":[{"count":7,"href":"https:\/\/sanmiguelelalto.gob.mx\/difsma\/wp-json\/wp\/v2\/pages\/3962\/revisions"}],"predecessor-version":[{"id":3971,"href":"https:\/\/sanmiguelelalto.gob.mx\/difsma\/wp-json\/wp\/v2\/pages\/3962\/revisions\/3971"}],"wp:attachment":[{"href":"https:\/\/sanmiguelelalto.gob.mx\/difsma\/wp-json\/wp\/v2\/media?parent=3962"}],"curies":[{"name":"wp","href":"https:\/\/api.w.org\/{rel}","templated":true}]}}